{"id":15449,"date":"2025-06-03T15:24:26","date_gmt":"2025-06-03T08:24:26","guid":{"rendered":"https:\/\/www.henryledesign.com\/vi\/?post_type=product&#038;p=15449"},"modified":"2025-06-03T16:40:44","modified_gmt":"2025-06-03T09:40:44","slug":"tao-trang-tri-resin-cuc-quang-xanh","status":"publish","type":"product","link":"https:\/\/www.henryledesign.com\/vi\/sp\/tao-trang-tri-resin-cuc-quang-xanh\/","title":{"rendered":"T\u00e1o Trang Tr\u00ed Resin Cao C\u1ea5p"},"content":{"rendered":"<h2>\u0110\u1eb7c \u0110i\u1ec3m C\u1ee7a T\u00e1o Trang Tr\u00ed Resin Cao C\u1ea5p<\/h2>\n<h3>C\u1ef1c Quang Xanh<\/h3>\n<p>L\u1ea5y c\u1ea3m h\u1ee9ng t\u1eeb nh\u1eefng d\u1ea3i c\u1ef1c quang huy\u1ec1n \u1ea3o v\u00f9ng B\u1eafc C\u1ef1c, phi\u00ean b\u1ea3n n\u00e0y s\u1edf h\u1eefu m\u00e0u xanh ng\u1ecdc s\u00e2u th\u1eb3m, \u00e1nh s\u00e1ng ph\u00e1t ra t\u1eeb b\u00ean trong nh\u01b0 m\u1ed9t \u0111i\u1ec7u nh\u1ea3y \u00e1nh s\u00e1ng trong \u0111\u00eam. M\u1ed9t l\u1ef1a ch\u1ecdn ho\u00e0n h\u1ea3o cho nh\u1eefng t\u00e2m h\u1ed3n y\u00eau thi\u00ean nhi\u00ean v\u00e0 s\u1ef1 k\u1ef3 di\u1ec7u c\u1ee7a v\u0169 tr\u1ee5.<\/p>\n<h3>T\u00e0u V\u0169 Tr\u1ee5 Xanh<\/h3>\n<p>L\u1ea5y c\u1ea3m h\u1ee9ng t\u1eeb nh\u1eefng h\u00e0nh tr\u00ecnh v\u01b0\u1ee3t th\u1eddi gian v\u00e0 kh\u00f4ng gian, T\u00e1o Resin T\u00e0u V\u0169 Tr\u1ee5 l\u00e0 s\u1ef1 k\u1ebft h\u1ee3p ho\u00e0n h\u1ea3o gi\u1eefa k\u1ef9 thu\u1eadt th\u1ee7 c\u00f4ng tinh x\u1ea3o v\u00e0 tr\u00ed t\u01b0\u1edfng t\u01b0\u1ee3ng kh\u00f4ng gi\u1edbi h\u1ea1n. B\u00ean trong l\u1edbp Resin trong su\u1ed1t nh\u01b0 pha l\u00ea, m\u1ed9t m\u00f4 h\u00ecnh t\u00e0u v\u0169 tr\u1ee5 nh\u1ecf b\u00e9 d\u01b0\u1eddng nh\u01b0 \u0111ang l\u01b0\u1edbt qua nh\u1eefng d\u00f2ng xo\u00e1y v\u0169 tr\u1ee5, n\u01a1i \u00e1nh s\u00e1ng v\u00e0 m\u00e0u s\u1eafc h\u00f2a quy\u1ec7n th\u00e0nh nh\u1eefng c\u01a1n s\u00f3ng ng\u00e2n h\u00e0 huy\u1ec1n \u1ea3o.<\/p>\n<h3>T\u00e0u V\u0169 Tr\u1ee5 Cam<\/h3>\n<p>C\u00e1 t\u00ednh, n\u0103ng l\u01b0\u1ee3ng v\u00e0 t\u00e1o b\u1ea1o \u2013 \u0111\u00e2y l\u00e0 l\u1ef1a ch\u1ecdn d\u00e0nh cho nh\u1eefng ai y\u00eau th\u00edch s\u1ef1 n\u1ed5i b\u1eadt. M\u00e0u cam r\u1ef1c r\u1ee1 nh\u01b0 \u00e1nh s\u00e1ng t\u1eeb \u0111\u1ed9ng c\u01a1 t\u00ean l\u1eeda xuy\u00ean qua b\u1ea7u kh\u00ed quy\u1ec3n, k\u1ebft h\u1ee3p c\u00f9ng c\u00e1c chi ti\u1ebft \u00e1nh kim t\u1ea1o hi\u1ec7u \u1ee9ng th\u1ecb gi\u00e1c m\u1ea1nh m\u1ebd.<\/p>\n<h3>Hoa C\u00fac<\/h3>\n<p>Trong m\u1ed7i qu\u1ea3 t\u00e1o l\u00e0 m\u1ed9t b\u00f4ng hoa c\u00fac th\u1eadt, \u0111\u01b0\u1ee3c bao b\u1ecdc b\u00ean trong l\u1edbp Resin trong su\u1ed1t, nh\u01b0 th\u1ec3 th\u1eddi gian \u0111\u00e3 ng\u1eebng tr\u00f4i \u0111\u1ec3 l\u01b0u gi\u1eef kho\u1ea3nh kh\u1eafc r\u1ef1c r\u1ee1 nh\u1ea5t c\u1ee7a thi\u00ean nhi\u00ean. Hoa c\u00fac l\u00e0 bi\u1ec3u t\u01b0\u1ee3ng c\u1ee7a s\u1ef1 thu\u1ea7n khi\u1ebft, b\u1ec1n b\u1ec9 v\u00e0 t\u00e1i sinh, n\u1ed5i b\u1eadt gi\u1eefa nh\u1eefng d\u00f2ng xo\u00e1y m\u00e0u s\u1eafc d\u1ecbu nh\u1eb9, t\u1ea1o n\u00ean m\u1ed9t hi\u1ec7u \u1ee9ng th\u1ecb gi\u00e1c v\u1eeba tinh t\u1ebf v\u1eeba \u0111\u1ea7y chi\u1ec1u s\u00e2u.<\/p>\n<h3>Galaxy<\/h3>\n<p>L\u1ea5p l\u00e1nh v\u00e0 s\u00e2u th\u1eb3m nh\u01b0 b\u1ea7u tr\u1eddi \u0111\u00eam \u0111\u1ea7y sao, T\u00e1o Resin Galaxy l\u00e0 m\u1ed9t tuy\u1ec7t t\u00e1c thu nh\u1ecf c\u1ee7a v\u0169 tr\u1ee5, n\u01a1i \u00e1nh s\u00e1ng, m\u00e0u s\u1eafc v\u00e0 chi\u1ec1u s\u00e2u giao thoa trong m\u1ed9t kho\u1ea3nh kh\u1eafc v\u0129nh h\u1eb1ng. Nh\u1eefng xo\u00e1y m\u00e0u t\u00edm, xanh th\u1eabm lung linh h\u00f2a quy\u1ec7n b\u00ean trong l\u1edbp Resin trong su\u1ed1t, t\u1ea1o c\u1ea3m gi\u00e1c nh\u01b0 \u0111ang nh\u00ecn v\u00e0o m\u1ed9t d\u1ea3i ng\u00e2n h\u00e0 \u0111ang chuy\u1ec3n \u0111\u1ed9ng.<\/p>\n<h2>T\u00f9y ch\u1ecdn n\u00fam t\u00e1o v\u1edbi c\u00e1c th\u00f4ng \u0111i\u1ec7p kh\u00e1c nhau<\/h2>\n<ul>\n<li>N\u00fam t\u00e1o tr\u1eafng t\u1ed1i gi\u1ea3n: Tinh t\u1ebf v\u00e0 thanh l\u1ecbch, c\u00f3 th\u1ec3 c\u00e1 nh\u00e2n h\u00f3a b\u1eb1ng h\u00ecnh v\u1ebd tay theo y\u00eau c\u1ea7u<\/li>\n<li>\ufe0f\u200d N\u00fam t\u00e1o LGBT+: Mang m\u00e0u c\u1edd T\u1ef1 h\u00e0o, t\u00f4n vinh s\u1ef1 \u0111a d\u1ea1ng v\u00e0 quy\u1ec1n t\u1ef1 do th\u1ec3 hi\u1ec7n<\/li>\n<li>N\u00fam t\u00e1o thu\u1ea7n chay: V\u1ebd tay v\u1edbi d\u00f2ng ch\u1eef VEGAN SOCIETY, bi\u1ec3u tr\u01b0ng cho l\u1ed1i s\u1ed1ng b\u1ec1n v\u1eefng v\u00e0 nh\u00e2n \u0111\u1ea1o<\/li>\n<\/ul>\n<p><a href=\"https:\/\/www.henryledesign.com\/vi\/wp-content\/uploads\/tao-cuc-quang-xanh-3.jpg\"><img loading=\"lazy\" decoding=\"async\" class=\"aligncenter wp-image-15452 size-full\" src=\"https:\/\/www.henryledesign.com\/vi\/wp-content\/uploads\/tao-cuc-quang-xanh-3.jpg\" alt=\"\" width=\"1100\" height=\"1100\" srcset=\"https:\/\/www.henryledesign.com\/vi\/wp-content\/uploads\/\/tao-cuc-quang-xanh-3.jpg 1100w, https:\/\/www.henryledesign.com\/vi\/wp-content\/uploads\/\/tao-cuc-quang-xanh-3-300x300.jpg 300w, https:\/\/www.henryledesign.com\/vi\/wp-content\/uploads\/\/tao-cuc-quang-xanh-3-1024x1024.jpg 1024w, https:\/\/www.henryledesign.com\/vi\/wp-content\/uploads\/\/tao-cuc-quang-xanh-3-150x150.jpg 150w, https:\/\/www.henryledesign.com\/vi\/wp-content\/uploads\/\/tao-cuc-quang-xanh-3-768x768.jpg 768w, https:\/\/www.henryledesign.com\/vi\/wp-content\/uploads\/\/tao-cuc-quang-xanh-3-750x750.jpg 750w, https:\/\/www.henryledesign.com\/vi\/wp-content\/uploads\/\/tao-cuc-quang-xanh-3-100x100.jpg 100w\" sizes=\"auto, (max-width: 1100px) 100vw, 1100px\" \/><\/a><a href=\"https:\/\/www.henryledesign.com\/vi\/wp-content\/uploads\/tao-galaxy-7.jpg\"><img loading=\"lazy\" decoding=\"async\" class=\"aligncenter wp-image-15457 size-full\" src=\"https:\/\/www.henryledesign.com\/vi\/wp-content\/uploads\/tao-galaxy-7.jpg\" alt=\"T\u00e1o Resin Galaxy\" width=\"1100\" height=\"1100\" srcset=\"https:\/\/www.henryledesign.com\/vi\/wp-content\/uploads\/\/tao-galaxy-7.jpg 1100w, https:\/\/www.henryledesign.com\/vi\/wp-content\/uploads\/\/tao-galaxy-7-300x300.jpg 300w, https:\/\/www.henryledesign.com\/vi\/wp-content\/uploads\/\/tao-galaxy-7-1024x1024.jpg 1024w, https:\/\/www.henryledesign.com\/vi\/wp-content\/uploads\/\/tao-galaxy-7-150x150.jpg 150w, https:\/\/www.henryledesign.com\/vi\/wp-content\/uploads\/\/tao-galaxy-7-768x768.jpg 768w, https:\/\/www.henryledesign.com\/vi\/wp-content\/uploads\/\/tao-galaxy-7-750x750.jpg 750w, https:\/\/www.henryledesign.com\/vi\/wp-content\/uploads\/\/tao-galaxy-7-100x100.jpg 100w\" sizes=\"auto, (max-width: 1100px) 100vw, 1100px\" \/><\/a><a href=\"https:\/\/www.henryledesign.com\/vi\/wp-content\/uploads\/tao-galaxy-6.jpg\"><img loading=\"lazy\" decoding=\"async\" class=\"aligncenter wp-image-15458 size-full\" src=\"https:\/\/www.henryledesign.com\/vi\/wp-content\/uploads\/tao-galaxy-6.jpg\" alt=\"T\u00e1o Resin Galaxy\" width=\"1100\" height=\"1100\" srcset=\"https:\/\/www.henryledesign.com\/vi\/wp-content\/uploads\/\/tao-galaxy-6.jpg 1100w, https:\/\/www.henryledesign.com\/vi\/wp-content\/uploads\/\/tao-galaxy-6-300x300.jpg 300w, https:\/\/www.henryledesign.com\/vi\/wp-content\/uploads\/\/tao-galaxy-6-1024x1024.jpg 1024w, https:\/\/www.henryledesign.com\/vi\/wp-content\/uploads\/\/tao-galaxy-6-150x150.jpg 150w, https:\/\/www.henryledesign.com\/vi\/wp-content\/uploads\/\/tao-galaxy-6-768x768.jpg 768w, https:\/\/www.henryledesign.com\/vi\/wp-content\/uploads\/\/tao-galaxy-6-750x750.jpg 750w, https:\/\/www.henryledesign.com\/vi\/wp-content\/uploads\/\/tao-galaxy-6-100x100.jpg 100w\" sizes=\"auto, (max-width: 1100px) 100vw, 1100px\" \/><\/a><a href=\"https:\/\/www.henryledesign.com\/vi\/wp-content\/uploads\/tao-hoa-cuc-4.jpg\"><img loading=\"lazy\" decoding=\"async\" class=\"aligncenter wp-image-15459 size-full\" src=\"https:\/\/www.henryledesign.com\/vi\/wp-content\/uploads\/tao-hoa-cuc-4.jpg\" alt=\"T\u00e1o Resin hoa c\u00fac\" width=\"1140\" height=\"1140\" srcset=\"https:\/\/www.henryledesign.com\/vi\/wp-content\/uploads\/\/tao-hoa-cuc-4.jpg 1140w, https:\/\/www.henryledesign.com\/vi\/wp-content\/uploads\/\/tao-hoa-cuc-4-300x300.jpg 300w, https:\/\/www.henryledesign.com\/vi\/wp-content\/uploads\/\/tao-hoa-cuc-4-1024x1024.jpg 1024w, https:\/\/www.henryledesign.com\/vi\/wp-content\/uploads\/\/tao-hoa-cuc-4-150x150.jpg 150w, https:\/\/www.henryledesign.com\/vi\/wp-content\/uploads\/\/tao-hoa-cuc-4-768x768.jpg 768w, https:\/\/www.henryledesign.com\/vi\/wp-content\/uploads\/\/tao-hoa-cuc-4-750x750.jpg 750w, https:\/\/www.henryledesign.com\/vi\/wp-content\/uploads\/\/tao-hoa-cuc-4-100x100.jpg 100w\" sizes=\"auto, (max-width: 1140px) 100vw, 1140px\" \/><\/a><\/p>\n<p><a href=\"https:\/\/www.henryledesign.com\/vi\/wp-content\/uploads\/tao-tau-vu-tru-xanh-3.jpg\"><img loading=\"lazy\" decoding=\"async\" class=\"aligncenter wp-image-15460 size-full\" src=\"https:\/\/www.henryledesign.com\/vi\/wp-content\/uploads\/tao-tau-vu-tru-xanh-3.jpg\" alt=\"T\u00e1o Resin t\u00e0u v\u0169 tr\u1ee5 xanh\" width=\"1100\" height=\"1100\" srcset=\"https:\/\/www.henryledesign.com\/vi\/wp-content\/uploads\/\/tao-tau-vu-tru-xanh-3.jpg 1100w, https:\/\/www.henryledesign.com\/vi\/wp-content\/uploads\/\/tao-tau-vu-tru-xanh-3-300x300.jpg 300w, https:\/\/www.henryledesign.com\/vi\/wp-content\/uploads\/\/tao-tau-vu-tru-xanh-3-1024x1024.jpg 1024w, https:\/\/www.henryledesign.com\/vi\/wp-content\/uploads\/\/tao-tau-vu-tru-xanh-3-150x150.jpg 150w, https:\/\/www.henryledesign.com\/vi\/wp-content\/uploads\/\/tao-tau-vu-tru-xanh-3-768x768.jpg 768w, https:\/\/www.henryledesign.com\/vi\/wp-content\/uploads\/\/tao-tau-vu-tru-xanh-3-750x750.jpg 750w, https:\/\/www.henryledesign.com\/vi\/wp-content\/uploads\/\/tao-tau-vu-tru-xanh-3-100x100.jpg 100w\" sizes=\"auto, (max-width: 1100px) 100vw, 1100px\" \/><\/a> <a href=\"https:\/\/www.henryledesign.com\/vi\/wp-content\/uploads\/tao-tau-vu-tru-cam-2.jpg\"><img loading=\"lazy\" decoding=\"async\" class=\"aligncenter wp-image-15461 size-full\" src=\"https:\/\/www.henryledesign.com\/vi\/wp-content\/uploads\/tao-tau-vu-tru-cam-2.jpg\" alt=\"T\u00e1o Resin t\u00e0u v\u0169 tr\u1ee5 cam\" width=\"1100\" height=\"1100\" srcset=\"https:\/\/www.henryledesign.com\/vi\/wp-content\/uploads\/\/tao-tau-vu-tru-cam-2.jpg 1100w, https:\/\/www.henryledesign.com\/vi\/wp-content\/uploads\/\/tao-tau-vu-tru-cam-2-300x300.jpg 300w, https:\/\/www.henryledesign.com\/vi\/wp-content\/uploads\/\/tao-tau-vu-tru-cam-2-1024x1024.jpg 1024w, https:\/\/www.henryledesign.com\/vi\/wp-content\/uploads\/\/tao-tau-vu-tru-cam-2-150x150.jpg 150w, https:\/\/www.henryledesign.com\/vi\/wp-content\/uploads\/\/tao-tau-vu-tru-cam-2-768x768.jpg 768w, https:\/\/www.henryledesign.com\/vi\/wp-content\/uploads\/\/tao-tau-vu-tru-cam-2-750x750.jpg 750w, https:\/\/www.henryledesign.com\/vi\/wp-content\/uploads\/\/tao-tau-vu-tru-cam-2-100x100.jpg 100w\" sizes=\"auto, (max-width: 1100px) 100vw, 1100px\" \/><\/a> <a href=\"https:\/\/www.henryledesign.com\/vi\/wp-content\/uploads\/tao-tau-vu-tru-cam.jpg\"><img loading=\"lazy\" decoding=\"async\" class=\"aligncenter wp-image-15462 size-full\" src=\"https:\/\/www.henryledesign.com\/vi\/wp-content\/uploads\/tao-tau-vu-tru-cam.jpg\" alt=\"T\u00e1o Resin t\u00e0u v\u0169 tr\u1ee5 cam\" width=\"1100\" height=\"1100\" srcset=\"https:\/\/www.henryledesign.com\/vi\/wp-content\/uploads\/\/tao-tau-vu-tru-cam.jpg 1100w, https:\/\/www.henryledesign.com\/vi\/wp-content\/uploads\/\/tao-tau-vu-tru-cam-300x300.jpg 300w, https:\/\/www.henryledesign.com\/vi\/wp-content\/uploads\/\/tao-tau-vu-tru-cam-1024x1024.jpg 1024w, https:\/\/www.henryledesign.com\/vi\/wp-content\/uploads\/\/tao-tau-vu-tru-cam-150x150.jpg 150w, https:\/\/www.henryledesign.com\/vi\/wp-content\/uploads\/\/tao-tau-vu-tru-cam-768x768.jpg 768w, https:\/\/www.henryledesign.com\/vi\/wp-content\/uploads\/\/tao-tau-vu-tru-cam-750x750.jpg 750w, https:\/\/www.henryledesign.com\/vi\/wp-content\/uploads\/\/tao-tau-vu-tru-cam-100x100.jpg 100w\" sizes=\"auto, (max-width: 1100px) 100vw, 1100px\" \/><\/a><\/p>\n","protected":false},"excerpt":{"rendered":"<p><strong>K\u00edch Th\u01b0\u1edbc<\/strong>: \u0110\u01b0\u1eddng k\u00ednh 5.5cm &#8211; Chi\u1ec1u cao 6.5cm<br \/>\n<strong>Tr\u1ecdng L\u01b0\u1ee3ng:<\/strong> 100g<br \/>\n<strong>Ch\u1ea5t li\u1ec7u: <\/strong>Resin trong su\u1ed1t k\u1ebft h\u1ee3p v\u1edbi g\u1ed7<strong><br \/>\nT\u00e1c ph\u1ea9m \u0111\u1ed9c nh\u1ea5t: <\/strong>Kh\u00f4ng c\u00f3 s\u1ea3n ph\u1ea9m th\u1ee9 hai gi\u1ed1ng 100%<br \/>\n<strong>\u0110\u01b0\u1ee3c thi\u1ebft k\u1ebf b\u1edfi<\/strong>: Ngh\u1ec7 S\u0129 L\u00ea Xu\u00e2n H\u01b0\u1edfng<\/p>\n","protected":false},"featured_media":15457,"comment_status":"closed","ping_status":"closed","template":"","meta":[],"product_cat":[141,146],"product_tag":[],"class_list":["post-15449","product","type-product","status-publish","has-post-thumbnail","hentry","product_cat-qua-tang-decor","product_cat-hoa-qua-trang-tri"],"yoast_head":"<!-- This site is optimized with the Yoast SEO plugin v19.8 - https:\/\/yoast.com\/wordpress\/plugins\/seo\/ -->\n<title>T\u00e1o Trang Tr\u00ed Resin Cao C\u1ea5p - Henry Le Design<\/title>\n<meta name=\"robots\" content=\"index, follow, max-snippet:-1, max-image-preview:large, max-video-preview:-1\" \/>\n<link rel=\"canonical\" href=\"https:\/\/www.henryledesign.com\/vi\/sp\/tao-trang-tri-resin-cuc-quang-xanh\/\" \/>\n<meta property=\"og:locale\" content=\"vi_VN\" \/>\n<meta property=\"og:type\" content=\"article\" \/>\n<meta property=\"og:title\" content=\"T\u00e1o Trang Tr\u00ed Resin Cao C\u1ea5p - Henry Le Design\" \/>\n<meta property=\"og:description\" content=\"K\u00edch Th\u01b0\u1edbc: \u0110\u01b0\u1eddng k\u00ednh 5.5cm - Chi\u1ec1u cao 6.5cm Tr\u1ecdng L\u01b0\u1ee3ng: 100g Ch\u1ea5t li\u1ec7u: Resin trong su\u1ed1t k\u1ebft h\u1ee3p v\u1edbi g\u1ed7 T\u00e1c ph\u1ea9m \u0111\u1ed9c nh\u1ea5t: Kh\u00f4ng c\u00f3 s\u1ea3n ph\u1ea9m th\u1ee9 hai gi\u1ed1ng 100% \u0110\u01b0\u1ee3c thi\u1ebft k\u1ebf b\u1edfi: Ngh\u1ec7 S\u0129 L\u00ea Xu\u00e2n H\u01b0\u1edfng\" \/>\n<meta property=\"og:url\" content=\"https:\/\/www.henryledesign.com\/vi\/sp\/tao-trang-tri-resin-cuc-quang-xanh\/\" \/>\n<meta property=\"og:site_name\" content=\"Henry Le Design\" \/>\n<meta property=\"article:modified_time\" content=\"2025-06-03T09:40:44+00:00\" \/>\n<meta property=\"og:image\" content=\"https:\/\/www.henryledesign.com\/vi\/wp-content\/uploads\/tao-galaxy-7.jpg\" \/>\n\t<meta property=\"og:image:width\" content=\"1100\" \/>\n\t<meta property=\"og:image:height\" content=\"1100\" \/>\n\t<meta property=\"og:image:type\" content=\"image\/jpeg\" \/>\n<meta name=\"twitter:card\" content=\"summary_large_image\" \/>\n<meta name=\"twitter:label1\" content=\"\u01af\u1edbc t\u00ednh th\u1eddi gian \u0111\u1ecdc\" \/>\n\t<meta name=\"twitter:data1\" content=\"3 ph\u00fat\" \/>\n<script type=\"application\/ld+json\" class=\"yoast-schema-graph\">{\"@context\":\"https:\/\/schema.org\",\"@graph\":[{\"@type\":\"WebPage\",\"@id\":\"https:\/\/www.henryledesign.com\/vi\/sp\/tao-trang-tri-resin-cuc-quang-xanh\/\",\"url\":\"https:\/\/www.henryledesign.com\/vi\/sp\/tao-trang-tri-resin-cuc-quang-xanh\/\",\"name\":\"T\u00e1o Trang Tr\u00ed Resin Cao C\u1ea5p - Henry Le Design\",\"isPartOf\":{\"@id\":\"https:\/\/www.henryledesign.com\/vi\/#website\"},\"datePublished\":\"2025-06-03T08:24:26+00:00\",\"dateModified\":\"2025-06-03T09:40:44+00:00\",\"breadcrumb\":{\"@id\":\"https:\/\/www.henryledesign.com\/vi\/sp\/tao-trang-tri-resin-cuc-quang-xanh\/#breadcrumb\"},\"inLanguage\":\"vi\",\"potentialAction\":[{\"@type\":\"ReadAction\",\"target\":[\"https:\/\/www.henryledesign.com\/vi\/sp\/tao-trang-tri-resin-cuc-quang-xanh\/\"]}]},{\"@type\":\"BreadcrumbList\",\"@id\":\"https:\/\/www.henryledesign.com\/vi\/sp\/tao-trang-tri-resin-cuc-quang-xanh\/#breadcrumb\",\"itemListElement\":[{\"@type\":\"ListItem\",\"position\":1,\"name\":\"Home\",\"item\":\"https:\/\/www.henryledesign.com\/vi\/\"},{\"@type\":\"ListItem\",\"position\":2,\"name\":\"S\u1ea3n ph\u1ea9m\",\"item\":\"https:\/\/www.henryledesign.com\/vi\/shop\/\"},{\"@type\":\"ListItem\",\"position\":3,\"name\":\"T\u00e1o Trang Tr\u00ed Resin Cao C\u1ea5p\"}]},{\"@type\":\"WebSite\",\"@id\":\"https:\/\/www.henryledesign.com\/vi\/#website\",\"url\":\"https:\/\/www.henryledesign.com\/vi\/\",\"name\":\"Henry Le Design\",\"description\":\"N\u1ed9i Th\u1ea5t Decor S\u00e1ng T\u1ea1o - Qu\u00e0 T\u1eb7ng Doanh Nghi\u1ec7p Doanh Nh\u00e2n \u0110\u1ed9c \u0110\u00e1o\",\"potentialAction\":[{\"@type\":\"SearchAction\",\"target\":{\"@type\":\"EntryPoint\",\"urlTemplate\":\"https:\/\/www.henryledesign.com\/vi\/?s={search_term_string}\"},\"query-input\":\"required name=search_term_string\"}],\"inLanguage\":\"vi\"}]}<\/script>\n<!-- \/ Yoast SEO plugin. -->","yoast_head_json":{"title":"T\u00e1o Trang Tr\u00ed Resin Cao C\u1ea5p - Henry Le Design","robots":{"index":"index","follow":"follow","max-snippet":"max-snippet:-1","max-image-preview":"max-image-preview:large","max-video-preview":"max-video-preview:-1"},"canonical":"https:\/\/www.henryledesign.com\/vi\/sp\/tao-trang-tri-resin-cuc-quang-xanh\/","og_locale":"vi_VN","og_type":"article","og_title":"T\u00e1o Trang Tr\u00ed Resin Cao C\u1ea5p - Henry Le Design","og_description":"K\u00edch Th\u01b0\u1edbc: \u0110\u01b0\u1eddng k\u00ednh 5.5cm - Chi\u1ec1u cao 6.5cm Tr\u1ecdng L\u01b0\u1ee3ng: 100g Ch\u1ea5t li\u1ec7u: Resin trong su\u1ed1t k\u1ebft h\u1ee3p v\u1edbi g\u1ed7 T\u00e1c ph\u1ea9m \u0111\u1ed9c nh\u1ea5t: Kh\u00f4ng c\u00f3 s\u1ea3n ph\u1ea9m th\u1ee9 hai gi\u1ed1ng 100% \u0110\u01b0\u1ee3c thi\u1ebft k\u1ebf b\u1edfi: Ngh\u1ec7 S\u0129 L\u00ea Xu\u00e2n H\u01b0\u1edfng","og_url":"https:\/\/www.henryledesign.com\/vi\/sp\/tao-trang-tri-resin-cuc-quang-xanh\/","og_site_name":"Henry Le Design","article_modified_time":"2025-06-03T09:40:44+00:00","og_image":[{"width":1100,"height":1100,"url":"https:\/\/www.henryledesign.com\/vi\/wp-content\/uploads\/tao-galaxy-7.jpg","type":"image\/jpeg"}],"twitter_card":"summary_large_image","twitter_misc":{"\u01af\u1edbc t\u00ednh th\u1eddi gian \u0111\u1ecdc":"3 ph\u00fat"},"schema":{"@context":"https:\/\/schema.org","@graph":[{"@type":"WebPage","@id":"https:\/\/www.henryledesign.com\/vi\/sp\/tao-trang-tri-resin-cuc-quang-xanh\/","url":"https:\/\/www.henryledesign.com\/vi\/sp\/tao-trang-tri-resin-cuc-quang-xanh\/","name":"T\u00e1o Trang Tr\u00ed Resin Cao C\u1ea5p - Henry Le Design","isPartOf":{"@id":"https:\/\/www.henryledesign.com\/vi\/#website"},"datePublished":"2025-06-03T08:24:26+00:00","dateModified":"2025-06-03T09:40:44+00:00","breadcrumb":{"@id":"https:\/\/www.henryledesign.com\/vi\/sp\/tao-trang-tri-resin-cuc-quang-xanh\/#breadcrumb"},"inLanguage":"vi","potentialAction":[{"@type":"ReadAction","target":["https:\/\/www.henryledesign.com\/vi\/sp\/tao-trang-tri-resin-cuc-quang-xanh\/"]}]},{"@type":"BreadcrumbList","@id":"https:\/\/www.henryledesign.com\/vi\/sp\/tao-trang-tri-resin-cuc-quang-xanh\/#breadcrumb","itemListElement":[{"@type":"ListItem","position":1,"name":"Home","item":"https:\/\/www.henryledesign.com\/vi\/"},{"@type":"ListItem","position":2,"name":"S\u1ea3n ph\u1ea9m","item":"https:\/\/www.henryledesign.com\/vi\/shop\/"},{"@type":"ListItem","position":3,"name":"T\u00e1o Trang Tr\u00ed Resin Cao C\u1ea5p"}]},{"@type":"WebSite","@id":"https:\/\/www.henryledesign.com\/vi\/#website","url":"https:\/\/www.henryledesign.com\/vi\/","name":"Henry Le Design","description":"N\u1ed9i Th\u1ea5t Decor S\u00e1ng T\u1ea1o - Qu\u00e0 T\u1eb7ng Doanh Nghi\u1ec7p Doanh Nh\u00e2n \u0110\u1ed9c \u0110\u00e1o","potentialAction":[{"@type":"SearchAction","target":{"@type":"EntryPoint","urlTemplate":"https:\/\/www.henryledesign.com\/vi\/?s={search_term_string}"},"query-input":"required name=search_term_string"}],"inLanguage":"vi"}]}},"_links":{"self":[{"href":"https:\/\/www.henryledesign.com\/vi\/wp-json\/wp\/v2\/product\/15449","targetHints":{"allow":["GET"]}}],"collection":[{"href":"https:\/\/www.henryledesign.com\/vi\/wp-json\/wp\/v2\/product"}],"about":[{"href":"https:\/\/www.henryledesign.com\/vi\/wp-json\/wp\/v2\/types\/product"}],"replies":[{"embeddable":true,"href":"https:\/\/www.henryledesign.com\/vi\/wp-json\/wp\/v2\/comments?post=15449"}],"wp:featuredmedia":[{"embeddable":true,"href":"https:\/\/www.henryledesign.com\/vi\/wp-json\/wp\/v2\/media\/15457"}],"wp:attachment":[{"href":"https:\/\/www.henryledesign.com\/vi\/wp-json\/wp\/v2\/media?parent=15449"}],"wp:term":[{"taxonomy":"product_cat","embeddable":true,"href":"https:\/\/www.henryledesign.com\/vi\/wp-json\/wp\/v2\/product_cat?post=15449"},{"taxonomy":"product_tag","embeddable":true,"href":"https:\/\/www.henryledesign.com\/vi\/wp-json\/wp\/v2\/product_tag?post=15449"}],"curies":[{"name":"wp","href":"https:\/\/api.w.org\/{rel}","templated":true}]}}