{"id":14278,"date":"2023-07-20T11:24:51","date_gmt":"2023-07-20T04:24:51","guid":{"rendered":"https:\/\/www.henryledesign.com\/vi\/?post_type=product&#038;p=14278"},"modified":"2025-03-13T10:24:19","modified_gmt":"2025-03-13T03:24:19","slug":"tuong-phat-nghe-thuat-trang-tri-but-chi-mau","status":"publish","type":"product","link":"https:\/\/www.henryledesign.com\/vi\/sp\/tuong-phat-nghe-thuat-trang-tri-but-chi-mau\/","title":{"rendered":"T\u01b0\u1ee3ng Ph\u1eadt Ngh\u1ec7 Thu\u1eadt Trang Tr\u00ed B\u00fat Ch\u00ec M\u00e0u M\u1ed9t M\u1eb7t"},"content":{"rendered":"<h2><span style=\"color: #ffef96\"> V\u1ec1 T\u01b0\u1ee3ng Ph\u1eadt Trang Tr\u00ed B\u00fat Ch\u00ec M\u00e0u <\/span><\/h2>\n<p>T\u01b0\u1ee3ng Ph\u1eadt ngh\u1ec7 thu\u1eadt, t\u01b0\u01a1i s\u00e1ng nh\u01b0 b\u00f4ng hoa khoe s\u1eafc t\u1eeb b\u00fat ch\u00ec m\u00e0u, g\u1eedi g\u1eafm m\u1ed9t huy\u1ec1n di\u1ec7u cu\u1ed1n h\u00fat, \u0111\u1eafm ch\u00ecm trong v\u1ebb \u0111\u1eb9p tinh tuy\u1ec1n c\u1ee7a l\u00f2ng t\u1eeb bi v\u00e0 khai s\u00e1ng t\u00e2m h\u1ed3n. C\u00e1nh tay t\u00e0i hoa c\u1ee7a ngh\u1ec7 nh\u00e2n \u0111\u00e3 th\u00eau d\u1ec7t t\u1eebng n\u00e9t m\u1ef9 thu\u1eadt, t\u1ea1o n\u00ean m\u1ed9t h\u00ecnh t\u01b0\u1ee3ng Ph\u1eadt th\u1ea7n tho\u1ea1i, n\u01a1i v\u01b0\u01a1ng gi\u1ea3 thanh th\u1ea3n h\u00f2a h\u1ee3p v\u1edbi nh\u1ecbp \u0111i\u1ec7u thi\u1ec1n \u0111\u1ecbnh.<\/p>\n<p>Khu\u00f4n m\u1eb7t Ph\u1eadt, tinh khi\u1ebft nh\u01b0 c\u00e1nh sen khoe s\u1eafc, ph\u1ea3n chi\u1ebfu \u00e1nh s\u00e1ng t\u0129nh l\u1eb7ng v\u00e0 ni\u1ebft b\u00e0n, k\u00eau g\u1ecdi l\u00f2ng ng\u01b0\u1eddi t\u00ecm v\u1ec1 b\u00ecnh an v\u00e0 kh\u00e1m ph\u00e1 b\u00ean trong tinh t\u00fay c\u1ee7a ch\u00ednh m\u00ecnh. Nh\u1eefng m\u00e0u s\u1eafc nguy\u00ean th\u1ee7y, ng\u1ea5n l\u00ean nh\u01b0 \u0111\u00f3a hoa n\u1edf r\u1ed9, g\u1eafn k\u1ebft h\u00e0i h\u00f2a, l\u00e0 \u0111i\u1ec7u nh\u1ea1c ca ng\u1ee3i s\u1ef1 \u0111a d\u1ea1ng v\u00e0 s\u00e2u s\u1eafc c\u1ee7a t\u00e2m h\u1ed3n con ng\u01b0\u1eddi. Tuy\u1ec7t t\u00e1c n\u00e0y vang l\u00ean nh\u01b0 ti\u1ebfng chu\u00f4ng chi\u00eang, g\u1ee3i nh\u1eafc ch\u00fang ta v\u1ec1 \u00fd ngh\u0129a \u0111\u00edch th\u1ef1c c\u1ee7a s\u1ef1 thanh th\u1ea3n v\u00e0 s\u1ef1 gi\u00e1c ng\u1ed9 trong cu\u1ed9c s\u1ed1ng v\u1ee5n v\u1ee1 n\u00e0y.<\/p>\n<p><strong>K\u00edch th\u01b0\u1edbc<\/strong>: 15cm (cao) x 11.5cm (r\u1ed9ng) x 7cm (s\u00e2u)<br \/>\n<strong>Ngh\u1ec7 s\u0129<\/strong>: Henry L\u00ea<\/p>\n<p><em>Ghi ch\u00fa:<\/em><br \/>\n&#8211; M\u00e0u s\u1eafc c\u00f3 th\u1ec3 ch\u00eanh l\u1ec7ch t\u00f9y theo \u00e1nh s\u00e1ng ho\u1eb7c m\u00e0u s\u1eafc c\u1ee7a t\u1eebng thi\u1ebft b\u1ecb.<br \/>\n&#8211; Do s\u1ea3n ph\u1ea9m \u0111\u01b0\u1ee3c l\u00e0m th\u1ee7 c\u00f4ng c\u0169ng nh\u01b0 b\u00fat ch\u00ec m\u00e0u ng\u1eabu nhi\u00ean n\u00ean h\u00ecnh \u1ea3nh c\u00f3 th\u1ec3 h\u01a1i kh\u00e1c so v\u1edbi h\u00ecnh \u1ea3nh. H\u00e3y inbox cho ch\u00fang t\u00f4i \u0111\u1ec3 \u0111\u01b0\u1ee3c t\u01b0 v\u1ea5n c\u1ee5 th\u1ec3 h\u01a1n.<\/p>\n<p><a href=\"https:\/\/www.henryledesign.com\/vi\/wp-content\/uploads\/Tuong-Phat-Nghe-Thuat-Trang-Tri-But-Chi-Mau-Mot-Mat-1.jpg\"><img loading=\"lazy\" decoding=\"async\" class=\"aligncenter size-full wp-image-14305\" src=\"https:\/\/www.henryledesign.com\/vi\/wp-content\/uploads\/Tuong-Phat-Nghe-Thuat-Trang-Tri-But-Chi-Mau-Mot-Mat-1.jpg\" alt=\"T\u01b0\u1ee3ng Ph\u1eadt Ngh\u1ec7 Thu\u1eadt Trang Tr\u00ed B\u00fat Ch\u00ec M\u00e0u M\u1ed9t M\u1eb7t (1)\" width=\"1588\" height=\"1588\" \/><\/a><\/p>\n<p><a href=\"https:\/\/www.henryledesign.com\/vi\/wp-content\/uploads\/Tuong-Phat-Nghe-Thuat-Trang-Tri-But-Chi-Mau-Mot-Mat-2.jpg\"><img loading=\"lazy\" decoding=\"async\" class=\"aligncenter size-full wp-image-14306\" src=\"https:\/\/www.henryledesign.com\/vi\/wp-content\/uploads\/Tuong-Phat-Nghe-Thuat-Trang-Tri-But-Chi-Mau-Mot-Mat-2.jpg\" alt=\"T\u01b0\u1ee3ng Ph\u1eadt Ngh\u1ec7 Thu\u1eadt Trang Tr\u00ed B\u00fat Ch\u00ec M\u00e0u M\u1ed9t M\u1eb7t (2)\" width=\"1588\" height=\"1588\" \/><\/a><\/p>\n<p><a href=\"https:\/\/www.henryledesign.com\/vi\/wp-content\/uploads\/Tuong-Phat-Nghe-Thuat-Trang-Tri-But-Chi-Mau-Mot-Mat-3.jpg\"><img loading=\"lazy\" decoding=\"async\" class=\"aligncenter size-full wp-image-14307\" src=\"https:\/\/www.henryledesign.com\/vi\/wp-content\/uploads\/Tuong-Phat-Nghe-Thuat-Trang-Tri-But-Chi-Mau-Mot-Mat-3.jpg\" alt=\"T\u01b0\u1ee3ng Ph\u1eadt Ngh\u1ec7 Thu\u1eadt Trang Tr\u00ed B\u00fat Ch\u00ec M\u00e0u M\u1ed9t M\u1eb7t (3)\" width=\"1588\" height=\"1588\" \/><\/a><\/p>\n<p><a href=\"https:\/\/www.henryledesign.com\/vi\/wp-content\/uploads\/Tuong-Phat-Nghe-Thuat-Trang-Tri-But-Chi-Mau-Mot-Mat-4.jpg\"><img loading=\"lazy\" decoding=\"async\" class=\"aligncenter size-full wp-image-14308\" src=\"https:\/\/www.henryledesign.com\/vi\/wp-content\/uploads\/Tuong-Phat-Nghe-Thuat-Trang-Tri-But-Chi-Mau-Mot-Mat-4.jpg\" alt=\"T\u01b0\u1ee3ng Ph\u1eadt Ngh\u1ec7 Thu\u1eadt Trang Tr\u00ed B\u00fat Ch\u00ec M\u00e0u M\u1ed9t M\u1eb7t (4)\" width=\"1588\" height=\"1588\" \/><\/a><\/p>\n<p><a href=\"https:\/\/www.henryledesign.com\/vi\/wp-content\/uploads\/Tuong-Phat-Nghe-Thuat-Trang-Tri-But-Chi-Mau-Mot-Mat-5.jpg\"><img loading=\"lazy\" decoding=\"async\" class=\"aligncenter size-full wp-image-14309\" src=\"https:\/\/www.henryledesign.com\/vi\/wp-content\/uploads\/Tuong-Phat-Nghe-Thuat-Trang-Tri-But-Chi-Mau-Mot-Mat-5.jpg\" alt=\"T\u01b0\u1ee3ng Ph\u1eadt Ngh\u1ec7 Thu\u1eadt Trang Tr\u00ed B\u00fat Ch\u00ec M\u00e0u M\u1ed9t M\u1eb7t (5)\" width=\"1588\" height=\"1588\" \/><\/a><\/p>\n<p><a href=\"https:\/\/www.henryledesign.com\/vi\/wp-content\/uploads\/Tuong-Phat-Nghe-Thuat-Trang-Tri-But-Chi-Mau-Mot-Mat-6.jpg\"><img loading=\"lazy\" decoding=\"async\" class=\"aligncenter size-full wp-image-14310\" src=\"https:\/\/www.henryledesign.com\/vi\/wp-content\/uploads\/Tuong-Phat-Nghe-Thuat-Trang-Tri-But-Chi-Mau-Mot-Mat-6.jpg\" alt=\"T\u01b0\u1ee3ng Ph\u1eadt Ngh\u1ec7 Thu\u1eadt Trang Tr\u00ed B\u00fat Ch\u00ec M\u00e0u M\u1ed9t M\u1eb7t (6)\" width=\"1588\" height=\"1588\" \/><\/a><\/p>\n","protected":false},"excerpt":{"rendered":"<ul>\n<li><strong>Ngh\u1ec7 s<\/strong>\u0129: Henry L\u00ea<\/li>\n<li><strong>Ch\u1ea5t li\u1ec7u<\/strong>: Nh\u1ef1a Resin, B\u00fat Ch\u00ec M\u00e0u, G\u1ed7<\/li>\n<li><strong>K\u00edch th\u01b0\u1edbc<\/strong>: 15cm (cao) x 11.5cm (r\u1ed9ng) x 7cm (s\u00e2u)<\/li>\n<li><strong>\u0110\u1eb7c t\u00ednh:<\/strong> M\u1ed9t t\u00e1c ph\u1ea9m \u0111\u01b0\u1ee3c ti\u1ec7n th\u1ee7 c\u00f4ng \u0111\u1ed9c nh\u1ea5t \u2013 kh\u00f4ng c\u00f3 s\u1ea3n ph\u1ea9m th\u1ee9 hai gi\u1ed1ng 100%<\/li>\n<\/ul>\n","protected":false},"featured_media":14309,"comment_status":"closed","ping_status":"closed","template":"","meta":[],"product_cat":[141,186,233],"product_tag":[],"class_list":["post-14278","product","type-product","status-publish","has-post-thumbnail","hentry","product_cat-qua-tang-decor","product_cat-resin-art-san-pham-dac-biet","product_cat-tuong-phat"],"yoast_head":"<!-- This site is optimized with the Yoast SEO plugin v19.8 - https:\/\/yoast.com\/wordpress\/plugins\/seo\/ -->\n<title>T\u01b0\u1ee3ng Ph\u1eadt Ngh\u1ec7 Thu\u1eadt Trang Tr\u00ed B\u00fat Ch\u00ec M\u00e0u M\u1ed9t M\u1eb7t - Henry Le Design<\/title>\n<meta name=\"robots\" content=\"index, follow, max-snippet:-1, max-image-preview:large, max-video-preview:-1\" \/>\n<link rel=\"canonical\" href=\"https:\/\/www.henryledesign.com\/vi\/sp\/tuong-phat-nghe-thuat-trang-tri-but-chi-mau\/\" \/>\n<meta property=\"og:locale\" content=\"vi_VN\" \/>\n<meta property=\"og:type\" content=\"article\" \/>\n<meta property=\"og:title\" content=\"T\u01b0\u1ee3ng Ph\u1eadt Ngh\u1ec7 Thu\u1eadt Trang Tr\u00ed B\u00fat Ch\u00ec M\u00e0u M\u1ed9t M\u1eb7t - Henry Le Design\" \/>\n<meta property=\"og:description\" content=\"Ngh\u1ec7 s\u0129: Henry L\u00ea  Ch\u1ea5t li\u1ec7u: Nh\u1ef1a Resin, B\u00fat Ch\u00ec M\u00e0u, G\u1ed7  K\u00edch th\u01b0\u1edbc: 15cm (cao) x 11.5cm (r\u1ed9ng) x 7cm (s\u00e2u)  \u0110\u1eb7c t\u00ednh: M\u1ed9t t\u00e1c ph\u1ea9m \u0111\u01b0\u1ee3c ti\u1ec7n th\u1ee7 c\u00f4ng \u0111\u1ed9c nh\u1ea5t \u2013 kh\u00f4ng c\u00f3 s\u1ea3n ph\u1ea9m th\u1ee9 hai gi\u1ed1ng 100%\" \/>\n<meta property=\"og:url\" content=\"https:\/\/www.henryledesign.com\/vi\/sp\/tuong-phat-nghe-thuat-trang-tri-but-chi-mau\/\" \/>\n<meta property=\"og:site_name\" content=\"Henry Le Design\" \/>\n<meta property=\"article:modified_time\" content=\"2025-03-13T03:24:19+00:00\" \/>\n<meta property=\"og:image\" content=\"https:\/\/www.henryledesign.com\/vi\/wp-content\/uploads\/Tuong-Phat-Nghe-Thuat-Trang-Tri-But-Chi-Mau-Mot-Mat-5.jpg\" \/>\n\t<meta property=\"og:image:width\" content=\"1588\" \/>\n\t<meta property=\"og:image:height\" content=\"1588\" \/>\n\t<meta property=\"og:image:type\" content=\"image\/jpeg\" \/>\n<meta name=\"twitter:card\" content=\"summary_large_image\" \/>\n<meta name=\"twitter:label1\" content=\"\u01af\u1edbc t\u00ednh th\u1eddi gian \u0111\u1ecdc\" \/>\n\t<meta name=\"twitter:data1\" content=\"2 ph\u00fat\" \/>\n<script type=\"application\/ld+json\" class=\"yoast-schema-graph\">{\"@context\":\"https:\/\/schema.org\",\"@graph\":[{\"@type\":\"WebPage\",\"@id\":\"https:\/\/www.henryledesign.com\/vi\/sp\/tuong-phat-nghe-thuat-trang-tri-but-chi-mau\/\",\"url\":\"https:\/\/www.henryledesign.com\/vi\/sp\/tuong-phat-nghe-thuat-trang-tri-but-chi-mau\/\",\"name\":\"T\u01b0\u1ee3ng Ph\u1eadt Ngh\u1ec7 Thu\u1eadt Trang Tr\u00ed B\u00fat Ch\u00ec M\u00e0u M\u1ed9t M\u1eb7t - Henry Le Design\",\"isPartOf\":{\"@id\":\"https:\/\/www.henryledesign.com\/vi\/#website\"},\"datePublished\":\"2023-07-20T04:24:51+00:00\",\"dateModified\":\"2025-03-13T03:24:19+00:00\",\"breadcrumb\":{\"@id\":\"https:\/\/www.henryledesign.com\/vi\/sp\/tuong-phat-nghe-thuat-trang-tri-but-chi-mau\/#breadcrumb\"},\"inLanguage\":\"vi\",\"potentialAction\":[{\"@type\":\"ReadAction\",\"target\":[\"https:\/\/www.henryledesign.com\/vi\/sp\/tuong-phat-nghe-thuat-trang-tri-but-chi-mau\/\"]}]},{\"@type\":\"BreadcrumbList\",\"@id\":\"https:\/\/www.henryledesign.com\/vi\/sp\/tuong-phat-nghe-thuat-trang-tri-but-chi-mau\/#breadcrumb\",\"itemListElement\":[{\"@type\":\"ListItem\",\"position\":1,\"name\":\"Home\",\"item\":\"https:\/\/www.henryledesign.com\/vi\/\"},{\"@type\":\"ListItem\",\"position\":2,\"name\":\"S\u1ea3n ph\u1ea9m\",\"item\":\"https:\/\/www.henryledesign.com\/vi\/shop\/\"},{\"@type\":\"ListItem\",\"position\":3,\"name\":\"T\u01b0\u1ee3ng Ph\u1eadt Ngh\u1ec7 Thu\u1eadt Trang Tr\u00ed B\u00fat Ch\u00ec M\u00e0u M\u1ed9t M\u1eb7t\"}]},{\"@type\":\"WebSite\",\"@id\":\"https:\/\/www.henryledesign.com\/vi\/#website\",\"url\":\"https:\/\/www.henryledesign.com\/vi\/\",\"name\":\"Henry Le Design\",\"description\":\"N\u1ed9i Th\u1ea5t Decor S\u00e1ng T\u1ea1o - Qu\u00e0 T\u1eb7ng Doanh Nghi\u1ec7p Doanh Nh\u00e2n \u0110\u1ed9c \u0110\u00e1o\",\"potentialAction\":[{\"@type\":\"SearchAction\",\"target\":{\"@type\":\"EntryPoint\",\"urlTemplate\":\"https:\/\/www.henryledesign.com\/vi\/?s={search_term_string}\"},\"query-input\":\"required name=search_term_string\"}],\"inLanguage\":\"vi\"}]}<\/script>\n<!-- \/ Yoast SEO plugin. -->","yoast_head_json":{"title":"T\u01b0\u1ee3ng Ph\u1eadt Ngh\u1ec7 Thu\u1eadt Trang Tr\u00ed B\u00fat Ch\u00ec M\u00e0u M\u1ed9t M\u1eb7t - Henry Le Design","robots":{"index":"index","follow":"follow","max-snippet":"max-snippet:-1","max-image-preview":"max-image-preview:large","max-video-preview":"max-video-preview:-1"},"canonical":"https:\/\/www.henryledesign.com\/vi\/sp\/tuong-phat-nghe-thuat-trang-tri-but-chi-mau\/","og_locale":"vi_VN","og_type":"article","og_title":"T\u01b0\u1ee3ng Ph\u1eadt Ngh\u1ec7 Thu\u1eadt Trang Tr\u00ed B\u00fat Ch\u00ec M\u00e0u M\u1ed9t M\u1eb7t - Henry Le Design","og_description":"Ngh\u1ec7 s\u0129: Henry L\u00ea  Ch\u1ea5t li\u1ec7u: Nh\u1ef1a Resin, B\u00fat Ch\u00ec M\u00e0u, G\u1ed7  K\u00edch th\u01b0\u1edbc: 15cm (cao) x 11.5cm (r\u1ed9ng) x 7cm (s\u00e2u)  \u0110\u1eb7c t\u00ednh: M\u1ed9t t\u00e1c ph\u1ea9m \u0111\u01b0\u1ee3c ti\u1ec7n th\u1ee7 c\u00f4ng \u0111\u1ed9c nh\u1ea5t \u2013 kh\u00f4ng c\u00f3 s\u1ea3n ph\u1ea9m th\u1ee9 hai gi\u1ed1ng 100%","og_url":"https:\/\/www.henryledesign.com\/vi\/sp\/tuong-phat-nghe-thuat-trang-tri-but-chi-mau\/","og_site_name":"Henry Le Design","article_modified_time":"2025-03-13T03:24:19+00:00","og_image":[{"width":1588,"height":1588,"url":"https:\/\/www.henryledesign.com\/vi\/wp-content\/uploads\/Tuong-Phat-Nghe-Thuat-Trang-Tri-But-Chi-Mau-Mot-Mat-5.jpg","type":"image\/jpeg"}],"twitter_card":"summary_large_image","twitter_misc":{"\u01af\u1edbc t\u00ednh th\u1eddi gian \u0111\u1ecdc":"2 ph\u00fat"},"schema":{"@context":"https:\/\/schema.org","@graph":[{"@type":"WebPage","@id":"https:\/\/www.henryledesign.com\/vi\/sp\/tuong-phat-nghe-thuat-trang-tri-but-chi-mau\/","url":"https:\/\/www.henryledesign.com\/vi\/sp\/tuong-phat-nghe-thuat-trang-tri-but-chi-mau\/","name":"T\u01b0\u1ee3ng Ph\u1eadt Ngh\u1ec7 Thu\u1eadt Trang Tr\u00ed B\u00fat Ch\u00ec M\u00e0u M\u1ed9t M\u1eb7t - Henry Le Design","isPartOf":{"@id":"https:\/\/www.henryledesign.com\/vi\/#website"},"datePublished":"2023-07-20T04:24:51+00:00","dateModified":"2025-03-13T03:24:19+00:00","breadcrumb":{"@id":"https:\/\/www.henryledesign.com\/vi\/sp\/tuong-phat-nghe-thuat-trang-tri-but-chi-mau\/#breadcrumb"},"inLanguage":"vi","potentialAction":[{"@type":"ReadAction","target":["https:\/\/www.henryledesign.com\/vi\/sp\/tuong-phat-nghe-thuat-trang-tri-but-chi-mau\/"]}]},{"@type":"BreadcrumbList","@id":"https:\/\/www.henryledesign.com\/vi\/sp\/tuong-phat-nghe-thuat-trang-tri-but-chi-mau\/#breadcrumb","itemListElement":[{"@type":"ListItem","position":1,"name":"Home","item":"https:\/\/www.henryledesign.com\/vi\/"},{"@type":"ListItem","position":2,"name":"S\u1ea3n ph\u1ea9m","item":"https:\/\/www.henryledesign.com\/vi\/shop\/"},{"@type":"ListItem","position":3,"name":"T\u01b0\u1ee3ng Ph\u1eadt Ngh\u1ec7 Thu\u1eadt Trang Tr\u00ed B\u00fat Ch\u00ec M\u00e0u M\u1ed9t M\u1eb7t"}]},{"@type":"WebSite","@id":"https:\/\/www.henryledesign.com\/vi\/#website","url":"https:\/\/www.henryledesign.com\/vi\/","name":"Henry Le Design","description":"N\u1ed9i Th\u1ea5t Decor S\u00e1ng T\u1ea1o - Qu\u00e0 T\u1eb7ng Doanh Nghi\u1ec7p Doanh Nh\u00e2n \u0110\u1ed9c \u0110\u00e1o","potentialAction":[{"@type":"SearchAction","target":{"@type":"EntryPoint","urlTemplate":"https:\/\/www.henryledesign.com\/vi\/?s={search_term_string}"},"query-input":"required name=search_term_string"}],"inLanguage":"vi"}]}},"_links":{"self":[{"href":"https:\/\/www.henryledesign.com\/vi\/wp-json\/wp\/v2\/product\/14278","targetHints":{"allow":["GET"]}}],"collection":[{"href":"https:\/\/www.henryledesign.com\/vi\/wp-json\/wp\/v2\/product"}],"about":[{"href":"https:\/\/www.henryledesign.com\/vi\/wp-json\/wp\/v2\/types\/product"}],"replies":[{"embeddable":true,"href":"https:\/\/www.henryledesign.com\/vi\/wp-json\/wp\/v2\/comments?post=14278"}],"wp:featuredmedia":[{"embeddable":true,"href":"https:\/\/www.henryledesign.com\/vi\/wp-json\/wp\/v2\/media\/14309"}],"wp:attachment":[{"href":"https:\/\/www.henryledesign.com\/vi\/wp-json\/wp\/v2\/media?parent=14278"}],"wp:term":[{"taxonomy":"product_cat","embeddable":true,"href":"https:\/\/www.henryledesign.com\/vi\/wp-json\/wp\/v2\/product_cat?post=14278"},{"taxonomy":"product_tag","embeddable":true,"href":"https:\/\/www.henryledesign.com\/vi\/wp-json\/wp\/v2\/product_tag?post=14278"}],"curies":[{"name":"wp","href":"https:\/\/api.w.org\/{rel}","templated":true}]}}