{"id":13109,"date":"2021-12-13T11:26:06","date_gmt":"2021-12-13T04:26:06","guid":{"rendered":"https:\/\/www.henryledesign.com\/vi\/?post_type=product&#038;p=13109"},"modified":"2025-03-13T11:57:12","modified_gmt":"2025-03-13T04:57:12","slug":"set-6-quan-co-hau-vua-xe-tuong-ma-tot","status":"publish","type":"product","link":"https:\/\/www.henryledesign.com\/vi\/sp\/set-6-quan-co-hau-vua-xe-tuong-ma-tot\/","title":{"rendered":"Set 6 Qu\u00e2n C\u1edd H\u1eadu &#8211; Vua &#8211; Xe &#8211; T\u01b0\u1ee3ng &#8211; M\u00e3 &#8211; T\u1ed1t"},"content":{"rendered":"<p>\u0110\u00e2y l\u00e0 6 qu\u00e2n c\u1edd \u0111\u1ea1i di\u1ec7n cho to\u00e0n b\u1ed9 c\u00e1c qu\u00e2n c\u1edd trong b\u1ed9 Si\u00eau C\u1edd Vua VIP D\u00e9cor. M\u1ed7i qu\u00e2n c\u1edd \u0111\u01b0\u1ee3c thi\u1ebft k\u1ebf l\u00e0 s\u1ef1 k\u1ebft h\u1ee3p h\u00e0i ho\u00e0 v\u00e0 nhi\u1ec1u c\u1ea3m x\u00fac gi\u1eefa B\u00fat Ch\u00ec M\u00e0u, keo epoxy trong su\u1ed1t v\u00e0 hai lo\u1ea1i g\u1ed7 S\u1ed3i V\u00e2n S\u00e1ng v\u00e0 g\u1ed7 H\u01b0\u01a1ng V\u00e2n m\u00e0u \u0111\u1ecf. M\u1ed7i qu\u00e2n c\u1edd l\u00e0 s\u1ef1 k\u1ebft h\u1ee3p ho\u00e0n h\u1ea3o c\u1ee7a c\u00e1c lo\u1ea1i g\u1ed7 s\u00e1ng v\u00e0 \u0111\u1ecf, keo epoxy trong su\u1ed1t l\u00e0m cho m\u00e0u s\u1eafc k\u00ec \u1ea3o c\u1ee7a t\u1eebng chi\u1ebfc b\u00fat ch\u00ec gi\u1eefa l\u00f5i m\u00e0u v\u00e0 th\u00e2n g\u1ed7 \u0111\u01b0\u1ee3c nh\u00ecn xuy\u00ean su\u1ed1t. M\u1ed7i qu\u00e2n c\u1edd \u0111\u01b0\u1ee3c thi\u1ebft k\u1ebf v\u00e0 ho\u00e0n thi\u1ec7n th\u1ee7 c\u00f4ng tinh t\u1ebf v\u00e0 \u0111\u1eb9p kh\u00f4ng t\u00ec v\u1ebft \u0111\u1ebfn t\u1eebng chi ti\u1ebft nh\u1ecf nh\u1ea5t.<\/p>\n<p><a href=\"https:\/\/www.henryledesign.com\/vi\/wp-content\/uploads\/set-6-quan-sieu-co-vua-cao-cap-vua-hau-tuong-xe-ma-tot-3.jpg\"><img loading=\"lazy\" decoding=\"async\" class=\"aligncenter size-full wp-image-13394\" src=\"https:\/\/www.covuacaocap.com\/wp-content\/uploads\/set-6-quan-sieu-co-vua-cao-cap-vua-hau-tuong-xe-ma-tot-3.jpg\" alt=\"Set 6 Qu\u00e2n C\u1edd H\u1eadu - Vua - Xe - T\u01b0\u1ee3ng - M\u00e3 - T\u1ed1t\" width=\"1140\" height=\"1140\" \/><\/a><\/p>\n<p>\u0110\u00e2y kh\u00f4ng ch\u1ec9 l\u00e0 c\u00e1c qu\u00e2n c\u1edd D\u00e9cor \u0111\u01a1n thu\u1ea7n, \u0111\u00e2y l\u00e0 c\u00e1c t\u00e1c ph\u1ea9m ngh\u1ec7 thu\u1eadt, l\u00e0 s\u1ef1 k\u1ebft h\u1ee3p ho\u00e0n h\u1ea3o c\u1ee7a s\u1ef1 s\u00e1ng t\u1ea1o \u0111\u1ea7y t\u00e2m huy\u1ebft c\u1ee7a ngh\u1ec7 s\u0129 Henry Le trong thi\u1ebft k\u1ebf, t\u1ea1o m\u1eabu v\u00e0 sau \u0111\u00f3 nh\u1eefng qu\u00e2n c\u1edd n\u00e0y l\u1ea1i \u0111\u01b0\u1ee3c ti\u1ec7n v\u00e0 ho\u00e0n thi\u1ec7n th\u1ee7 c\u00f4ng b\u1edfi nh\u1eefng ngh\u1ec7 nh\u00e2n h\u00e0ng \u0111\u1ea7u Vi\u1ec7t Nam.<\/p>\n<p>T\u1ea5t c\u1ea3 t\u1ea1o ra s\u1ef1 h\u00e0i ho\u00e0 trong h\u00ecnh kh\u1ed1i v\u00e0 m\u00e0u s\u1eafc tr\u00ean t\u1eebng qu\u00e2n c\u1edd, \u0111\u00e2y l\u00e0 nh\u1eefng t\u00e1c ph\u1ea9m ngh\u1ec7 thu\u1eadt c\u00f3 th\u1ec3 tr\u01b0ng b\u00e0y tr\u00ean t\u1ee7, k\u1ec7 tr\u01b0ng b\u00e0y, \u0111\u00e0n piano, g\u00f3c b\u00e0n l\u00e0m vi\u1ec7c, trang tr\u00ed kh\u00f4ng gian ph\u00f2ng kh\u00e1ch, trang tr\u00ed tr\u00ean t\u01b0\u1eddng v\u00e0 c\u00f3 th\u1ec3 l\u00e0 m\u1ed9t m\u00f3n qu\u00e0 t\u1eb7ng \u0111\u1ea7y \u00fd ngh\u0129a v\u00e0 tr\u00ed tu\u1ec7.<\/p>\n<p><a href=\"https:\/\/www.henryledesign.com\/vi\/wp-content\/uploads\/set-6-quan-sieu-co-vua-cao-cap-vua-hau-tuong-xe-ma-tot.jpg\"><img loading=\"lazy\" decoding=\"async\" class=\"aligncenter size-full wp-image-13391\" src=\"https:\/\/www.covuacaocap.com\/wp-content\/uploads\/set-6-quan-sieu-co-vua-cao-cap-vua-hau-tuong-xe-ma-tot.jpg\" alt=\"Set 6 Qu\u00e2n C\u1edd H\u1eadu - Vua - Xe - T\u01b0\u1ee3ng - M\u00e3 - T\u1ed1t\" width=\"1140\" height=\"1140\" \/><\/a><\/p>\n<p><strong>B\u1ed9 6 Si\u00eau Qu\u00e2n C\u1edd VIP D\u00e9cor bao g\u1ed3m:<\/strong><\/p>\n<ul>\n<li>6 Si\u00eau Qu\u00e2n C\u1edd: Vua, H\u1eadu, T\u01b0\u1ee3ng, M\u00e3, Xe v\u00e0 T\u1ed1t \u0111\u1eb7c bi\u1ec7t<\/li>\n<li>2 N\u0103m b\u1ea3o h\u00e0nh<\/li>\n<\/ul>\n<p><strong>K\u00edch th\u01b0\u1edbc s\u1ea3n ph\u1ea9m<\/strong><\/p>\n<ul>\n<li>Vua Cao: 30cm, r\u1ed9ng: 11.2cm, n\u1eb7ng: 800gr<\/li>\n<li>H\u1eadu cao: 29cm, r\u1ed9ng: 10cm, n\u1eb7ng: 600gr<\/li>\n<li>T\u01b0\u1ee3ng cao: 25.5cm, r\u1ed9ng: 10.5cm, n\u1eb7ng: 650gr<\/li>\n<li>M\u00e3 cao: 21cm, r\u1ed9ng: 10cm, n\u1eb7ng: 600gr<\/li>\n<li>Xe cao: 18cm, r\u1ed9ng: 10cm, n\u1eb7ng: 700gr<\/li>\n<li>T\u1ed1t cao: 17.5cm, r\u1ed9ng: 9.5cm, n\u1eb7ng: 400gr<\/li>\n<li>Ch\u1ea5t li\u1ec7u: G\u1ed7 S\u1ed3i, B\u00fat Ch\u00ec M\u00e0u, Keo Epoxy trong cao c\u1ea5p, \u0110\u1ed3ng<\/li>\n<\/ul>\n<p><strong>L\u01b0u \u00fd:<\/strong> B\u1ed9 qu\u00e2n c\u1edd trong b\u1ed9 6 Si\u00eau Qu\u00e2n C\u1edd Vua VIP Decor \u0111\u01b0\u1ee3c l\u00e0m th\u1ee7 c\u00f4ng, t\u1eeb g\u1ed7 t\u1ef1 nhi\u00ean, b\u00fat ch\u00ec v\u00e0 keo n\u00ean k\u00edch th\u01b0\u1edbc v\u00e0 c\u00e2n n\u1eb7ng v\u00e0 k\u00edch th\u01b0\u1edbc c\u1ee7a qu\u00e2n c\u1edd \u0111\u00f4i khi kh\u00f4ng ho\u00e0n to\u00e0n gi\u1ed1ng nhau 100%. Ngo\u00e0i ra, do c\u00f3 v\u00e2n g\u1ed7 t\u1ef1 nhi\u00ean, v\u00e0 b\u00fat ch\u00ec m\u00e0u \u0111\u01b0\u1ee3c x\u1ebfp th\u1ee7 c\u00f4ng n\u00ean m\u00e0u s\u1eafc c\u1ee7a qu\u00e2n c\u1edd c\u00f3 th\u1ec3 kh\u00f4ng ho\u00e0n to\u00e0n \u0111\u1ed3ng \u0111\u1ec1u v\u00e0 gi\u1ed1ng nh\u01b0 trong \u1ea3nh trong m\u1ed9t s\u1ed1 tr\u01b0\u1eddng h\u1ee3p.<\/p>\n","protected":false},"excerpt":{"rendered":"<p>6 Si\u00eau Qu\u00e2n C\u1edd \u0111\u1ec3 D\u00e9cor v\u00e0 m\u1ed7i qu\u00e2n l\u00e0 m\u1ed9t t\u00e1c ph\u1ea9m ngh\u1ec7 thu\u1eadt:<\/p>\n<ul>\n<li>G\u1ed7 S\u1ed3i m\u00e0u v\u00e2n s\u00e1ng trong trong l\u00f5i s\u1ea3n ph\u1ea9m<\/li>\n<li>B\u00fat Ch\u00ec M\u00e0u \u0111a s\u1eafc k\u1ebft h\u1ee3p v\u1edbi keo Epoxy trong su\u1ed1t<\/li>\n<li>\u0110\u1ebf G\u1ed7 H\u01b0\u01a1ng V\u00e2n m\u00e0u \u0111\u1ecf v\u00e2n \u0111\u1eb9p ho\u00e0n m\u0129<\/li>\n<li>T\u1eebng qu\u00e2n c\u1edd \u0111\u01b0\u1ee3c gh\u00e9p v\u00e0 ho\u00e0n thi\u1ec7n th\u1ee7 c\u00f4ng t\u1ec9 m\u1ec9 chi ti\u1ebft v\u00e0 tinh t\u1ebf<\/li>\n<li>Qu\u00e2n Vua, H\u1eadu, T\u01b0\u1ee3ng, Xe v\u00e0 T\u1ed1t \u0111\u01b0\u1ee3c ti\u1ec7n v\u00e0 ch\u1ebf t\u00e1c th\u1ee7 c\u00f4ng t\u1eebng chi ti\u1ebft nh\u1ecf nh\u1ea5t<\/li>\n<li>Qu\u00e2n M\u00e3 \u0111\u01b0\u1ee3c tr\u1ea1m kh\u1eafc th\u1ee7 c\u00f4ng, r\u1ea5t gi\u1ed1ng \u0111\u1ea7u chi\u1ebfn M\u00e3 v\u00e0 l\u00e0 m\u1ed9t t\u00e1c ph\u1ea9m t\u01b0\u1ee3ng<\/li>\n<li>6 qu\u00e2n c\u1edd \u0111\u1eb9p \u0111\u1ea1i di\u1ec7n cho to\u00e0n b\u1ed9 c\u00e1c qu\u00e2n c\u1edd trong b\u1ed9 si\u00eau C\u1edd Vua<\/li>\n<li>Logo Henry Le \u0111\u01b0\u1ee3c kh\u1eafc \u0111\u1ed3ng tinh t\u1ebf<\/li>\n<\/ul>\n","protected":false},"featured_media":13757,"comment_status":"open","ping_status":"closed","template":"","meta":[],"product_cat":[171],"product_tag":[],"class_list":["post-13109","product","type-product","status-publish","has-post-thumbnail","hentry","product_cat-quan-co-vua-trang-tri-sieu-lon-decor-serial"],"yoast_head":"<!-- This site is optimized with the Yoast SEO plugin v19.8 - https:\/\/yoast.com\/wordpress\/plugins\/seo\/ -->\n<title>Set 6 Qu\u00e2n C\u1edd H\u1eadu - Vua - Xe - T\u01b0\u1ee3ng - M\u00e3 - T\u1ed1t - Henry Le Design<\/title>\n<meta name=\"robots\" content=\"index, follow, max-snippet:-1, max-image-preview:large, max-video-preview:-1\" \/>\n<link rel=\"canonical\" href=\"https:\/\/www.henryledesign.com\/vi\/sp\/set-6-quan-co-hau-vua-xe-tuong-ma-tot\/\" \/>\n<meta property=\"og:locale\" content=\"vi_VN\" \/>\n<meta property=\"og:type\" content=\"article\" \/>\n<meta property=\"og:title\" content=\"Set 6 Qu\u00e2n C\u1edd H\u1eadu - Vua - Xe - T\u01b0\u1ee3ng - M\u00e3 - T\u1ed1t - Henry Le Design\" \/>\n<meta property=\"og:description\" content=\"6 Si\u00eau Qu\u00e2n C\u1edd \u0111\u1ec3 D\u00e9cor v\u00e0 m\u1ed7i qu\u00e2n l\u00e0 m\u1ed9t t\u00e1c ph\u1ea9m ngh\u1ec7 thu\u1eadt:   G\u1ed7 S\u1ed3i m\u00e0u v\u00e2n s\u00e1ng trong trong l\u00f5i s\u1ea3n ph\u1ea9m  B\u00fat Ch\u00ec M\u00e0u \u0111a s\u1eafc k\u1ebft h\u1ee3p v\u1edbi keo Epoxy trong su\u1ed1t  \u0110\u1ebf G\u1ed7 H\u01b0\u01a1ng V\u00e2n m\u00e0u \u0111\u1ecf v\u00e2n \u0111\u1eb9p ho\u00e0n m\u0129  T\u1eebng qu\u00e2n c\u1edd \u0111\u01b0\u1ee3c gh\u00e9p v\u00e0 ho\u00e0n thi\u1ec7n th\u1ee7 c\u00f4ng t\u1ec9 m\u1ec9 chi ti\u1ebft v\u00e0 tinh t\u1ebf  Qu\u00e2n Vua, H\u1eadu, T\u01b0\u1ee3ng, Xe v\u00e0 T\u1ed1t \u0111\u01b0\u1ee3c ti\u1ec7n v\u00e0 ch\u1ebf t\u00e1c th\u1ee7 c\u00f4ng t\u1eebng chi ti\u1ebft nh\u1ecf nh\u1ea5t  Qu\u00e2n M\u00e3 \u0111\u01b0\u1ee3c tr\u1ea1m kh\u1eafc th\u1ee7 c\u00f4ng, r\u1ea5t gi\u1ed1ng \u0111\u1ea7u chi\u1ebfn M\u00e3 v\u00e0 l\u00e0 m\u1ed9t t\u00e1c ph\u1ea9m t\u01b0\u1ee3ng  6 qu\u00e2n c\u1edd \u0111\u1eb9p \u0111\u1ea1i di\u1ec7n cho to\u00e0n b\u1ed9 c\u00e1c qu\u00e2n c\u1edd trong b\u1ed9 si\u00eau C\u1edd Vua  Logo Henry Le \u0111\u01b0\u1ee3c kh\u1eafc \u0111\u1ed3ng tinh t\u1ebf\" \/>\n<meta property=\"og:url\" content=\"https:\/\/www.henryledesign.com\/vi\/sp\/set-6-quan-co-hau-vua-xe-tuong-ma-tot\/\" \/>\n<meta property=\"og:site_name\" content=\"Henry Le Design\" \/>\n<meta property=\"article:modified_time\" content=\"2025-03-13T04:57:12+00:00\" \/>\n<meta property=\"og:image\" content=\"https:\/\/www.henryledesign.com\/vi\/wp-content\/uploads\/Set-6-Quan-Co-Hau-Vua-Xe-Tuong-Ma-Tot-trang-tri-Co-vua-cao-cap-1.jpg\" \/>\n\t<meta property=\"og:image:width\" content=\"1140\" \/>\n\t<meta property=\"og:image:height\" content=\"1140\" \/>\n\t<meta property=\"og:image:type\" content=\"image\/jpeg\" \/>\n<meta name=\"twitter:card\" content=\"summary_large_image\" \/>\n<meta name=\"twitter:label1\" content=\"\u01af\u1edbc t\u00ednh th\u1eddi gian \u0111\u1ecdc\" \/>\n\t<meta name=\"twitter:data1\" content=\"3 ph\u00fat\" \/>\n<script type=\"application\/ld+json\" class=\"yoast-schema-graph\">{\"@context\":\"https:\/\/schema.org\",\"@graph\":[{\"@type\":\"WebPage\",\"@id\":\"https:\/\/www.henryledesign.com\/vi\/sp\/set-6-quan-co-hau-vua-xe-tuong-ma-tot\/\",\"url\":\"https:\/\/www.henryledesign.com\/vi\/sp\/set-6-quan-co-hau-vua-xe-tuong-ma-tot\/\",\"name\":\"Set 6 Qu\u00e2n C\u1edd H\u1eadu - Vua - Xe - T\u01b0\u1ee3ng - M\u00e3 - T\u1ed1t - Henry Le Design\",\"isPartOf\":{\"@id\":\"https:\/\/www.henryledesign.com\/vi\/#website\"},\"datePublished\":\"2021-12-13T04:26:06+00:00\",\"dateModified\":\"2025-03-13T04:57:12+00:00\",\"breadcrumb\":{\"@id\":\"https:\/\/www.henryledesign.com\/vi\/sp\/set-6-quan-co-hau-vua-xe-tuong-ma-tot\/#breadcrumb\"},\"inLanguage\":\"vi\",\"potentialAction\":[{\"@type\":\"ReadAction\",\"target\":[\"https:\/\/www.henryledesign.com\/vi\/sp\/set-6-quan-co-hau-vua-xe-tuong-ma-tot\/\"]}]},{\"@type\":\"BreadcrumbList\",\"@id\":\"https:\/\/www.henryledesign.com\/vi\/sp\/set-6-quan-co-hau-vua-xe-tuong-ma-tot\/#breadcrumb\",\"itemListElement\":[{\"@type\":\"ListItem\",\"position\":1,\"name\":\"Home\",\"item\":\"https:\/\/www.henryledesign.com\/vi\/\"},{\"@type\":\"ListItem\",\"position\":2,\"name\":\"S\u1ea3n ph\u1ea9m\",\"item\":\"https:\/\/www.henryledesign.com\/vi\/shop\/\"},{\"@type\":\"ListItem\",\"position\":3,\"name\":\"Set 6 Qu\u00e2n C\u1edd H\u1eadu &#8211; Vua &#8211; Xe &#8211; T\u01b0\u1ee3ng &#8211; M\u00e3 &#8211; T\u1ed1t\"}]},{\"@type\":\"WebSite\",\"@id\":\"https:\/\/www.henryledesign.com\/vi\/#website\",\"url\":\"https:\/\/www.henryledesign.com\/vi\/\",\"name\":\"Henry Le Design\",\"description\":\"N\u1ed9i Th\u1ea5t Decor S\u00e1ng T\u1ea1o - Qu\u00e0 T\u1eb7ng Doanh Nghi\u1ec7p Doanh Nh\u00e2n \u0110\u1ed9c \u0110\u00e1o\",\"potentialAction\":[{\"@type\":\"SearchAction\",\"target\":{\"@type\":\"EntryPoint\",\"urlTemplate\":\"https:\/\/www.henryledesign.com\/vi\/?s={search_term_string}\"},\"query-input\":\"required name=search_term_string\"}],\"inLanguage\":\"vi\"}]}<\/script>\n<!-- \/ Yoast SEO plugin. -->","yoast_head_json":{"title":"Set 6 Qu\u00e2n C\u1edd H\u1eadu - Vua - Xe - T\u01b0\u1ee3ng - M\u00e3 - T\u1ed1t - Henry Le Design","robots":{"index":"index","follow":"follow","max-snippet":"max-snippet:-1","max-image-preview":"max-image-preview:large","max-video-preview":"max-video-preview:-1"},"canonical":"https:\/\/www.henryledesign.com\/vi\/sp\/set-6-quan-co-hau-vua-xe-tuong-ma-tot\/","og_locale":"vi_VN","og_type":"article","og_title":"Set 6 Qu\u00e2n C\u1edd H\u1eadu - Vua - Xe - T\u01b0\u1ee3ng - M\u00e3 - T\u1ed1t - Henry Le Design","og_description":"6 Si\u00eau Qu\u00e2n C\u1edd \u0111\u1ec3 D\u00e9cor v\u00e0 m\u1ed7i qu\u00e2n l\u00e0 m\u1ed9t t\u00e1c ph\u1ea9m ngh\u1ec7 thu\u1eadt:   G\u1ed7 S\u1ed3i m\u00e0u v\u00e2n s\u00e1ng trong trong l\u00f5i s\u1ea3n ph\u1ea9m  B\u00fat Ch\u00ec M\u00e0u \u0111a s\u1eafc k\u1ebft h\u1ee3p v\u1edbi keo Epoxy trong su\u1ed1t  \u0110\u1ebf G\u1ed7 H\u01b0\u01a1ng V\u00e2n m\u00e0u \u0111\u1ecf v\u00e2n \u0111\u1eb9p ho\u00e0n m\u0129  T\u1eebng qu\u00e2n c\u1edd \u0111\u01b0\u1ee3c gh\u00e9p v\u00e0 ho\u00e0n thi\u1ec7n th\u1ee7 c\u00f4ng t\u1ec9 m\u1ec9 chi ti\u1ebft v\u00e0 tinh t\u1ebf  Qu\u00e2n Vua, H\u1eadu, T\u01b0\u1ee3ng, Xe v\u00e0 T\u1ed1t \u0111\u01b0\u1ee3c ti\u1ec7n v\u00e0 ch\u1ebf t\u00e1c th\u1ee7 c\u00f4ng t\u1eebng chi ti\u1ebft nh\u1ecf nh\u1ea5t  Qu\u00e2n M\u00e3 \u0111\u01b0\u1ee3c tr\u1ea1m kh\u1eafc th\u1ee7 c\u00f4ng, r\u1ea5t gi\u1ed1ng \u0111\u1ea7u chi\u1ebfn M\u00e3 v\u00e0 l\u00e0 m\u1ed9t t\u00e1c ph\u1ea9m t\u01b0\u1ee3ng  6 qu\u00e2n c\u1edd \u0111\u1eb9p \u0111\u1ea1i di\u1ec7n cho to\u00e0n b\u1ed9 c\u00e1c qu\u00e2n c\u1edd trong b\u1ed9 si\u00eau C\u1edd Vua  Logo Henry Le \u0111\u01b0\u1ee3c kh\u1eafc \u0111\u1ed3ng tinh t\u1ebf","og_url":"https:\/\/www.henryledesign.com\/vi\/sp\/set-6-quan-co-hau-vua-xe-tuong-ma-tot\/","og_site_name":"Henry Le Design","article_modified_time":"2025-03-13T04:57:12+00:00","og_image":[{"width":1140,"height":1140,"url":"https:\/\/www.henryledesign.com\/vi\/wp-content\/uploads\/Set-6-Quan-Co-Hau-Vua-Xe-Tuong-Ma-Tot-trang-tri-Co-vua-cao-cap-1.jpg","type":"image\/jpeg"}],"twitter_card":"summary_large_image","twitter_misc":{"\u01af\u1edbc t\u00ednh th\u1eddi gian \u0111\u1ecdc":"3 ph\u00fat"},"schema":{"@context":"https:\/\/schema.org","@graph":[{"@type":"WebPage","@id":"https:\/\/www.henryledesign.com\/vi\/sp\/set-6-quan-co-hau-vua-xe-tuong-ma-tot\/","url":"https:\/\/www.henryledesign.com\/vi\/sp\/set-6-quan-co-hau-vua-xe-tuong-ma-tot\/","name":"Set 6 Qu\u00e2n C\u1edd H\u1eadu - Vua - Xe - T\u01b0\u1ee3ng - M\u00e3 - T\u1ed1t - Henry Le Design","isPartOf":{"@id":"https:\/\/www.henryledesign.com\/vi\/#website"},"datePublished":"2021-12-13T04:26:06+00:00","dateModified":"2025-03-13T04:57:12+00:00","breadcrumb":{"@id":"https:\/\/www.henryledesign.com\/vi\/sp\/set-6-quan-co-hau-vua-xe-tuong-ma-tot\/#breadcrumb"},"inLanguage":"vi","potentialAction":[{"@type":"ReadAction","target":["https:\/\/www.henryledesign.com\/vi\/sp\/set-6-quan-co-hau-vua-xe-tuong-ma-tot\/"]}]},{"@type":"BreadcrumbList","@id":"https:\/\/www.henryledesign.com\/vi\/sp\/set-6-quan-co-hau-vua-xe-tuong-ma-tot\/#breadcrumb","itemListElement":[{"@type":"ListItem","position":1,"name":"Home","item":"https:\/\/www.henryledesign.com\/vi\/"},{"@type":"ListItem","position":2,"name":"S\u1ea3n ph\u1ea9m","item":"https:\/\/www.henryledesign.com\/vi\/shop\/"},{"@type":"ListItem","position":3,"name":"Set 6 Qu\u00e2n C\u1edd H\u1eadu &#8211; Vua &#8211; Xe &#8211; T\u01b0\u1ee3ng &#8211; M\u00e3 &#8211; T\u1ed1t"}]},{"@type":"WebSite","@id":"https:\/\/www.henryledesign.com\/vi\/#website","url":"https:\/\/www.henryledesign.com\/vi\/","name":"Henry Le Design","description":"N\u1ed9i Th\u1ea5t Decor S\u00e1ng T\u1ea1o - Qu\u00e0 T\u1eb7ng Doanh Nghi\u1ec7p Doanh Nh\u00e2n \u0110\u1ed9c \u0110\u00e1o","potentialAction":[{"@type":"SearchAction","target":{"@type":"EntryPoint","urlTemplate":"https:\/\/www.henryledesign.com\/vi\/?s={search_term_string}"},"query-input":"required name=search_term_string"}],"inLanguage":"vi"}]}},"_links":{"self":[{"href":"https:\/\/www.henryledesign.com\/vi\/wp-json\/wp\/v2\/product\/13109","targetHints":{"allow":["GET"]}}],"collection":[{"href":"https:\/\/www.henryledesign.com\/vi\/wp-json\/wp\/v2\/product"}],"about":[{"href":"https:\/\/www.henryledesign.com\/vi\/wp-json\/wp\/v2\/types\/product"}],"replies":[{"embeddable":true,"href":"https:\/\/www.henryledesign.com\/vi\/wp-json\/wp\/v2\/comments?post=13109"}],"wp:featuredmedia":[{"embeddable":true,"href":"https:\/\/www.henryledesign.com\/vi\/wp-json\/wp\/v2\/media\/13757"}],"wp:attachment":[{"href":"https:\/\/www.henryledesign.com\/vi\/wp-json\/wp\/v2\/media?parent=13109"}],"wp:term":[{"taxonomy":"product_cat","embeddable":true,"href":"https:\/\/www.henryledesign.com\/vi\/wp-json\/wp\/v2\/product_cat?post=13109"},{"taxonomy":"product_tag","embeddable":true,"href":"https:\/\/www.henryledesign.com\/vi\/wp-json\/wp\/v2\/product_tag?post=13109"}],"curies":[{"name":"wp","href":"https:\/\/api.w.org\/{rel}","templated":true}]}}