{"id":12480,"date":"2021-06-25T17:13:14","date_gmt":"2021-06-25T10:13:14","guid":{"rendered":"https:\/\/www.henryledesign.com\/vi\/?post_type=product&#038;p=12480"},"modified":"2025-05-23T22:54:37","modified_gmt":"2025-05-23T15:54:37","slug":"chan-nen-trang-tri-hoang-hau","status":"publish","type":"product","link":"https:\/\/www.henryledesign.com\/vi\/sp\/chan-nen-trang-tri-hoang-hau\/","title":{"rendered":"Ch\u00e2n N\u1ebfn Trang Tr\u00ed Ho\u00e0ng H\u1eadu"},"content":{"rendered":"<p><a href=\"https:\/\/www.henryledesign.com\/vi\/wp-content\/uploads\/chan-nen-hoang-hau-6.jpg\"><img loading=\"lazy\" decoding=\"async\" class=\"aligncenter size-full wp-image-12683\" src=\"https:\/\/www.henryledesign.com\/vi\/wp-content\/uploads\/chan-nen-hoang-hau-6.jpg\" alt=\"Ch\u00e2n N\u1ebfn Trang Tr\u00ed Ho\u00e0ng H\u1eadu\" width=\"1200\" height=\"800\" srcset=\"https:\/\/www.henryledesign.com\/vi\/wp-content\/uploads\/chan-nen-hoang-hau-6.jpg 1200w, https:\/\/www.henryledesign.com\/vi\/wp-content\/uploads\/chan-nen-hoang-hau-6-300x200.jpg 300w, https:\/\/www.henryledesign.com\/vi\/wp-content\/uploads\/chan-nen-hoang-hau-6-1024x683.jpg 1024w, https:\/\/www.henryledesign.com\/vi\/wp-content\/uploads\/chan-nen-hoang-hau-6-768x512.jpg 768w, https:\/\/www.henryledesign.com\/vi\/wp-content\/uploads\/chan-nen-hoang-hau-6-360x240.jpg 360w, https:\/\/www.henryledesign.com\/vi\/wp-content\/uploads\/chan-nen-hoang-hau-6-750x500.jpg 750w\" sizes=\"auto, (max-width: 1200px) 100vw, 1200px\" \/><\/a><\/p>\n<p><a href=\"https:\/\/www.henryledesign.com\/vi\/wp-content\/uploads\/chan-nen-hoang-hau-11.jpg\"><img loading=\"lazy\" decoding=\"async\" class=\"aligncenter size-full wp-image-12958\" src=\"https:\/\/www.henryledesign.com\/vi\/wp-content\/uploads\/chan-nen-hoang-hau-11.jpg\" alt=\"Ch\u00e2n N\u1ebfn Trang Tr\u00ed Ho\u00e0ng H\u1eadu\" width=\"1200\" height=\"800\" srcset=\"https:\/\/www.henryledesign.com\/vi\/wp-content\/uploads\/chan-nen-hoang-hau-11.jpg 1200w, https:\/\/www.henryledesign.com\/vi\/wp-content\/uploads\/chan-nen-hoang-hau-11-300x200.jpg 300w, https:\/\/www.henryledesign.com\/vi\/wp-content\/uploads\/chan-nen-hoang-hau-11-1024x683.jpg 1024w, https:\/\/www.henryledesign.com\/vi\/wp-content\/uploads\/chan-nen-hoang-hau-11-768x512.jpg 768w, https:\/\/www.henryledesign.com\/vi\/wp-content\/uploads\/chan-nen-hoang-hau-11-360x240.jpg 360w, https:\/\/www.henryledesign.com\/vi\/wp-content\/uploads\/chan-nen-hoang-hau-11-750x500.jpg 750w\" sizes=\"auto, (max-width: 1200px) 100vw, 1200px\" \/><\/a><\/p>\n<p><a href=\"https:\/\/www.henryledesign.com\/vi\/wp-content\/uploads\/chan-nen-hoang-hau-10.jpg\"><img loading=\"lazy\" decoding=\"async\" class=\"aligncenter size-full wp-image-12957\" src=\"https:\/\/www.henryledesign.com\/vi\/wp-content\/uploads\/chan-nen-hoang-hau-10.jpg\" alt=\"Ch\u00e2n N\u1ebfn Trang Tr\u00ed Ho\u00e0ng H\u1eadu\" width=\"1200\" height=\"800\" srcset=\"https:\/\/www.henryledesign.com\/vi\/wp-content\/uploads\/chan-nen-hoang-hau-10.jpg 1200w, https:\/\/www.henryledesign.com\/vi\/wp-content\/uploads\/chan-nen-hoang-hau-10-300x200.jpg 300w, https:\/\/www.henryledesign.com\/vi\/wp-content\/uploads\/chan-nen-hoang-hau-10-1024x683.jpg 1024w, https:\/\/www.henryledesign.com\/vi\/wp-content\/uploads\/chan-nen-hoang-hau-10-768x512.jpg 768w, https:\/\/www.henryledesign.com\/vi\/wp-content\/uploads\/chan-nen-hoang-hau-10-360x240.jpg 360w, https:\/\/www.henryledesign.com\/vi\/wp-content\/uploads\/chan-nen-hoang-hau-10-750x500.jpg 750w\" sizes=\"auto, (max-width: 1200px) 100vw, 1200px\" \/><\/a><\/p>\n<p><a href=\"https:\/\/www.henryledesign.com\/vi\/wp-content\/uploads\/chan-nen-hoang-hau-9.jpg\"><img loading=\"lazy\" decoding=\"async\" class=\"aligncenter size-full wp-image-12956\" src=\"https:\/\/www.henryledesign.com\/vi\/wp-content\/uploads\/chan-nen-hoang-hau-9.jpg\" alt=\"Ch\u00e2n N\u1ebfn Trang Tr\u00ed Ho\u00e0ng H\u1eadu\" width=\"1200\" height=\"800\" srcset=\"https:\/\/www.henryledesign.com\/vi\/wp-content\/uploads\/chan-nen-hoang-hau-9.jpg 1200w, https:\/\/www.henryledesign.com\/vi\/wp-content\/uploads\/chan-nen-hoang-hau-9-300x200.jpg 300w, https:\/\/www.henryledesign.com\/vi\/wp-content\/uploads\/chan-nen-hoang-hau-9-1024x683.jpg 1024w, https:\/\/www.henryledesign.com\/vi\/wp-content\/uploads\/chan-nen-hoang-hau-9-768x512.jpg 768w, https:\/\/www.henryledesign.com\/vi\/wp-content\/uploads\/chan-nen-hoang-hau-9-360x240.jpg 360w, https:\/\/www.henryledesign.com\/vi\/wp-content\/uploads\/chan-nen-hoang-hau-9-750x500.jpg 750w\" sizes=\"auto, (max-width: 1200px) 100vw, 1200px\" \/><\/a><\/p>\n<p><a href=\"https:\/\/www.henryledesign.com\/vi\/wp-content\/uploads\/chan-nen-hoang-hau-8.jpg\"><img loading=\"lazy\" decoding=\"async\" class=\"aligncenter size-full wp-image-12955\" src=\"https:\/\/www.henryledesign.com\/vi\/wp-content\/uploads\/chan-nen-hoang-hau-8.jpg\" alt=\"Ch\u00e2n N\u1ebfn Trang Tr\u00ed Ho\u00e0ng H\u1eadu\" width=\"1200\" height=\"800\" srcset=\"https:\/\/www.henryledesign.com\/vi\/wp-content\/uploads\/chan-nen-hoang-hau-8.jpg 1200w, https:\/\/www.henryledesign.com\/vi\/wp-content\/uploads\/chan-nen-hoang-hau-8-300x200.jpg 300w, https:\/\/www.henryledesign.com\/vi\/wp-content\/uploads\/chan-nen-hoang-hau-8-1024x683.jpg 1024w, https:\/\/www.henryledesign.com\/vi\/wp-content\/uploads\/chan-nen-hoang-hau-8-768x512.jpg 768w, https:\/\/www.henryledesign.com\/vi\/wp-content\/uploads\/chan-nen-hoang-hau-8-360x240.jpg 360w, https:\/\/www.henryledesign.com\/vi\/wp-content\/uploads\/chan-nen-hoang-hau-8-750x500.jpg 750w\" sizes=\"auto, (max-width: 1200px) 100vw, 1200px\" \/><\/a><\/p>\n<p><a href=\"https:\/\/www.henryledesign.com\/vi\/wp-content\/uploads\/chan-nen-hoang-hau-1.jpg\"><img loading=\"lazy\" decoding=\"async\" class=\"aligncenter size-full wp-image-12678\" src=\"https:\/\/www.henryledesign.com\/vi\/wp-content\/uploads\/chan-nen-hoang-hau-1.jpg\" alt=\"Ch\u00e2n N\u1ebfn Trang Tr\u00ed Ho\u00e0ng H\u1eadu\" width=\"1200\" height=\"800\" srcset=\"https:\/\/www.henryledesign.com\/vi\/wp-content\/uploads\/chan-nen-hoang-hau-1.jpg 1200w, https:\/\/www.henryledesign.com\/vi\/wp-content\/uploads\/chan-nen-hoang-hau-1-300x200.jpg 300w, https:\/\/www.henryledesign.com\/vi\/wp-content\/uploads\/chan-nen-hoang-hau-1-1024x683.jpg 1024w, https:\/\/www.henryledesign.com\/vi\/wp-content\/uploads\/chan-nen-hoang-hau-1-768x512.jpg 768w, https:\/\/www.henryledesign.com\/vi\/wp-content\/uploads\/chan-nen-hoang-hau-1-360x240.jpg 360w, https:\/\/www.henryledesign.com\/vi\/wp-content\/uploads\/chan-nen-hoang-hau-1-750x500.jpg 750w\" sizes=\"auto, (max-width: 1200px) 100vw, 1200px\" \/><\/a><\/p>\n<p><a href=\"https:\/\/www.henryledesign.com\/vi\/wp-content\/uploads\/chan-nen-hoang-hau.jpg\"><img loading=\"lazy\" decoding=\"async\" class=\"aligncenter size-full wp-image-12685\" src=\"https:\/\/www.henryledesign.com\/vi\/wp-content\/uploads\/chan-nen-hoang-hau.jpg\" alt=\"Ch\u00e2n N\u1ebfn Trang Tr\u00ed Ho\u00e0ng H\u1eadu\" width=\"1200\" height=\"800\" srcset=\"https:\/\/www.henryledesign.com\/vi\/wp-content\/uploads\/chan-nen-hoang-hau.jpg 1200w, https:\/\/www.henryledesign.com\/vi\/wp-content\/uploads\/chan-nen-hoang-hau-300x200.jpg 300w, https:\/\/www.henryledesign.com\/vi\/wp-content\/uploads\/chan-nen-hoang-hau-1024x683.jpg 1024w, https:\/\/www.henryledesign.com\/vi\/wp-content\/uploads\/chan-nen-hoang-hau-768x512.jpg 768w, https:\/\/www.henryledesign.com\/vi\/wp-content\/uploads\/chan-nen-hoang-hau-360x240.jpg 360w, https:\/\/www.henryledesign.com\/vi\/wp-content\/uploads\/chan-nen-hoang-hau-750x500.jpg 750w\" sizes=\"auto, (max-width: 1200px) 100vw, 1200px\" \/><\/a><\/p>\n<p><a href=\"https:\/\/www.henryledesign.com\/vi\/wp-content\/uploads\/chan-nen-hoang-hau-7.jpg\"><img loading=\"lazy\" decoding=\"async\" class=\"aligncenter size-full wp-image-12684\" src=\"https:\/\/www.henryledesign.com\/vi\/wp-content\/uploads\/chan-nen-hoang-hau-7.jpg\" alt=\"Ch\u00e2n N\u1ebfn Trang Tr\u00ed Ho\u00e0ng H\u1eadu\" width=\"1200\" height=\"800\" srcset=\"https:\/\/www.henryledesign.com\/vi\/wp-content\/uploads\/chan-nen-hoang-hau-7.jpg 1200w, https:\/\/www.henryledesign.com\/vi\/wp-content\/uploads\/chan-nen-hoang-hau-7-300x200.jpg 300w, https:\/\/www.henryledesign.com\/vi\/wp-content\/uploads\/chan-nen-hoang-hau-7-1024x683.jpg 1024w, https:\/\/www.henryledesign.com\/vi\/wp-content\/uploads\/chan-nen-hoang-hau-7-768x512.jpg 768w, https:\/\/www.henryledesign.com\/vi\/wp-content\/uploads\/chan-nen-hoang-hau-7-360x240.jpg 360w, https:\/\/www.henryledesign.com\/vi\/wp-content\/uploads\/chan-nen-hoang-hau-7-750x500.jpg 750w\" sizes=\"auto, (max-width: 1200px) 100vw, 1200px\" \/><\/a><\/p>\n<p><a href=\"https:\/\/www.henryledesign.com\/vi\/wp-content\/uploads\/chan-nen-hoang-hau-5.jpg\"><img loading=\"lazy\" decoding=\"async\" class=\"aligncenter size-full wp-image-12682\" src=\"https:\/\/www.henryledesign.com\/vi\/wp-content\/uploads\/chan-nen-hoang-hau-5.jpg\" alt=\"Ch\u00e2n N\u1ebfn Trang Tr\u00ed Ho\u00e0ng H\u1eadu\" width=\"1200\" height=\"800\" srcset=\"https:\/\/www.henryledesign.com\/vi\/wp-content\/uploads\/chan-nen-hoang-hau-5.jpg 1200w, https:\/\/www.henryledesign.com\/vi\/wp-content\/uploads\/chan-nen-hoang-hau-5-300x200.jpg 300w, https:\/\/www.henryledesign.com\/vi\/wp-content\/uploads\/chan-nen-hoang-hau-5-1024x683.jpg 1024w, https:\/\/www.henryledesign.com\/vi\/wp-content\/uploads\/chan-nen-hoang-hau-5-768x512.jpg 768w, https:\/\/www.henryledesign.com\/vi\/wp-content\/uploads\/chan-nen-hoang-hau-5-360x240.jpg 360w, https:\/\/www.henryledesign.com\/vi\/wp-content\/uploads\/chan-nen-hoang-hau-5-750x500.jpg 750w\" sizes=\"auto, (max-width: 1200px) 100vw, 1200px\" \/><\/a><\/p>\n<p><a href=\"https:\/\/www.henryledesign.com\/vi\/wp-content\/uploads\/chan-nen-hoang-hau-4.jpg\"><img loading=\"lazy\" decoding=\"async\" class=\"aligncenter size-full wp-image-12681\" src=\"https:\/\/www.henryledesign.com\/vi\/wp-content\/uploads\/chan-nen-hoang-hau-4.jpg\" alt=\"Ch\u00e2n N\u1ebfn Trang Tr\u00ed Ho\u00e0ng H\u1eadu\" width=\"1200\" height=\"800\" srcset=\"https:\/\/www.henryledesign.com\/vi\/wp-content\/uploads\/chan-nen-hoang-hau-4.jpg 1200w, https:\/\/www.henryledesign.com\/vi\/wp-content\/uploads\/chan-nen-hoang-hau-4-300x200.jpg 300w, https:\/\/www.henryledesign.com\/vi\/wp-content\/uploads\/chan-nen-hoang-hau-4-1024x683.jpg 1024w, https:\/\/www.henryledesign.com\/vi\/wp-content\/uploads\/chan-nen-hoang-hau-4-768x512.jpg 768w, https:\/\/www.henryledesign.com\/vi\/wp-content\/uploads\/chan-nen-hoang-hau-4-360x240.jpg 360w, https:\/\/www.henryledesign.com\/vi\/wp-content\/uploads\/chan-nen-hoang-hau-4-750x500.jpg 750w\" sizes=\"auto, (max-width: 1200px) 100vw, 1200px\" \/><\/a><\/p>\n<p><a href=\"https:\/\/www.henryledesign.com\/vi\/wp-content\/uploads\/chan-nen-hoang-hau-3.jpg\"><img loading=\"lazy\" decoding=\"async\" class=\"aligncenter size-full wp-image-12680\" src=\"https:\/\/www.henryledesign.com\/vi\/wp-content\/uploads\/chan-nen-hoang-hau-3.jpg\" alt=\"Ch\u00e2n N\u1ebfn Trang Tr\u00ed Ho\u00e0ng H\u1eadu\" width=\"1200\" height=\"800\" srcset=\"https:\/\/www.henryledesign.com\/vi\/wp-content\/uploads\/chan-nen-hoang-hau-3.jpg 1200w, https:\/\/www.henryledesign.com\/vi\/wp-content\/uploads\/chan-nen-hoang-hau-3-300x200.jpg 300w, https:\/\/www.henryledesign.com\/vi\/wp-content\/uploads\/chan-nen-hoang-hau-3-1024x683.jpg 1024w, https:\/\/www.henryledesign.com\/vi\/wp-content\/uploads\/chan-nen-hoang-hau-3-768x512.jpg 768w, https:\/\/www.henryledesign.com\/vi\/wp-content\/uploads\/chan-nen-hoang-hau-3-360x240.jpg 360w, https:\/\/www.henryledesign.com\/vi\/wp-content\/uploads\/chan-nen-hoang-hau-3-750x500.jpg 750w\" sizes=\"auto, (max-width: 1200px) 100vw, 1200px\" \/><\/a><\/p>\n<p><a href=\"https:\/\/www.henryledesign.com\/vi\/wp-content\/uploads\/chan-nen-hoang-hau-2.jpg\"><img loading=\"lazy\" decoding=\"async\" class=\"aligncenter size-full wp-image-12679\" src=\"https:\/\/www.henryledesign.com\/vi\/wp-content\/uploads\/chan-nen-hoang-hau-2.jpg\" alt=\"Ch\u00e2n N\u1ebfn Trang Tr\u00ed Ho\u00e0ng H\u1eadu\" width=\"1200\" height=\"800\" srcset=\"https:\/\/www.henryledesign.com\/vi\/wp-content\/uploads\/chan-nen-hoang-hau-2.jpg 1200w, https:\/\/www.henryledesign.com\/vi\/wp-content\/uploads\/chan-nen-hoang-hau-2-300x200.jpg 300w, https:\/\/www.henryledesign.com\/vi\/wp-content\/uploads\/chan-nen-hoang-hau-2-1024x683.jpg 1024w, https:\/\/www.henryledesign.com\/vi\/wp-content\/uploads\/chan-nen-hoang-hau-2-768x512.jpg 768w, https:\/\/www.henryledesign.com\/vi\/wp-content\/uploads\/chan-nen-hoang-hau-2-360x240.jpg 360w, https:\/\/www.henryledesign.com\/vi\/wp-content\/uploads\/chan-nen-hoang-hau-2-750x500.jpg 750w\" sizes=\"auto, (max-width: 1200px) 100vw, 1200px\" \/><\/a><\/p>\n","protected":false},"excerpt":{"rendered":"<div class=\"product-short-description\">\n<p><strong>K\u00edch Th\u01b0\u1edbc: <\/strong>17cm (Cao) x 10cm (\u0110\u01b0\u1eddng k\u00ednh)<br \/>\n<strong>Tr\u1ecdng L\u01b0\u1ee3ng: <\/strong>650g<br \/>\n<strong>Ch\u1ea5t Li\u1ec7u: <\/strong>129 chi\u1ebfc b\u00fat ch\u00ec m\u00e0u, g\u1ed7 &amp; keo Epoxy<br \/>\n<strong>\u0110\u1eb7c t\u00ednh:<\/strong> M\u1ed9t t\u00e1c ph\u1ea9m \u0111\u01b0\u1ee3c ti\u1ec7n th\u1ee7 c\u00f4ng \u0111\u1ed9c nh\u1ea5t \u2013 kh\u00f4ng c\u00f3 s\u1ea3n ph\u1ea9m th\u1ee9 hai gi\u1ed1ng 100%<br \/>\n<strong>\u0110\u01b0\u1ee3c thi\u1ebft k\u1ebf b\u1edfi:<\/strong>\u00a0Ngh\u1ec7 S\u0129 L\u00ea Xu\u00e2n H\u01b0\u1edfng<br \/>\n<strong>Xu\u1ea5t x\u1ee9:<\/strong> Vi\u1ec7t Nam<\/p>\n<\/div>\n","protected":false},"featured_media":13570,"comment_status":"open","ping_status":"closed","template":"","meta":[],"product_cat":[147,141,139,143],"product_tag":[],"class_list":["post-12480","product","type-product","status-publish","has-post-thumbnail","hentry","product_cat-chan-nen-trang-tri","product_cat-qua-tang-decor","product_cat-qua-tang-doanh-nghiep-doi-tac","product_cat-do-decor-trang-tri-noi-that-nha-van-phong"],"yoast_head":"<!-- This site is optimized with the Yoast SEO plugin v19.8 - https:\/\/yoast.com\/wordpress\/plugins\/seo\/ -->\n<title>Ch\u00e2n N\u1ebfn Trang Tr\u00ed Ho\u00e0ng H\u1eadu - Henry Le Design<\/title>\n<meta name=\"robots\" content=\"index, follow, max-snippet:-1, max-image-preview:large, max-video-preview:-1\" \/>\n<link rel=\"canonical\" href=\"https:\/\/www.henryledesign.com\/vi\/sp\/chan-nen-trang-tri-hoang-hau\/\" \/>\n<meta property=\"og:locale\" content=\"vi_VN\" \/>\n<meta property=\"og:type\" content=\"article\" \/>\n<meta property=\"og:title\" content=\"Ch\u00e2n N\u1ebfn Trang Tr\u00ed Ho\u00e0ng H\u1eadu - Henry Le Design\" \/>\n<meta property=\"og:description\" content=\"K\u00edch Th\u01b0\u1edbc: 17cm (Cao) x 10cm (\u0110\u01b0\u1eddng k\u00ednh) Tr\u1ecdng L\u01b0\u1ee3ng: 650g Ch\u1ea5t Li\u1ec7u: 129 chi\u1ebfc b\u00fat ch\u00ec m\u00e0u, g\u1ed7 &amp; keo Epoxy \u0110\u1eb7c t\u00ednh: M\u1ed9t t\u00e1c ph\u1ea9m \u0111\u01b0\u1ee3c ti\u1ec7n th\u1ee7 c\u00f4ng \u0111\u1ed9c nh\u1ea5t \u2013 kh\u00f4ng c\u00f3 s\u1ea3n ph\u1ea9m th\u1ee9 hai gi\u1ed1ng 100% \u0110\u01b0\u1ee3c thi\u1ebft k\u1ebf b\u1edfi:\u00a0Ngh\u1ec7 S\u0129 L\u00ea Xu\u00e2n H\u01b0\u1edfng Xu\u1ea5t x\u1ee9: Vi\u1ec7t Nam\" \/>\n<meta property=\"og:url\" content=\"https:\/\/www.henryledesign.com\/vi\/sp\/chan-nen-trang-tri-hoang-hau\/\" \/>\n<meta property=\"og:site_name\" content=\"Henry Le Design\" \/>\n<meta property=\"article:modified_time\" content=\"2025-05-23T15:54:37+00:00\" \/>\n<meta property=\"og:image\" content=\"https:\/\/www.henryledesign.com\/vi\/wp-content\/uploads\/Chan-Nen-Trang-TRi-Hoang-Hau.jpg\" \/>\n\t<meta property=\"og:image:width\" content=\"1140\" \/>\n\t<meta property=\"og:image:height\" content=\"1140\" \/>\n\t<meta property=\"og:image:type\" content=\"image\/jpeg\" \/>\n<meta name=\"twitter:card\" content=\"summary_large_image\" \/>\n<meta name=\"twitter:label1\" content=\"\u01af\u1edbc t\u00ednh th\u1eddi gian \u0111\u1ecdc\" \/>\n\t<meta name=\"twitter:data1\" content=\"3 ph\u00fat\" \/>\n<script type=\"application\/ld+json\" class=\"yoast-schema-graph\">{\"@context\":\"https:\/\/schema.org\",\"@graph\":[{\"@type\":\"WebPage\",\"@id\":\"https:\/\/www.henryledesign.com\/vi\/sp\/chan-nen-trang-tri-hoang-hau\/\",\"url\":\"https:\/\/www.henryledesign.com\/vi\/sp\/chan-nen-trang-tri-hoang-hau\/\",\"name\":\"Ch\u00e2n N\u1ebfn Trang Tr\u00ed Ho\u00e0ng H\u1eadu - Henry Le Design\",\"isPartOf\":{\"@id\":\"https:\/\/www.henryledesign.com\/vi\/#website\"},\"datePublished\":\"2021-06-25T10:13:14+00:00\",\"dateModified\":\"2025-05-23T15:54:37+00:00\",\"breadcrumb\":{\"@id\":\"https:\/\/www.henryledesign.com\/vi\/sp\/chan-nen-trang-tri-hoang-hau\/#breadcrumb\"},\"inLanguage\":\"vi\",\"potentialAction\":[{\"@type\":\"ReadAction\",\"target\":[\"https:\/\/www.henryledesign.com\/vi\/sp\/chan-nen-trang-tri-hoang-hau\/\"]}]},{\"@type\":\"BreadcrumbList\",\"@id\":\"https:\/\/www.henryledesign.com\/vi\/sp\/chan-nen-trang-tri-hoang-hau\/#breadcrumb\",\"itemListElement\":[{\"@type\":\"ListItem\",\"position\":1,\"name\":\"Home\",\"item\":\"https:\/\/www.henryledesign.com\/vi\/\"},{\"@type\":\"ListItem\",\"position\":2,\"name\":\"S\u1ea3n ph\u1ea9m\",\"item\":\"https:\/\/www.henryledesign.com\/vi\/shop\/\"},{\"@type\":\"ListItem\",\"position\":3,\"name\":\"Ch\u00e2n N\u1ebfn Trang Tr\u00ed Ho\u00e0ng H\u1eadu\"}]},{\"@type\":\"WebSite\",\"@id\":\"https:\/\/www.henryledesign.com\/vi\/#website\",\"url\":\"https:\/\/www.henryledesign.com\/vi\/\",\"name\":\"Henry Le Design\",\"description\":\"N\u1ed9i Th\u1ea5t Decor S\u00e1ng T\u1ea1o - Qu\u00e0 T\u1eb7ng Doanh Nghi\u1ec7p Doanh Nh\u00e2n \u0110\u1ed9c \u0110\u00e1o\",\"potentialAction\":[{\"@type\":\"SearchAction\",\"target\":{\"@type\":\"EntryPoint\",\"urlTemplate\":\"https:\/\/www.henryledesign.com\/vi\/?s={search_term_string}\"},\"query-input\":\"required name=search_term_string\"}],\"inLanguage\":\"vi\"}]}<\/script>\n<!-- \/ Yoast SEO plugin. -->","yoast_head_json":{"title":"Ch\u00e2n N\u1ebfn Trang Tr\u00ed Ho\u00e0ng H\u1eadu - Henry Le Design","robots":{"index":"index","follow":"follow","max-snippet":"max-snippet:-1","max-image-preview":"max-image-preview:large","max-video-preview":"max-video-preview:-1"},"canonical":"https:\/\/www.henryledesign.com\/vi\/sp\/chan-nen-trang-tri-hoang-hau\/","og_locale":"vi_VN","og_type":"article","og_title":"Ch\u00e2n N\u1ebfn Trang Tr\u00ed Ho\u00e0ng H\u1eadu - Henry Le Design","og_description":"K\u00edch Th\u01b0\u1edbc: 17cm (Cao) x 10cm (\u0110\u01b0\u1eddng k\u00ednh) Tr\u1ecdng L\u01b0\u1ee3ng: 650g Ch\u1ea5t Li\u1ec7u: 129 chi\u1ebfc b\u00fat ch\u00ec m\u00e0u, g\u1ed7 &amp; keo Epoxy \u0110\u1eb7c t\u00ednh: M\u1ed9t t\u00e1c ph\u1ea9m \u0111\u01b0\u1ee3c ti\u1ec7n th\u1ee7 c\u00f4ng \u0111\u1ed9c nh\u1ea5t \u2013 kh\u00f4ng c\u00f3 s\u1ea3n ph\u1ea9m th\u1ee9 hai gi\u1ed1ng 100% \u0110\u01b0\u1ee3c thi\u1ebft k\u1ebf b\u1edfi:\u00a0Ngh\u1ec7 S\u0129 L\u00ea Xu\u00e2n H\u01b0\u1edfng Xu\u1ea5t x\u1ee9: Vi\u1ec7t Nam","og_url":"https:\/\/www.henryledesign.com\/vi\/sp\/chan-nen-trang-tri-hoang-hau\/","og_site_name":"Henry Le Design","article_modified_time":"2025-05-23T15:54:37+00:00","og_image":[{"width":1140,"height":1140,"url":"https:\/\/www.henryledesign.com\/vi\/wp-content\/uploads\/Chan-Nen-Trang-TRi-Hoang-Hau.jpg","type":"image\/jpeg"}],"twitter_card":"summary_large_image","twitter_misc":{"\u01af\u1edbc t\u00ednh th\u1eddi gian \u0111\u1ecdc":"3 ph\u00fat"},"schema":{"@context":"https:\/\/schema.org","@graph":[{"@type":"WebPage","@id":"https:\/\/www.henryledesign.com\/vi\/sp\/chan-nen-trang-tri-hoang-hau\/","url":"https:\/\/www.henryledesign.com\/vi\/sp\/chan-nen-trang-tri-hoang-hau\/","name":"Ch\u00e2n N\u1ebfn Trang Tr\u00ed Ho\u00e0ng H\u1eadu - Henry Le Design","isPartOf":{"@id":"https:\/\/www.henryledesign.com\/vi\/#website"},"datePublished":"2021-06-25T10:13:14+00:00","dateModified":"2025-05-23T15:54:37+00:00","breadcrumb":{"@id":"https:\/\/www.henryledesign.com\/vi\/sp\/chan-nen-trang-tri-hoang-hau\/#breadcrumb"},"inLanguage":"vi","potentialAction":[{"@type":"ReadAction","target":["https:\/\/www.henryledesign.com\/vi\/sp\/chan-nen-trang-tri-hoang-hau\/"]}]},{"@type":"BreadcrumbList","@id":"https:\/\/www.henryledesign.com\/vi\/sp\/chan-nen-trang-tri-hoang-hau\/#breadcrumb","itemListElement":[{"@type":"ListItem","position":1,"name":"Home","item":"https:\/\/www.henryledesign.com\/vi\/"},{"@type":"ListItem","position":2,"name":"S\u1ea3n ph\u1ea9m","item":"https:\/\/www.henryledesign.com\/vi\/shop\/"},{"@type":"ListItem","position":3,"name":"Ch\u00e2n N\u1ebfn Trang Tr\u00ed Ho\u00e0ng H\u1eadu"}]},{"@type":"WebSite","@id":"https:\/\/www.henryledesign.com\/vi\/#website","url":"https:\/\/www.henryledesign.com\/vi\/","name":"Henry Le Design","description":"N\u1ed9i Th\u1ea5t Decor S\u00e1ng T\u1ea1o - Qu\u00e0 T\u1eb7ng Doanh Nghi\u1ec7p Doanh Nh\u00e2n \u0110\u1ed9c \u0110\u00e1o","potentialAction":[{"@type":"SearchAction","target":{"@type":"EntryPoint","urlTemplate":"https:\/\/www.henryledesign.com\/vi\/?s={search_term_string}"},"query-input":"required name=search_term_string"}],"inLanguage":"vi"}]}},"_links":{"self":[{"href":"https:\/\/www.henryledesign.com\/vi\/wp-json\/wp\/v2\/product\/12480","targetHints":{"allow":["GET"]}}],"collection":[{"href":"https:\/\/www.henryledesign.com\/vi\/wp-json\/wp\/v2\/product"}],"about":[{"href":"https:\/\/www.henryledesign.com\/vi\/wp-json\/wp\/v2\/types\/product"}],"replies":[{"embeddable":true,"href":"https:\/\/www.henryledesign.com\/vi\/wp-json\/wp\/v2\/comments?post=12480"}],"wp:featuredmedia":[{"embeddable":true,"href":"https:\/\/www.henryledesign.com\/vi\/wp-json\/wp\/v2\/media\/13570"}],"wp:attachment":[{"href":"https:\/\/www.henryledesign.com\/vi\/wp-json\/wp\/v2\/media?parent=12480"}],"wp:term":[{"taxonomy":"product_cat","embeddable":true,"href":"https:\/\/www.henryledesign.com\/vi\/wp-json\/wp\/v2\/product_cat?post=12480"},{"taxonomy":"product_tag","embeddable":true,"href":"https:\/\/www.henryledesign.com\/vi\/wp-json\/wp\/v2\/product_tag?post=12480"}],"curies":[{"name":"wp","href":"https:\/\/api.w.org\/{rel}","templated":true}]}}