{"id":10854,"date":"2020-11-24T17:07:51","date_gmt":"2020-11-24T10:07:51","guid":{"rendered":"https:\/\/www.henryledesign.com\/vi\/?post_type=product&#038;p=10854"},"modified":"2025-03-13T09:50:39","modified_gmt":"2025-03-13T02:50:39","slug":"dong-ho-treo-tuong-trang-tri-nang-tho-urania","status":"publish","type":"product","link":"https:\/\/www.henryledesign.com\/vi\/sp\/dong-ho-treo-tuong-trang-tri-nang-tho-urania\/","title":{"rendered":"\u0110\u1ed3ng H\u1ed3 Treo T\u01b0\u1eddng Trang Tr\u00ed N\u00e0ng Th\u01a1 Urania"},"content":{"rendered":"<p><a href=\"https:\/\/www.henryledesign.com\/vi\/wp-content\/uploads\/dong-ho-treo-tuong-trang-tri-nang-tho-Urania-1.jpg\"><img loading=\"lazy\" decoding=\"async\" class=\"aligncenter size-full wp-image-10856\" src=\"https:\/\/www.henryledesign.com\/vi\/wp-content\/uploads\/dong-ho-treo-tuong-trang-tri-nang-tho-Urania-1.jpg\" alt=\"\u0110\u1ed3ng H\u1ed3 Treo T\u01b0\u1eddng Trang Tr\u00ed N\u00e0ng Th\u01a1 Urania\" width=\"900\" height=\"600\" srcset=\"https:\/\/www.henryledesign.com\/vi\/wp-content\/uploads\/dong-ho-treo-tuong-trang-tri-nang-tho-Urania-1.jpg 900w, https:\/\/www.henryledesign.com\/vi\/wp-content\/uploads\/dong-ho-treo-tuong-trang-tri-nang-tho-Urania-1-360x240.jpg 360w, https:\/\/www.henryledesign.com\/vi\/wp-content\/uploads\/dong-ho-treo-tuong-trang-tri-nang-tho-Urania-1-300x200.jpg 300w, https:\/\/www.henryledesign.com\/vi\/wp-content\/uploads\/dong-ho-treo-tuong-trang-tri-nang-tho-Urania-1-768x512.jpg 768w, https:\/\/www.henryledesign.com\/vi\/wp-content\/uploads\/dong-ho-treo-tuong-trang-tri-nang-tho-Urania-1-750x500.jpg 750w\" sizes=\"auto, (max-width: 900px) 100vw, 900px\" \/><\/a><\/p>\n<p><a href=\"https:\/\/www.henryledesign.com\/vi\/wp-content\/uploads\/dong-ho-treo-tuong-trang-tri-nang-tho-Urania.jpg\"><img loading=\"lazy\" decoding=\"async\" class=\"aligncenter size-full wp-image-10855\" src=\"https:\/\/www.henryledesign.com\/vi\/wp-content\/uploads\/dong-ho-treo-tuong-trang-tri-nang-tho-Urania.jpg\" alt=\"\u0110\u1ed3ng H\u1ed3 Treo T\u01b0\u1eddng Trang Tr\u00ed N\u00e0ng Th\u01a1 Urania 1\" width=\"900\" height=\"600\" srcset=\"https:\/\/www.henryledesign.com\/vi\/wp-content\/uploads\/dong-ho-treo-tuong-trang-tri-nang-tho-Urania.jpg 900w, https:\/\/www.henryledesign.com\/vi\/wp-content\/uploads\/dong-ho-treo-tuong-trang-tri-nang-tho-Urania-360x240.jpg 360w, https:\/\/www.henryledesign.com\/vi\/wp-content\/uploads\/dong-ho-treo-tuong-trang-tri-nang-tho-Urania-300x200.jpg 300w, https:\/\/www.henryledesign.com\/vi\/wp-content\/uploads\/dong-ho-treo-tuong-trang-tri-nang-tho-Urania-768x512.jpg 768w, https:\/\/www.henryledesign.com\/vi\/wp-content\/uploads\/dong-ho-treo-tuong-trang-tri-nang-tho-Urania-750x500.jpg 750w\" sizes=\"auto, (max-width: 900px) 100vw, 900px\" \/><\/a><\/p>\n<p><a href=\"https:\/\/www.henryledesign.com\/vi\/wp-content\/uploads\/dong-ho-treo-tuong-trang-tri-nang-tho-Urania-2.jpg\"><img loading=\"lazy\" decoding=\"async\" class=\"aligncenter size-full wp-image-10857\" src=\"https:\/\/www.henryledesign.com\/vi\/wp-content\/uploads\/dong-ho-treo-tuong-trang-tri-nang-tho-Urania-2.jpg\" alt=\"\u0110\u1ed3ng H\u1ed3 Treo T\u01b0\u1eddng Trang Tr\u00ed N\u00e0ng Th\u01a1 Urania 2\" width=\"900\" height=\"542\" srcset=\"https:\/\/www.henryledesign.com\/vi\/wp-content\/uploads\/dong-ho-treo-tuong-trang-tri-nang-tho-Urania-2.jpg 900w, https:\/\/www.henryledesign.com\/vi\/wp-content\/uploads\/dong-ho-treo-tuong-trang-tri-nang-tho-Urania-2-300x181.jpg 300w, https:\/\/www.henryledesign.com\/vi\/wp-content\/uploads\/dong-ho-treo-tuong-trang-tri-nang-tho-Urania-2-768x463.jpg 768w, https:\/\/www.henryledesign.com\/vi\/wp-content\/uploads\/dong-ho-treo-tuong-trang-tri-nang-tho-Urania-2-750x452.jpg 750w\" sizes=\"auto, (max-width: 900px) 100vw, 900px\" \/><\/a><\/p>\n","protected":false},"excerpt":{"rendered":"<p><strong>K\u00edch th\u01b0\u1edbc:<\/strong> 30 cm<br \/>\n<strong>Nguy\u00ean li\u1ec7u:<\/strong><\/p>\n<ul>\n<li>G\u1ed7 t\u1ef1 nhi\u00ean b\u1ec1n \u0111\u1eb9p, d\u1ec5 d\u00e0ng v\u1ec7 sinh<\/li>\n<li>B\u00fat ch\u00ec m\u00e0u \u0111\u01b0\u1ee3c trang tr\u00ed tr\u00ean b\u1ec1 m\u1eb7t ph\u1ee7 nh\u1ef1a epoxy ch\u1eafc ch\u1eafn, b\u1ec1n b\u1ec9 v\u1edbi th\u1eddi gian<\/li>\n<\/ul>\n<p><strong>Thi\u1ebft k\u1ebf b\u1edfi:<\/strong> Henry Le<br \/>\n<strong>Xu\u1ea5t x\u1ee9:<\/strong> Vi\u1ec7t Nam<\/p>\n","protected":false},"featured_media":10856,"comment_status":"open","ping_status":"closed","template":"","meta":[],"product_cat":[137,139],"product_tag":[],"class_list":["post-10854","product","type-product","status-publish","has-post-thumbnail","hentry","product_cat-dong-ho-decor-nghe-thuat","product_cat-qua-tang-doanh-nghiep-doi-tac"],"yoast_head":"<!-- This site is optimized with the Yoast SEO plugin v19.8 - https:\/\/yoast.com\/wordpress\/plugins\/seo\/ -->\n<title>\u0110\u1ed3ng H\u1ed3 Treo T\u01b0\u1eddng Trang Tr\u00ed N\u00e0ng Th\u01a1 Urania - Henry Le Design<\/title>\n<meta name=\"robots\" content=\"index, follow, max-snippet:-1, max-image-preview:large, max-video-preview:-1\" \/>\n<link rel=\"canonical\" href=\"https:\/\/www.henryledesign.com\/vi\/sp\/dong-ho-treo-tuong-trang-tri-nang-tho-urania\/\" \/>\n<meta property=\"og:locale\" content=\"vi_VN\" \/>\n<meta property=\"og:type\" content=\"article\" \/>\n<meta property=\"og:title\" content=\"\u0110\u1ed3ng H\u1ed3 Treo T\u01b0\u1eddng Trang Tr\u00ed N\u00e0ng Th\u01a1 Urania - Henry Le Design\" \/>\n<meta property=\"og:description\" content=\"K\u00edch th\u01b0\u1edbc: 30 cm Nguy\u00ean li\u1ec7u:   G\u1ed7 t\u1ef1 nhi\u00ean b\u1ec1n \u0111\u1eb9p, d\u1ec5 d\u00e0ng v\u1ec7 sinh  B\u00fat ch\u00ec m\u00e0u \u0111\u01b0\u1ee3c trang tr\u00ed tr\u00ean b\u1ec1 m\u1eb7t ph\u1ee7 nh\u1ef1a epoxy ch\u1eafc ch\u1eafn, b\u1ec1n b\u1ec9 v\u1edbi th\u1eddi gian  Thi\u1ebft k\u1ebf b\u1edfi: Henry Le Xu\u1ea5t x\u1ee9: Vi\u1ec7t Nam\" \/>\n<meta property=\"og:url\" content=\"https:\/\/www.henryledesign.com\/vi\/sp\/dong-ho-treo-tuong-trang-tri-nang-tho-urania\/\" \/>\n<meta property=\"og:site_name\" content=\"Henry Le Design\" \/>\n<meta property=\"article:modified_time\" content=\"2025-03-13T02:50:39+00:00\" \/>\n<meta property=\"og:image\" content=\"https:\/\/www.henryledesign.com\/vi\/wp-content\/uploads\/dong-ho-treo-tuong-trang-tri-nang-tho-Urania-1.jpg\" \/>\n\t<meta property=\"og:image:width\" content=\"900\" \/>\n\t<meta property=\"og:image:height\" content=\"600\" \/>\n\t<meta property=\"og:image:type\" content=\"image\/jpeg\" \/>\n<meta name=\"twitter:card\" content=\"summary_large_image\" \/>\n<script type=\"application\/ld+json\" class=\"yoast-schema-graph\">{\"@context\":\"https:\/\/schema.org\",\"@graph\":[{\"@type\":\"WebPage\",\"@id\":\"https:\/\/www.henryledesign.com\/vi\/sp\/dong-ho-treo-tuong-trang-tri-nang-tho-urania\/\",\"url\":\"https:\/\/www.henryledesign.com\/vi\/sp\/dong-ho-treo-tuong-trang-tri-nang-tho-urania\/\",\"name\":\"\u0110\u1ed3ng H\u1ed3 Treo T\u01b0\u1eddng Trang Tr\u00ed N\u00e0ng Th\u01a1 Urania - Henry Le Design\",\"isPartOf\":{\"@id\":\"https:\/\/www.henryledesign.com\/vi\/#website\"},\"datePublished\":\"2020-11-24T10:07:51+00:00\",\"dateModified\":\"2025-03-13T02:50:39+00:00\",\"breadcrumb\":{\"@id\":\"https:\/\/www.henryledesign.com\/vi\/sp\/dong-ho-treo-tuong-trang-tri-nang-tho-urania\/#breadcrumb\"},\"inLanguage\":\"vi\",\"potentialAction\":[{\"@type\":\"ReadAction\",\"target\":[\"https:\/\/www.henryledesign.com\/vi\/sp\/dong-ho-treo-tuong-trang-tri-nang-tho-urania\/\"]}]},{\"@type\":\"BreadcrumbList\",\"@id\":\"https:\/\/www.henryledesign.com\/vi\/sp\/dong-ho-treo-tuong-trang-tri-nang-tho-urania\/#breadcrumb\",\"itemListElement\":[{\"@type\":\"ListItem\",\"position\":1,\"name\":\"Home\",\"item\":\"https:\/\/www.henryledesign.com\/vi\/\"},{\"@type\":\"ListItem\",\"position\":2,\"name\":\"S\u1ea3n ph\u1ea9m\",\"item\":\"https:\/\/www.henryledesign.com\/vi\/shop\/\"},{\"@type\":\"ListItem\",\"position\":3,\"name\":\"\u0110\u1ed3ng H\u1ed3 Treo T\u01b0\u1eddng Trang Tr\u00ed N\u00e0ng Th\u01a1 Urania\"}]},{\"@type\":\"WebSite\",\"@id\":\"https:\/\/www.henryledesign.com\/vi\/#website\",\"url\":\"https:\/\/www.henryledesign.com\/vi\/\",\"name\":\"Henry Le Design\",\"description\":\"N\u1ed9i Th\u1ea5t Decor S\u00e1ng T\u1ea1o - Qu\u00e0 T\u1eb7ng Doanh Nghi\u1ec7p Doanh Nh\u00e2n \u0110\u1ed9c \u0110\u00e1o\",\"potentialAction\":[{\"@type\":\"SearchAction\",\"target\":{\"@type\":\"EntryPoint\",\"urlTemplate\":\"https:\/\/www.henryledesign.com\/vi\/?s={search_term_string}\"},\"query-input\":\"required name=search_term_string\"}],\"inLanguage\":\"vi\"}]}<\/script>\n<!-- \/ Yoast SEO plugin. -->","yoast_head_json":{"title":"\u0110\u1ed3ng H\u1ed3 Treo T\u01b0\u1eddng Trang Tr\u00ed N\u00e0ng Th\u01a1 Urania - Henry Le Design","robots":{"index":"index","follow":"follow","max-snippet":"max-snippet:-1","max-image-preview":"max-image-preview:large","max-video-preview":"max-video-preview:-1"},"canonical":"https:\/\/www.henryledesign.com\/vi\/sp\/dong-ho-treo-tuong-trang-tri-nang-tho-urania\/","og_locale":"vi_VN","og_type":"article","og_title":"\u0110\u1ed3ng H\u1ed3 Treo T\u01b0\u1eddng Trang Tr\u00ed N\u00e0ng Th\u01a1 Urania - Henry Le Design","og_description":"K\u00edch th\u01b0\u1edbc: 30 cm Nguy\u00ean li\u1ec7u:   G\u1ed7 t\u1ef1 nhi\u00ean b\u1ec1n \u0111\u1eb9p, d\u1ec5 d\u00e0ng v\u1ec7 sinh  B\u00fat ch\u00ec m\u00e0u \u0111\u01b0\u1ee3c trang tr\u00ed tr\u00ean b\u1ec1 m\u1eb7t ph\u1ee7 nh\u1ef1a epoxy ch\u1eafc ch\u1eafn, b\u1ec1n b\u1ec9 v\u1edbi th\u1eddi gian  Thi\u1ebft k\u1ebf b\u1edfi: Henry Le Xu\u1ea5t x\u1ee9: Vi\u1ec7t Nam","og_url":"https:\/\/www.henryledesign.com\/vi\/sp\/dong-ho-treo-tuong-trang-tri-nang-tho-urania\/","og_site_name":"Henry Le Design","article_modified_time":"2025-03-13T02:50:39+00:00","og_image":[{"width":900,"height":600,"url":"https:\/\/www.henryledesign.com\/vi\/wp-content\/uploads\/dong-ho-treo-tuong-trang-tri-nang-tho-Urania-1.jpg","type":"image\/jpeg"}],"twitter_card":"summary_large_image","schema":{"@context":"https:\/\/schema.org","@graph":[{"@type":"WebPage","@id":"https:\/\/www.henryledesign.com\/vi\/sp\/dong-ho-treo-tuong-trang-tri-nang-tho-urania\/","url":"https:\/\/www.henryledesign.com\/vi\/sp\/dong-ho-treo-tuong-trang-tri-nang-tho-urania\/","name":"\u0110\u1ed3ng H\u1ed3 Treo T\u01b0\u1eddng Trang Tr\u00ed N\u00e0ng Th\u01a1 Urania - Henry Le Design","isPartOf":{"@id":"https:\/\/www.henryledesign.com\/vi\/#website"},"datePublished":"2020-11-24T10:07:51+00:00","dateModified":"2025-03-13T02:50:39+00:00","breadcrumb":{"@id":"https:\/\/www.henryledesign.com\/vi\/sp\/dong-ho-treo-tuong-trang-tri-nang-tho-urania\/#breadcrumb"},"inLanguage":"vi","potentialAction":[{"@type":"ReadAction","target":["https:\/\/www.henryledesign.com\/vi\/sp\/dong-ho-treo-tuong-trang-tri-nang-tho-urania\/"]}]},{"@type":"BreadcrumbList","@id":"https:\/\/www.henryledesign.com\/vi\/sp\/dong-ho-treo-tuong-trang-tri-nang-tho-urania\/#breadcrumb","itemListElement":[{"@type":"ListItem","position":1,"name":"Home","item":"https:\/\/www.henryledesign.com\/vi\/"},{"@type":"ListItem","position":2,"name":"S\u1ea3n ph\u1ea9m","item":"https:\/\/www.henryledesign.com\/vi\/shop\/"},{"@type":"ListItem","position":3,"name":"\u0110\u1ed3ng H\u1ed3 Treo T\u01b0\u1eddng Trang Tr\u00ed N\u00e0ng Th\u01a1 Urania"}]},{"@type":"WebSite","@id":"https:\/\/www.henryledesign.com\/vi\/#website","url":"https:\/\/www.henryledesign.com\/vi\/","name":"Henry Le Design","description":"N\u1ed9i Th\u1ea5t Decor S\u00e1ng T\u1ea1o - Qu\u00e0 T\u1eb7ng Doanh Nghi\u1ec7p Doanh Nh\u00e2n \u0110\u1ed9c \u0110\u00e1o","potentialAction":[{"@type":"SearchAction","target":{"@type":"EntryPoint","urlTemplate":"https:\/\/www.henryledesign.com\/vi\/?s={search_term_string}"},"query-input":"required name=search_term_string"}],"inLanguage":"vi"}]}},"_links":{"self":[{"href":"https:\/\/www.henryledesign.com\/vi\/wp-json\/wp\/v2\/product\/10854","targetHints":{"allow":["GET"]}}],"collection":[{"href":"https:\/\/www.henryledesign.com\/vi\/wp-json\/wp\/v2\/product"}],"about":[{"href":"https:\/\/www.henryledesign.com\/vi\/wp-json\/wp\/v2\/types\/product"}],"replies":[{"embeddable":true,"href":"https:\/\/www.henryledesign.com\/vi\/wp-json\/wp\/v2\/comments?post=10854"}],"wp:featuredmedia":[{"embeddable":true,"href":"https:\/\/www.henryledesign.com\/vi\/wp-json\/wp\/v2\/media\/10856"}],"wp:attachment":[{"href":"https:\/\/www.henryledesign.com\/vi\/wp-json\/wp\/v2\/media?parent=10854"}],"wp:term":[{"taxonomy":"product_cat","embeddable":true,"href":"https:\/\/www.henryledesign.com\/vi\/wp-json\/wp\/v2\/product_cat?post=10854"},{"taxonomy":"product_tag","embeddable":true,"href":"https:\/\/www.henryledesign.com\/vi\/wp-json\/wp\/v2\/product_tag?post=10854"}],"curies":[{"name":"wp","href":"https:\/\/api.w.org\/{rel}","templated":true}]}}