{"id":10815,"date":"2020-11-24T16:47:23","date_gmt":"2020-11-24T09:47:23","guid":{"rendered":"https:\/\/www.henryledesign.com\/vi\/?post_type=product&#038;p=10815"},"modified":"2025-05-23T13:28:34","modified_gmt":"2025-05-23T06:28:34","slug":"gia-treo-2-ly-ruou-vang-ellipse-bang-go-hoa-tiet-but-chi-mau","status":"publish","type":"product","link":"https:\/\/www.henryledesign.com\/vi\/sp\/gia-treo-2-ly-ruou-vang-ellipse-bang-go-hoa-tiet-but-chi-mau\/","title":{"rendered":"Gi\u00e1 Treo 2 Ly R\u01b0\u1ee3u Vang Ellipse B\u1eb1ng G\u1ed7 H\u1ecda Ti\u1ebft B\u00fat Ch\u00ec M\u00e0u"},"content":{"rendered":"<p><a href=\"https:\/\/www.henryledesign.com\/vi\/wp-content\/uploads\/gia-treo-2-ly-ruou-vang-ellipse-5.jpg\"><img loading=\"lazy\" decoding=\"async\" class=\"aligncenter size-full wp-image-12844\" src=\"https:\/\/www.henryledesign.com\/vi\/wp-content\/uploads\/gia-treo-2-ly-ruou-vang-ellipse-5.jpg\" alt=\"Gi\u00e1 Treo 2 Ly R\u01b0\u1ee3u Vang Ellipse B\u1eb1ng G\u1ed7 H\u1ecda Ti\u1ebft B\u00fat Ch\u00ec M\u00e0u\" width=\"1140\" height=\"1140\" srcset=\"https:\/\/www.henryledesign.com\/vi\/wp-content\/uploads\/gia-treo-2-ly-ruou-vang-ellipse-5.jpg 1140w, https:\/\/www.henryledesign.com\/vi\/wp-content\/uploads\/gia-treo-2-ly-ruou-vang-ellipse-5-300x300.jpg 300w, https:\/\/www.henryledesign.com\/vi\/wp-content\/uploads\/gia-treo-2-ly-ruou-vang-ellipse-5-1024x1024.jpg 1024w, https:\/\/www.henryledesign.com\/vi\/wp-content\/uploads\/gia-treo-2-ly-ruou-vang-ellipse-5-150x150.jpg 150w, https:\/\/www.henryledesign.com\/vi\/wp-content\/uploads\/gia-treo-2-ly-ruou-vang-ellipse-5-768x768.jpg 768w, https:\/\/www.henryledesign.com\/vi\/wp-content\/uploads\/gia-treo-2-ly-ruou-vang-ellipse-5-750x750.jpg 750w, https:\/\/www.henryledesign.com\/vi\/wp-content\/uploads\/gia-treo-2-ly-ruou-vang-ellipse-5-100x100.jpg 100w\" sizes=\"auto, (max-width: 1140px) 100vw, 1140px\" \/><\/a><\/p>\n<p><a href=\"https:\/\/www.henryledesign.com\/vi\/wp-content\/uploads\/gia-treo-2-ly-ruou-vang-ellipse.jpg\"><img loading=\"lazy\" decoding=\"async\" class=\"aligncenter size-full wp-image-12847\" src=\"https:\/\/www.henryledesign.com\/vi\/wp-content\/uploads\/gia-treo-2-ly-ruou-vang-ellipse.jpg\" alt=\"Gi\u00e1 Treo 2 Ly R\u01b0\u1ee3u Vang Ellipse B\u1eb1ng G\u1ed7 H\u1ecda Ti\u1ebft B\u00fat Ch\u00ec M\u00e0u\" width=\"1140\" height=\"1140\" srcset=\"https:\/\/www.henryledesign.com\/vi\/wp-content\/uploads\/gia-treo-2-ly-ruou-vang-ellipse.jpg 1140w, https:\/\/www.henryledesign.com\/vi\/wp-content\/uploads\/gia-treo-2-ly-ruou-vang-ellipse-300x300.jpg 300w, https:\/\/www.henryledesign.com\/vi\/wp-content\/uploads\/gia-treo-2-ly-ruou-vang-ellipse-1024x1024.jpg 1024w, https:\/\/www.henryledesign.com\/vi\/wp-content\/uploads\/gia-treo-2-ly-ruou-vang-ellipse-150x150.jpg 150w, https:\/\/www.henryledesign.com\/vi\/wp-content\/uploads\/gia-treo-2-ly-ruou-vang-ellipse-768x768.jpg 768w, https:\/\/www.henryledesign.com\/vi\/wp-content\/uploads\/gia-treo-2-ly-ruou-vang-ellipse-750x750.jpg 750w, https:\/\/www.henryledesign.com\/vi\/wp-content\/uploads\/gia-treo-2-ly-ruou-vang-ellipse-100x100.jpg 100w\" sizes=\"auto, (max-width: 1140px) 100vw, 1140px\" \/><\/a><\/p>\n<p><a href=\"https:\/\/www.henryledesign.com\/vi\/wp-content\/uploads\/gia-treo-2-ly-ruou-vang-ellipse-3.jpg\"><img loading=\"lazy\" decoding=\"async\" class=\"aligncenter size-full wp-image-12842\" src=\"https:\/\/www.henryledesign.com\/vi\/wp-content\/uploads\/gia-treo-2-ly-ruou-vang-ellipse-3.jpg\" alt=\"Gi\u00e1 Treo 2 Ly R\u01b0\u1ee3u Vang Ellipse B\u1eb1ng G\u1ed7 H\u1ecda Ti\u1ebft B\u00fat Ch\u00ec M\u00e0u\" width=\"1140\" height=\"1140\" srcset=\"https:\/\/www.henryledesign.com\/vi\/wp-content\/uploads\/gia-treo-2-ly-ruou-vang-ellipse-3.jpg 1140w, https:\/\/www.henryledesign.com\/vi\/wp-content\/uploads\/gia-treo-2-ly-ruou-vang-ellipse-3-300x300.jpg 300w, https:\/\/www.henryledesign.com\/vi\/wp-content\/uploads\/gia-treo-2-ly-ruou-vang-ellipse-3-1024x1024.jpg 1024w, https:\/\/www.henryledesign.com\/vi\/wp-content\/uploads\/gia-treo-2-ly-ruou-vang-ellipse-3-150x150.jpg 150w, https:\/\/www.henryledesign.com\/vi\/wp-content\/uploads\/gia-treo-2-ly-ruou-vang-ellipse-3-768x768.jpg 768w, https:\/\/www.henryledesign.com\/vi\/wp-content\/uploads\/gia-treo-2-ly-ruou-vang-ellipse-3-750x750.jpg 750w, https:\/\/www.henryledesign.com\/vi\/wp-content\/uploads\/gia-treo-2-ly-ruou-vang-ellipse-3-100x100.jpg 100w\" sizes=\"auto, (max-width: 1140px) 100vw, 1140px\" \/><\/a><\/p>\n<p><a href=\"https:\/\/www.henryledesign.com\/vi\/wp-content\/uploads\/gia-treo-2-ly-ruou-vang-ellipse-1.jpg\"><img loading=\"lazy\" decoding=\"async\" class=\"aligncenter size-full wp-image-12840\" src=\"https:\/\/www.henryledesign.com\/vi\/wp-content\/uploads\/gia-treo-2-ly-ruou-vang-ellipse-1.jpg\" alt=\"Gi\u00e1 Treo 2 Ly R\u01b0\u1ee3u Vang Ellipse B\u1eb1ng G\u1ed7 H\u1ecda Ti\u1ebft B\u00fat Ch\u00ec M\u00e0u\" width=\"1140\" height=\"1140\" srcset=\"https:\/\/www.henryledesign.com\/vi\/wp-content\/uploads\/gia-treo-2-ly-ruou-vang-ellipse-1.jpg 1140w, https:\/\/www.henryledesign.com\/vi\/wp-content\/uploads\/gia-treo-2-ly-ruou-vang-ellipse-1-300x300.jpg 300w, https:\/\/www.henryledesign.com\/vi\/wp-content\/uploads\/gia-treo-2-ly-ruou-vang-ellipse-1-1024x1024.jpg 1024w, https:\/\/www.henryledesign.com\/vi\/wp-content\/uploads\/gia-treo-2-ly-ruou-vang-ellipse-1-150x150.jpg 150w, https:\/\/www.henryledesign.com\/vi\/wp-content\/uploads\/gia-treo-2-ly-ruou-vang-ellipse-1-768x768.jpg 768w, https:\/\/www.henryledesign.com\/vi\/wp-content\/uploads\/gia-treo-2-ly-ruou-vang-ellipse-1-750x750.jpg 750w, https:\/\/www.henryledesign.com\/vi\/wp-content\/uploads\/gia-treo-2-ly-ruou-vang-ellipse-1-100x100.jpg 100w\" sizes=\"auto, (max-width: 1140px) 100vw, 1140px\" \/><\/a><\/p>\n<p>&nbsp;<\/p>\n<p><a href=\"https:\/\/www.henryledesign.com\/vi\/wp-content\/uploads\/gia-treo-2-ly-ruou-vang-ellipse-2.jpg\"><img loading=\"lazy\" decoding=\"async\" class=\"aligncenter size-full wp-image-12841\" src=\"https:\/\/www.henryledesign.com\/vi\/wp-content\/uploads\/gia-treo-2-ly-ruou-vang-ellipse-2.jpg\" alt=\"Gi\u00e1 Treo 2 Ly R\u01b0\u1ee3u Vang Ellipse B\u1eb1ng G\u1ed7 H\u1ecda Ti\u1ebft B\u00fat Ch\u00ec M\u00e0u\" width=\"1140\" height=\"1140\" srcset=\"https:\/\/www.henryledesign.com\/vi\/wp-content\/uploads\/gia-treo-2-ly-ruou-vang-ellipse-2.jpg 1140w, https:\/\/www.henryledesign.com\/vi\/wp-content\/uploads\/gia-treo-2-ly-ruou-vang-ellipse-2-300x300.jpg 300w, https:\/\/www.henryledesign.com\/vi\/wp-content\/uploads\/gia-treo-2-ly-ruou-vang-ellipse-2-1024x1024.jpg 1024w, https:\/\/www.henryledesign.com\/vi\/wp-content\/uploads\/gia-treo-2-ly-ruou-vang-ellipse-2-150x150.jpg 150w, https:\/\/www.henryledesign.com\/vi\/wp-content\/uploads\/gia-treo-2-ly-ruou-vang-ellipse-2-768x768.jpg 768w, https:\/\/www.henryledesign.com\/vi\/wp-content\/uploads\/gia-treo-2-ly-ruou-vang-ellipse-2-750x750.jpg 750w, https:\/\/www.henryledesign.com\/vi\/wp-content\/uploads\/gia-treo-2-ly-ruou-vang-ellipse-2-100x100.jpg 100w\" sizes=\"auto, (max-width: 1140px) 100vw, 1140px\" \/><\/a><\/p>\n<p><a href=\"https:\/\/www.henryledesign.com\/vi\/wp-content\/uploads\/gia-treo-2-ly-ruou-vang-ellipse-7.jpg\"><img loading=\"lazy\" decoding=\"async\" class=\"aligncenter size-full wp-image-12846\" src=\"https:\/\/www.henryledesign.com\/vi\/wp-content\/uploads\/gia-treo-2-ly-ruou-vang-ellipse-7.jpg\" alt=\"Gi\u00e1 Treo 2 Ly R\u01b0\u1ee3u Vang Ellipse B\u1eb1ng G\u1ed7 H\u1ecda Ti\u1ebft B\u00fat Ch\u00ec M\u00e0u\" width=\"1140\" height=\"1140\" srcset=\"https:\/\/www.henryledesign.com\/vi\/wp-content\/uploads\/gia-treo-2-ly-ruou-vang-ellipse-7.jpg 1140w, https:\/\/www.henryledesign.com\/vi\/wp-content\/uploads\/gia-treo-2-ly-ruou-vang-ellipse-7-300x300.jpg 300w, https:\/\/www.henryledesign.com\/vi\/wp-content\/uploads\/gia-treo-2-ly-ruou-vang-ellipse-7-1024x1024.jpg 1024w, https:\/\/www.henryledesign.com\/vi\/wp-content\/uploads\/gia-treo-2-ly-ruou-vang-ellipse-7-150x150.jpg 150w, https:\/\/www.henryledesign.com\/vi\/wp-content\/uploads\/gia-treo-2-ly-ruou-vang-ellipse-7-768x768.jpg 768w, https:\/\/www.henryledesign.com\/vi\/wp-content\/uploads\/gia-treo-2-ly-ruou-vang-ellipse-7-750x750.jpg 750w, https:\/\/www.henryledesign.com\/vi\/wp-content\/uploads\/gia-treo-2-ly-ruou-vang-ellipse-7-100x100.jpg 100w\" sizes=\"auto, (max-width: 1140px) 100vw, 1140px\" \/><\/a><\/p>\n<p><a href=\"https:\/\/www.henryledesign.com\/vi\/wp-content\/uploads\/gia-treo-2-ly-ruou-vang-ellipse-6.jpg\"><img loading=\"lazy\" decoding=\"async\" class=\"aligncenter size-full wp-image-12845\" src=\"https:\/\/www.henryledesign.com\/vi\/wp-content\/uploads\/gia-treo-2-ly-ruou-vang-ellipse-6.jpg\" alt=\"Gi\u00e1 Treo 2 Ly R\u01b0\u1ee3u Vang Ellipse B\u1eb1ng G\u1ed7 H\u1ecda Ti\u1ebft B\u00fat Ch\u00ec M\u00e0u\" width=\"1140\" height=\"1140\" srcset=\"https:\/\/www.henryledesign.com\/vi\/wp-content\/uploads\/gia-treo-2-ly-ruou-vang-ellipse-6.jpg 1140w, https:\/\/www.henryledesign.com\/vi\/wp-content\/uploads\/gia-treo-2-ly-ruou-vang-ellipse-6-300x300.jpg 300w, https:\/\/www.henryledesign.com\/vi\/wp-content\/uploads\/gia-treo-2-ly-ruou-vang-ellipse-6-1024x1024.jpg 1024w, https:\/\/www.henryledesign.com\/vi\/wp-content\/uploads\/gia-treo-2-ly-ruou-vang-ellipse-6-150x150.jpg 150w, https:\/\/www.henryledesign.com\/vi\/wp-content\/uploads\/gia-treo-2-ly-ruou-vang-ellipse-6-768x768.jpg 768w, https:\/\/www.henryledesign.com\/vi\/wp-content\/uploads\/gia-treo-2-ly-ruou-vang-ellipse-6-750x750.jpg 750w, https:\/\/www.henryledesign.com\/vi\/wp-content\/uploads\/gia-treo-2-ly-ruou-vang-ellipse-6-100x100.jpg 100w\" sizes=\"auto, (max-width: 1140px) 100vw, 1140px\" \/><\/a><\/p>\n","protected":false},"excerpt":{"rendered":"<p>Gi\u00e1 Treo R\u01b0\u1ee3u Vang 2 Ly B\u00fat Ch\u00ec M\u00e0u H\u00ecnh Ellipse s\u1ebd mang \u0111\u1ebfn m\u1ed9t phong c\u00e1ch tr\u00ed b\u00e0n \u0103n \u0111\u1ea7y m\u1edbi m\u1ebb v\u00e0 s\u00e1ng t\u1ea1o. Hoa v\u0103n \u0111\u01b0\u1ee3c l\u00e0m c\u00f9ng b\u00fat ch\u00ec m\u00e0u v\u00f4 c\u00f9ng \u0111\u1ed9c \u0111\u00e1o c\u00f9ng v\u1edbi \u0111\u00f3 \u0111\u00f4i tay \u0111\u1ea7y tinh x\u1ea3o c\u1ee7a ng\u01b0\u1eddi ngh\u1ec7 nh\u00e2n \u0111\u00e3 cho ra \u0111\u1eddi m\u1ed9t s\u1ea3n ph\u1ea9m trang tr\u00ed t\u00f4n l\u00ean s\u1ef1 sang tr\u1ecdng v\u00e0 tinh t\u1ebf c\u1ee7a ng\u01b0\u1eddi s\u1edf h\u1eefu. H\u01a1n th\u1ebf n\u1eefa, khi k\u1ebft 2 gi\u00e1 treo l\u1ea1i v\u1edbi nhau, b\u1ea1n c\u00f3 th\u1ec3 b\u00e0y bi\u1ec7n \u0111\u01b0\u1ee3c 4 ly r\u01b0\u1ee3u vang cho b\u1eefa t\u1ed1i 4 ng\u01b0\u1eddi \u0111\u1ea7y \u1ea5m c\u00fang c\u1ee7a m\u00ecnh.<\/p>\n<p><strong>Th\u00f4ng Tin S\u1ea3n Ph\u1ea9m<\/strong><\/p>\n<ul>\n<li><strong>Ch\u1ea5t Li\u1ec7u:<\/strong> G\u1ed7 Xoan \u0110\u00e0o, B\u00fat Ch\u00ec M\u00e0u, Keo Resin, S\u01a1n PU\u2026<\/li>\n<li><strong>K\u00edch Th\u01b0\u1edbc:<\/strong> D\u00e0i 18 cm \u2013 D\u00e0y 1.5cm<\/li>\n<li><strong>Tr\u1ecdng L\u01b0\u1ee3ng:<\/strong> 160g<\/li>\n<\/ul>\n","protected":false},"featured_media":12844,"comment_status":"open","ping_status":"closed","template":"","meta":[],"product_cat":[136,139,143],"product_tag":[],"class_list":["post-10815","product","type-product","status-publish","has-post-thumbnail","hentry","product_cat-gia-de-ruou-decor-nghe-thuat","product_cat-qua-tang-doanh-nghiep-doi-tac","product_cat-do-decor-trang-tri-noi-that-nha-van-phong"],"yoast_head":"<!-- This site is optimized with the Yoast SEO plugin v19.8 - https:\/\/yoast.com\/wordpress\/plugins\/seo\/ -->\n<title>Gi\u00e1 Treo 2 Ly R\u01b0\u1ee3u Vang Ellipse B\u1eb1ng G\u1ed7 H\u1ecda Ti\u1ebft B\u00fat Ch\u00ec M\u00e0u - Henry Le Design<\/title>\n<meta name=\"robots\" content=\"index, follow, max-snippet:-1, max-image-preview:large, max-video-preview:-1\" \/>\n<link rel=\"canonical\" href=\"https:\/\/www.henryledesign.com\/vi\/sp\/gia-treo-2-ly-ruou-vang-ellipse-bang-go-hoa-tiet-but-chi-mau\/\" \/>\n<meta property=\"og:locale\" content=\"vi_VN\" \/>\n<meta property=\"og:type\" content=\"article\" \/>\n<meta property=\"og:title\" content=\"Gi\u00e1 Treo 2 Ly R\u01b0\u1ee3u Vang Ellipse B\u1eb1ng G\u1ed7 H\u1ecda Ti\u1ebft B\u00fat Ch\u00ec M\u00e0u - Henry Le Design\" \/>\n<meta property=\"og:description\" content=\"Gi\u00e1 Treo R\u01b0\u1ee3u Vang 2 Ly B\u00fat Ch\u00ec M\u00e0u H\u00ecnh Ellipse s\u1ebd mang \u0111\u1ebfn m\u1ed9t phong c\u00e1ch tr\u00ed b\u00e0n \u0103n \u0111\u1ea7y m\u1edbi m\u1ebb v\u00e0 s\u00e1ng t\u1ea1o. Hoa v\u0103n \u0111\u01b0\u1ee3c l\u00e0m c\u00f9ng b\u00fat ch\u00ec m\u00e0u v\u00f4 c\u00f9ng \u0111\u1ed9c \u0111\u00e1o c\u00f9ng v\u1edbi \u0111\u00f3 \u0111\u00f4i tay \u0111\u1ea7y tinh x\u1ea3o c\u1ee7a ng\u01b0\u1eddi ngh\u1ec7 nh\u00e2n \u0111\u00e3 cho ra \u0111\u1eddi m\u1ed9t s\u1ea3n ph\u1ea9m trang tr\u00ed t\u00f4n l\u00ean s\u1ef1 sang tr\u1ecdng v\u00e0 tinh t\u1ebf c\u1ee7a ng\u01b0\u1eddi s\u1edf h\u1eefu. H\u01a1n th\u1ebf n\u1eefa, khi k\u1ebft 2 gi\u00e1 treo l\u1ea1i v\u1edbi nhau, b\u1ea1n c\u00f3 th\u1ec3 b\u00e0y bi\u1ec7n \u0111\u01b0\u1ee3c 4 ly r\u01b0\u1ee3u vang cho b\u1eefa t\u1ed1i 4 ng\u01b0\u1eddi \u0111\u1ea7y \u1ea5m c\u00fang c\u1ee7a m\u00ecnh.  Th\u00f4ng Tin S\u1ea3n Ph\u1ea9m   Ch\u1ea5t Li\u1ec7u: G\u1ed7 Xoan \u0110\u00e0o, B\u00fat Ch\u00ec M\u00e0u, Keo Resin, S\u01a1n PU\u2026  K\u00edch Th\u01b0\u1edbc: D\u00e0i 18 cm \u2013 D\u00e0y 1.5cm  Tr\u1ecdng L\u01b0\u1ee3ng: 160g\" \/>\n<meta property=\"og:url\" content=\"https:\/\/www.henryledesign.com\/vi\/sp\/gia-treo-2-ly-ruou-vang-ellipse-bang-go-hoa-tiet-but-chi-mau\/\" \/>\n<meta property=\"og:site_name\" content=\"Henry Le Design\" \/>\n<meta property=\"article:modified_time\" content=\"2025-05-23T06:28:34+00:00\" \/>\n<meta property=\"og:image\" content=\"https:\/\/www.henryledesign.com\/vi\/wp-content\/uploads\/gia-treo-2-ly-ruou-vang-ellipse-5.jpg\" \/>\n\t<meta property=\"og:image:width\" content=\"1140\" \/>\n\t<meta property=\"og:image:height\" content=\"1140\" \/>\n\t<meta property=\"og:image:type\" content=\"image\/jpeg\" \/>\n<meta name=\"twitter:card\" content=\"summary_large_image\" \/>\n<script type=\"application\/ld+json\" class=\"yoast-schema-graph\">{\"@context\":\"https:\/\/schema.org\",\"@graph\":[{\"@type\":\"WebPage\",\"@id\":\"https:\/\/www.henryledesign.com\/vi\/sp\/gia-treo-2-ly-ruou-vang-ellipse-bang-go-hoa-tiet-but-chi-mau\/\",\"url\":\"https:\/\/www.henryledesign.com\/vi\/sp\/gia-treo-2-ly-ruou-vang-ellipse-bang-go-hoa-tiet-but-chi-mau\/\",\"name\":\"Gi\u00e1 Treo 2 Ly R\u01b0\u1ee3u Vang Ellipse B\u1eb1ng G\u1ed7 H\u1ecda Ti\u1ebft B\u00fat Ch\u00ec M\u00e0u - Henry Le Design\",\"isPartOf\":{\"@id\":\"https:\/\/www.henryledesign.com\/vi\/#website\"},\"datePublished\":\"2020-11-24T09:47:23+00:00\",\"dateModified\":\"2025-05-23T06:28:34+00:00\",\"breadcrumb\":{\"@id\":\"https:\/\/www.henryledesign.com\/vi\/sp\/gia-treo-2-ly-ruou-vang-ellipse-bang-go-hoa-tiet-but-chi-mau\/#breadcrumb\"},\"inLanguage\":\"vi\",\"potentialAction\":[{\"@type\":\"ReadAction\",\"target\":[\"https:\/\/www.henryledesign.com\/vi\/sp\/gia-treo-2-ly-ruou-vang-ellipse-bang-go-hoa-tiet-but-chi-mau\/\"]}]},{\"@type\":\"BreadcrumbList\",\"@id\":\"https:\/\/www.henryledesign.com\/vi\/sp\/gia-treo-2-ly-ruou-vang-ellipse-bang-go-hoa-tiet-but-chi-mau\/#breadcrumb\",\"itemListElement\":[{\"@type\":\"ListItem\",\"position\":1,\"name\":\"Home\",\"item\":\"https:\/\/www.henryledesign.com\/vi\/\"},{\"@type\":\"ListItem\",\"position\":2,\"name\":\"S\u1ea3n ph\u1ea9m\",\"item\":\"https:\/\/www.henryledesign.com\/vi\/shop\/\"},{\"@type\":\"ListItem\",\"position\":3,\"name\":\"Gi\u00e1 Treo 2 Ly R\u01b0\u1ee3u Vang Ellipse B\u1eb1ng G\u1ed7 H\u1ecda Ti\u1ebft B\u00fat Ch\u00ec M\u00e0u\"}]},{\"@type\":\"WebSite\",\"@id\":\"https:\/\/www.henryledesign.com\/vi\/#website\",\"url\":\"https:\/\/www.henryledesign.com\/vi\/\",\"name\":\"Henry Le Design\",\"description\":\"N\u1ed9i Th\u1ea5t Decor S\u00e1ng T\u1ea1o - Qu\u00e0 T\u1eb7ng Doanh Nghi\u1ec7p Doanh Nh\u00e2n \u0110\u1ed9c \u0110\u00e1o\",\"potentialAction\":[{\"@type\":\"SearchAction\",\"target\":{\"@type\":\"EntryPoint\",\"urlTemplate\":\"https:\/\/www.henryledesign.com\/vi\/?s={search_term_string}\"},\"query-input\":\"required name=search_term_string\"}],\"inLanguage\":\"vi\"}]}<\/script>\n<!-- \/ Yoast SEO plugin. -->","yoast_head_json":{"title":"Gi\u00e1 Treo 2 Ly R\u01b0\u1ee3u Vang Ellipse B\u1eb1ng G\u1ed7 H\u1ecda Ti\u1ebft B\u00fat Ch\u00ec M\u00e0u - Henry Le Design","robots":{"index":"index","follow":"follow","max-snippet":"max-snippet:-1","max-image-preview":"max-image-preview:large","max-video-preview":"max-video-preview:-1"},"canonical":"https:\/\/www.henryledesign.com\/vi\/sp\/gia-treo-2-ly-ruou-vang-ellipse-bang-go-hoa-tiet-but-chi-mau\/","og_locale":"vi_VN","og_type":"article","og_title":"Gi\u00e1 Treo 2 Ly R\u01b0\u1ee3u Vang Ellipse B\u1eb1ng G\u1ed7 H\u1ecda Ti\u1ebft B\u00fat Ch\u00ec M\u00e0u - Henry Le Design","og_description":"Gi\u00e1 Treo R\u01b0\u1ee3u Vang 2 Ly B\u00fat Ch\u00ec M\u00e0u H\u00ecnh Ellipse s\u1ebd mang \u0111\u1ebfn m\u1ed9t phong c\u00e1ch tr\u00ed b\u00e0n \u0103n \u0111\u1ea7y m\u1edbi m\u1ebb v\u00e0 s\u00e1ng t\u1ea1o. Hoa v\u0103n \u0111\u01b0\u1ee3c l\u00e0m c\u00f9ng b\u00fat ch\u00ec m\u00e0u v\u00f4 c\u00f9ng \u0111\u1ed9c \u0111\u00e1o c\u00f9ng v\u1edbi \u0111\u00f3 \u0111\u00f4i tay \u0111\u1ea7y tinh x\u1ea3o c\u1ee7a ng\u01b0\u1eddi ngh\u1ec7 nh\u00e2n \u0111\u00e3 cho ra \u0111\u1eddi m\u1ed9t s\u1ea3n ph\u1ea9m trang tr\u00ed t\u00f4n l\u00ean s\u1ef1 sang tr\u1ecdng v\u00e0 tinh t\u1ebf c\u1ee7a ng\u01b0\u1eddi s\u1edf h\u1eefu. H\u01a1n th\u1ebf n\u1eefa, khi k\u1ebft 2 gi\u00e1 treo l\u1ea1i v\u1edbi nhau, b\u1ea1n c\u00f3 th\u1ec3 b\u00e0y bi\u1ec7n \u0111\u01b0\u1ee3c 4 ly r\u01b0\u1ee3u vang cho b\u1eefa t\u1ed1i 4 ng\u01b0\u1eddi \u0111\u1ea7y \u1ea5m c\u00fang c\u1ee7a m\u00ecnh.  Th\u00f4ng Tin S\u1ea3n Ph\u1ea9m   Ch\u1ea5t Li\u1ec7u: G\u1ed7 Xoan \u0110\u00e0o, B\u00fat Ch\u00ec M\u00e0u, Keo Resin, S\u01a1n PU\u2026  K\u00edch Th\u01b0\u1edbc: D\u00e0i 18 cm \u2013 D\u00e0y 1.5cm  Tr\u1ecdng L\u01b0\u1ee3ng: 160g","og_url":"https:\/\/www.henryledesign.com\/vi\/sp\/gia-treo-2-ly-ruou-vang-ellipse-bang-go-hoa-tiet-but-chi-mau\/","og_site_name":"Henry Le Design","article_modified_time":"2025-05-23T06:28:34+00:00","og_image":[{"width":1140,"height":1140,"url":"https:\/\/www.henryledesign.com\/vi\/wp-content\/uploads\/gia-treo-2-ly-ruou-vang-ellipse-5.jpg","type":"image\/jpeg"}],"twitter_card":"summary_large_image","schema":{"@context":"https:\/\/schema.org","@graph":[{"@type":"WebPage","@id":"https:\/\/www.henryledesign.com\/vi\/sp\/gia-treo-2-ly-ruou-vang-ellipse-bang-go-hoa-tiet-but-chi-mau\/","url":"https:\/\/www.henryledesign.com\/vi\/sp\/gia-treo-2-ly-ruou-vang-ellipse-bang-go-hoa-tiet-but-chi-mau\/","name":"Gi\u00e1 Treo 2 Ly R\u01b0\u1ee3u Vang Ellipse B\u1eb1ng G\u1ed7 H\u1ecda Ti\u1ebft B\u00fat Ch\u00ec M\u00e0u - Henry Le Design","isPartOf":{"@id":"https:\/\/www.henryledesign.com\/vi\/#website"},"datePublished":"2020-11-24T09:47:23+00:00","dateModified":"2025-05-23T06:28:34+00:00","breadcrumb":{"@id":"https:\/\/www.henryledesign.com\/vi\/sp\/gia-treo-2-ly-ruou-vang-ellipse-bang-go-hoa-tiet-but-chi-mau\/#breadcrumb"},"inLanguage":"vi","potentialAction":[{"@type":"ReadAction","target":["https:\/\/www.henryledesign.com\/vi\/sp\/gia-treo-2-ly-ruou-vang-ellipse-bang-go-hoa-tiet-but-chi-mau\/"]}]},{"@type":"BreadcrumbList","@id":"https:\/\/www.henryledesign.com\/vi\/sp\/gia-treo-2-ly-ruou-vang-ellipse-bang-go-hoa-tiet-but-chi-mau\/#breadcrumb","itemListElement":[{"@type":"ListItem","position":1,"name":"Home","item":"https:\/\/www.henryledesign.com\/vi\/"},{"@type":"ListItem","position":2,"name":"S\u1ea3n ph\u1ea9m","item":"https:\/\/www.henryledesign.com\/vi\/shop\/"},{"@type":"ListItem","position":3,"name":"Gi\u00e1 Treo 2 Ly R\u01b0\u1ee3u Vang Ellipse B\u1eb1ng G\u1ed7 H\u1ecda Ti\u1ebft B\u00fat Ch\u00ec M\u00e0u"}]},{"@type":"WebSite","@id":"https:\/\/www.henryledesign.com\/vi\/#website","url":"https:\/\/www.henryledesign.com\/vi\/","name":"Henry Le Design","description":"N\u1ed9i Th\u1ea5t Decor S\u00e1ng T\u1ea1o - Qu\u00e0 T\u1eb7ng Doanh Nghi\u1ec7p Doanh Nh\u00e2n \u0110\u1ed9c \u0110\u00e1o","potentialAction":[{"@type":"SearchAction","target":{"@type":"EntryPoint","urlTemplate":"https:\/\/www.henryledesign.com\/vi\/?s={search_term_string}"},"query-input":"required name=search_term_string"}],"inLanguage":"vi"}]}},"_links":{"self":[{"href":"https:\/\/www.henryledesign.com\/vi\/wp-json\/wp\/v2\/product\/10815","targetHints":{"allow":["GET"]}}],"collection":[{"href":"https:\/\/www.henryledesign.com\/vi\/wp-json\/wp\/v2\/product"}],"about":[{"href":"https:\/\/www.henryledesign.com\/vi\/wp-json\/wp\/v2\/types\/product"}],"replies":[{"embeddable":true,"href":"https:\/\/www.henryledesign.com\/vi\/wp-json\/wp\/v2\/comments?post=10815"}],"wp:featuredmedia":[{"embeddable":true,"href":"https:\/\/www.henryledesign.com\/vi\/wp-json\/wp\/v2\/media\/12844"}],"wp:attachment":[{"href":"https:\/\/www.henryledesign.com\/vi\/wp-json\/wp\/v2\/media?parent=10815"}],"wp:term":[{"taxonomy":"product_cat","embeddable":true,"href":"https:\/\/www.henryledesign.com\/vi\/wp-json\/wp\/v2\/product_cat?post=10815"},{"taxonomy":"product_tag","embeddable":true,"href":"https:\/\/www.henryledesign.com\/vi\/wp-json\/wp\/v2\/product_tag?post=10815"}],"curies":[{"name":"wp","href":"https:\/\/api.w.org\/{rel}","templated":true}]}}