{"id":10322,"date":"2020-11-24T16:03:02","date_gmt":"2020-11-24T09:03:02","guid":{"rendered":"https:\/\/www.henryledesign.com\/vi\/?post_type=product&#038;p=10322"},"modified":"2025-03-11T11:06:44","modified_gmt":"2025-03-11T04:06:44","slug":"gia-treo-2-ly-ruou-vang-bang-go-hoa-tiet-but-chi-mau","status":"publish","type":"product","link":"https:\/\/www.henryledesign.com\/vi\/sp\/gia-treo-2-ly-ruou-vang-bang-go-hoa-tiet-but-chi-mau\/","title":{"rendered":"Gi\u00e1 Treo 2 Ly R\u01b0\u1ee3u Vang B\u1eb1ng G\u1ed7 Hoa Ti\u1ebft B\u00fat Ch\u00ec M\u00e0u"},"content":{"rendered":"<p>&nbsp;<\/p>\n<p><a href=\"https:\/\/www.henryledesign.com\/vi\/wp-content\/uploads\/gia-treo-2-ly-vang-9.jpg\"><img loading=\"lazy\" decoding=\"async\" class=\"aligncenter size-full wp-image-12858\" src=\"https:\/\/www.henryledesign.com\/vi\/wp-content\/uploads\/gia-treo-2-ly-vang-9.jpg\" alt=\"Gi\u00e1 Treo 2 Ly R\u01b0\u1ee3u Vang B\u1eb1ng G\u1ed7 Hoa Ti\u1ebft B\u00fat Ch\u00ec M\u00e0u\" width=\"1140\" height=\"1140\" srcset=\"https:\/\/www.henryledesign.com\/vi\/wp-content\/uploads\/gia-treo-2-ly-vang-9.jpg 1140w, https:\/\/www.henryledesign.com\/vi\/wp-content\/uploads\/gia-treo-2-ly-vang-9-300x300.jpg 300w, https:\/\/www.henryledesign.com\/vi\/wp-content\/uploads\/gia-treo-2-ly-vang-9-1024x1024.jpg 1024w, https:\/\/www.henryledesign.com\/vi\/wp-content\/uploads\/gia-treo-2-ly-vang-9-150x150.jpg 150w, https:\/\/www.henryledesign.com\/vi\/wp-content\/uploads\/gia-treo-2-ly-vang-9-768x768.jpg 768w, https:\/\/www.henryledesign.com\/vi\/wp-content\/uploads\/gia-treo-2-ly-vang-9-750x750.jpg 750w, https:\/\/www.henryledesign.com\/vi\/wp-content\/uploads\/gia-treo-2-ly-vang-9-100x100.jpg 100w\" sizes=\"auto, (max-width: 1140px) 100vw, 1140px\" \/><\/a><\/p>\n<p><a href=\"https:\/\/www.henryledesign.com\/vi\/wp-content\/uploads\/gia-treo-2-ly-vang-5.jpg\"><img loading=\"lazy\" decoding=\"async\" class=\"aligncenter size-full wp-image-12854\" src=\"https:\/\/www.henryledesign.com\/vi\/wp-content\/uploads\/gia-treo-2-ly-vang-5.jpg\" alt=\"Gi\u00e1 Treo 2 Ly R\u01b0\u1ee3u Vang B\u1eb1ng G\u1ed7 Hoa Ti\u1ebft B\u00fat Ch\u00ec M\u00e0u\" width=\"1140\" height=\"934\" srcset=\"https:\/\/www.henryledesign.com\/vi\/wp-content\/uploads\/gia-treo-2-ly-vang-5.jpg 1140w, https:\/\/www.henryledesign.com\/vi\/wp-content\/uploads\/gia-treo-2-ly-vang-5-300x246.jpg 300w, https:\/\/www.henryledesign.com\/vi\/wp-content\/uploads\/gia-treo-2-ly-vang-5-1024x839.jpg 1024w, https:\/\/www.henryledesign.com\/vi\/wp-content\/uploads\/gia-treo-2-ly-vang-5-768x629.jpg 768w, https:\/\/www.henryledesign.com\/vi\/wp-content\/uploads\/gia-treo-2-ly-vang-5-750x614.jpg 750w\" sizes=\"auto, (max-width: 1140px) 100vw, 1140px\" \/><\/a><\/p>\n<p><a href=\"https:\/\/www.henryledesign.com\/vi\/wp-content\/uploads\/gia-treo-2-ly-vang-4.jpg\"><img loading=\"lazy\" decoding=\"async\" class=\"aligncenter size-full wp-image-12852\" src=\"https:\/\/www.henryledesign.com\/vi\/wp-content\/uploads\/gia-treo-2-ly-vang-4.jpg\" alt=\"Gi\u00e1 Treo 2 Ly R\u01b0\u1ee3u Vang B\u1eb1ng G\u1ed7 Hoa Ti\u1ebft B\u00fat Ch\u00ec M\u00e0u\" width=\"1140\" height=\"1140\" srcset=\"https:\/\/www.henryledesign.com\/vi\/wp-content\/uploads\/gia-treo-2-ly-vang-4.jpg 1140w, https:\/\/www.henryledesign.com\/vi\/wp-content\/uploads\/gia-treo-2-ly-vang-4-300x300.jpg 300w, https:\/\/www.henryledesign.com\/vi\/wp-content\/uploads\/gia-treo-2-ly-vang-4-1024x1024.jpg 1024w, https:\/\/www.henryledesign.com\/vi\/wp-content\/uploads\/gia-treo-2-ly-vang-4-150x150.jpg 150w, https:\/\/www.henryledesign.com\/vi\/wp-content\/uploads\/gia-treo-2-ly-vang-4-768x768.jpg 768w, https:\/\/www.henryledesign.com\/vi\/wp-content\/uploads\/gia-treo-2-ly-vang-4-750x750.jpg 750w, https:\/\/www.henryledesign.com\/vi\/wp-content\/uploads\/gia-treo-2-ly-vang-4-100x100.jpg 100w\" sizes=\"auto, (max-width: 1140px) 100vw, 1140px\" \/><\/a><\/p>\n<p>&nbsp;<\/p>\n<p><a href=\"https:\/\/www.henryledesign.com\/vi\/wp-content\/uploads\/gia-treo-2-ly-vang-1.jpg\"><img loading=\"lazy\" decoding=\"async\" class=\"aligncenter size-full wp-image-12849\" src=\"https:\/\/www.henryledesign.com\/vi\/wp-content\/uploads\/gia-treo-2-ly-vang-1.jpg\" alt=\"Gi\u00e1 Treo 2 Ly R\u01b0\u1ee3u Vang B\u1eb1ng G\u1ed7 Hoa Ti\u1ebft B\u00fat Ch\u00ec M\u00e0u\" width=\"1140\" height=\"872\" srcset=\"https:\/\/www.henryledesign.com\/vi\/wp-content\/uploads\/gia-treo-2-ly-vang-1.jpg 1140w, https:\/\/www.henryledesign.com\/vi\/wp-content\/uploads\/gia-treo-2-ly-vang-1-300x229.jpg 300w, https:\/\/www.henryledesign.com\/vi\/wp-content\/uploads\/gia-treo-2-ly-vang-1-1024x783.jpg 1024w, https:\/\/www.henryledesign.com\/vi\/wp-content\/uploads\/gia-treo-2-ly-vang-1-768x587.jpg 768w, https:\/\/www.henryledesign.com\/vi\/wp-content\/uploads\/gia-treo-2-ly-vang-1-750x574.jpg 750w\" sizes=\"auto, (max-width: 1140px) 100vw, 1140px\" \/><\/a><\/p>\n<p><a href=\"https:\/\/www.henryledesign.com\/vi\/wp-content\/uploads\/gia-treo-2-ly-vang.jpg\"><img loading=\"lazy\" decoding=\"async\" class=\"aligncenter size-full wp-image-12853\" src=\"https:\/\/www.henryledesign.com\/vi\/wp-content\/uploads\/gia-treo-2-ly-vang.jpg\" alt=\"Gi\u00e1 Treo 2 Ly R\u01b0\u1ee3u Vang B\u1eb1ng G\u1ed7 Hoa Ti\u1ebft B\u00fat Ch\u00ec M\u00e0u\" width=\"1140\" height=\"927\" srcset=\"https:\/\/www.henryledesign.com\/vi\/wp-content\/uploads\/gia-treo-2-ly-vang.jpg 1140w, https:\/\/www.henryledesign.com\/vi\/wp-content\/uploads\/gia-treo-2-ly-vang-300x244.jpg 300w, https:\/\/www.henryledesign.com\/vi\/wp-content\/uploads\/gia-treo-2-ly-vang-1024x833.jpg 1024w, https:\/\/www.henryledesign.com\/vi\/wp-content\/uploads\/gia-treo-2-ly-vang-768x625.jpg 768w, https:\/\/www.henryledesign.com\/vi\/wp-content\/uploads\/gia-treo-2-ly-vang-750x610.jpg 750w\" sizes=\"auto, (max-width: 1140px) 100vw, 1140px\" \/><\/a><\/p>\n<p><a href=\"https:\/\/www.henryledesign.com\/vi\/wp-content\/uploads\/gia-treo-2-ly-vang-3.jpg\"><img loading=\"lazy\" decoding=\"async\" class=\"aligncenter size-full wp-image-12851\" src=\"https:\/\/www.henryledesign.com\/vi\/wp-content\/uploads\/gia-treo-2-ly-vang-3.jpg\" alt=\"Gi\u00e1 Treo 2 Ly R\u01b0\u1ee3u Vang B\u1eb1ng G\u1ed7 Hoa Ti\u1ebft B\u00fat Ch\u00ec M\u00e0u\" width=\"1140\" height=\"767\" srcset=\"https:\/\/www.henryledesign.com\/vi\/wp-content\/uploads\/gia-treo-2-ly-vang-3.jpg 1140w, https:\/\/www.henryledesign.com\/vi\/wp-content\/uploads\/gia-treo-2-ly-vang-3-300x202.jpg 300w, https:\/\/www.henryledesign.com\/vi\/wp-content\/uploads\/gia-treo-2-ly-vang-3-1024x689.jpg 1024w, https:\/\/www.henryledesign.com\/vi\/wp-content\/uploads\/gia-treo-2-ly-vang-3-768x517.jpg 768w, https:\/\/www.henryledesign.com\/vi\/wp-content\/uploads\/gia-treo-2-ly-vang-3-750x505.jpg 750w\" sizes=\"auto, (max-width: 1140px) 100vw, 1140px\" \/><\/a><\/p>\n<p>&nbsp;<\/p>\n<p><a href=\"https:\/\/www.henryledesign.com\/vi\/wp-content\/uploads\/gia-treo-2-ly-vang-7.jpg\"><img loading=\"lazy\" decoding=\"async\" class=\"aligncenter size-full wp-image-12856\" src=\"https:\/\/www.henryledesign.com\/vi\/wp-content\/uploads\/gia-treo-2-ly-vang-7.jpg\" alt=\"Gi\u00e1 Treo 2 Ly R\u01b0\u1ee3u Vang B\u1eb1ng G\u1ed7 Hoa Ti\u1ebft B\u00fat Ch\u00ec M\u00e0u\" width=\"1140\" height=\"1140\" srcset=\"https:\/\/www.henryledesign.com\/vi\/wp-content\/uploads\/gia-treo-2-ly-vang-7.jpg 1140w, https:\/\/www.henryledesign.com\/vi\/wp-content\/uploads\/gia-treo-2-ly-vang-7-300x300.jpg 300w, https:\/\/www.henryledesign.com\/vi\/wp-content\/uploads\/gia-treo-2-ly-vang-7-1024x1024.jpg 1024w, https:\/\/www.henryledesign.com\/vi\/wp-content\/uploads\/gia-treo-2-ly-vang-7-150x150.jpg 150w, https:\/\/www.henryledesign.com\/vi\/wp-content\/uploads\/gia-treo-2-ly-vang-7-768x768.jpg 768w, https:\/\/www.henryledesign.com\/vi\/wp-content\/uploads\/gia-treo-2-ly-vang-7-750x750.jpg 750w, https:\/\/www.henryledesign.com\/vi\/wp-content\/uploads\/gia-treo-2-ly-vang-7-100x100.jpg 100w\" sizes=\"auto, (max-width: 1140px) 100vw, 1140px\" \/><\/a><\/p>\n","protected":false},"excerpt":{"rendered":"<p>\u0110\u01b0\u1ee3c l\u00e0m ho\u00e0n to\u00e0n th\u1ee7 c\u00f4ng t\u1eeb g\u1ed7 xoan \u0111\u00e0o v\u1edbi \u0111i\u1ec3m nh\u1ea5n l\u00e0 h\u1ecda ti\u1ebft b\u00fat ch\u00ec m\u00e0u \u0111\u1ed9c \u0111\u00e1o, Gi\u00e1 Treo 2 Ly R\u01b0\u1ee3u Vang G\u1ed7 H\u1ecda Ti\u1ebft B\u00fat Ch\u00ec M\u00e0u s\u1ebd t\u1ea1o n\u00ean m\u1ed9t g\u00f3c kh\u00f4ng gian v\u1eeba mang l\u1ea1i s\u1ef1 tinh t\u1ebf v\u00e0 sang tr\u1ecdng v\u1eeba \u0111\u1ea3m b\u1ea3o s\u1ef1 ti\u1ec7n l\u1ee3i c\u0169ng nh\u01b0 d\u1ec5 d\u00e0ng s\u1eed d\u1ee5ng. Ngo\u00e0i ra, khi k\u1ebft h\u1ee3p 2 gi\u00e1 treo l\u1ea1i v\u1edbi nhau, b\u1ea1n c\u00f3 th\u1ec3 b\u00e0y bi\u1ec7n \u0111\u01b0\u1ee3c 4 ly r\u01b0\u1ee3u vang cho b\u1eefa t\u1ed1i 4 ng\u01b0\u1eddi \u0111\u1ea7y \u1ea5m c\u00fang c\u1ee7a m\u00ecnh.<\/p>\n<p><strong>Th\u00f4ng Tin S\u1ea3n Ph\u1ea9m<\/strong><\/p>\n<ul>\n<li><strong>Ch\u1ea5t Li\u1ec7u:<\/strong> G\u1ed7 Xoan \u0110\u00e0o, B\u00fat Ch\u00ec M\u00e0u, Keo Resin, S\u01a1n PU\u2026<\/li>\n<li><strong>K\u00edch Th\u01b0\u1edbc:<\/strong> D\u00e0i 18 cm \u2013 D\u00e0y 1.5cm<\/li>\n<li><strong>Tr\u1ecdng L\u01b0\u1ee3ng:<\/strong> 130g<\/li>\n<\/ul>\n","protected":false},"featured_media":12855,"comment_status":"open","ping_status":"closed","template":"","meta":[],"product_cat":[136,139,143],"product_tag":[],"class_list":["post-10322","product","type-product","status-publish","has-post-thumbnail","hentry","product_cat-gia-de-ruou-decor-nghe-thuat","product_cat-qua-tang-doanh-nghiep-doi-tac","product_cat-do-decor-trang-tri-noi-that-nha-van-phong"],"yoast_head":"<!-- This site is optimized with the Yoast SEO plugin v19.8 - https:\/\/yoast.com\/wordpress\/plugins\/seo\/ -->\n<title>Gi\u00e1 Treo 2 Ly R\u01b0\u1ee3u Vang B\u1eb1ng G\u1ed7 Hoa Ti\u1ebft B\u00fat Ch\u00ec M\u00e0u - Henry Le Design<\/title>\n<meta name=\"robots\" content=\"index, follow, max-snippet:-1, max-image-preview:large, max-video-preview:-1\" \/>\n<link rel=\"canonical\" href=\"https:\/\/www.henryledesign.com\/vi\/sp\/gia-treo-2-ly-ruou-vang-bang-go-hoa-tiet-but-chi-mau\/\" \/>\n<meta property=\"og:locale\" content=\"vi_VN\" \/>\n<meta property=\"og:type\" content=\"article\" \/>\n<meta property=\"og:title\" content=\"Gi\u00e1 Treo 2 Ly R\u01b0\u1ee3u Vang B\u1eb1ng G\u1ed7 Hoa Ti\u1ebft B\u00fat Ch\u00ec M\u00e0u - Henry Le Design\" \/>\n<meta property=\"og:description\" content=\"\u0110\u01b0\u1ee3c l\u00e0m ho\u00e0n to\u00e0n th\u1ee7 c\u00f4ng t\u1eeb g\u1ed7 xoan \u0111\u00e0o v\u1edbi \u0111i\u1ec3m nh\u1ea5n l\u00e0 h\u1ecda ti\u1ebft b\u00fat ch\u00ec m\u00e0u \u0111\u1ed9c \u0111\u00e1o, Gi\u00e1 Treo 2 Ly R\u01b0\u1ee3u Vang G\u1ed7 H\u1ecda Ti\u1ebft B\u00fat Ch\u00ec M\u00e0u s\u1ebd t\u1ea1o n\u00ean m\u1ed9t g\u00f3c kh\u00f4ng gian v\u1eeba mang l\u1ea1i s\u1ef1 tinh t\u1ebf v\u00e0 sang tr\u1ecdng v\u1eeba \u0111\u1ea3m b\u1ea3o s\u1ef1 ti\u1ec7n l\u1ee3i c\u0169ng nh\u01b0 d\u1ec5 d\u00e0ng s\u1eed d\u1ee5ng. Ngo\u00e0i ra, khi k\u1ebft h\u1ee3p 2 gi\u00e1 treo l\u1ea1i v\u1edbi nhau, b\u1ea1n c\u00f3 th\u1ec3 b\u00e0y bi\u1ec7n \u0111\u01b0\u1ee3c 4 ly r\u01b0\u1ee3u vang cho b\u1eefa t\u1ed1i 4 ng\u01b0\u1eddi \u0111\u1ea7y \u1ea5m c\u00fang c\u1ee7a m\u00ecnh.  Th\u00f4ng Tin S\u1ea3n Ph\u1ea9m   Ch\u1ea5t Li\u1ec7u: G\u1ed7 Xoan \u0110\u00e0o, B\u00fat Ch\u00ec M\u00e0u, Keo Resin, S\u01a1n PU\u2026  K\u00edch Th\u01b0\u1edbc: D\u00e0i 18 cm \u2013 D\u00e0y 1.5cm  Tr\u1ecdng L\u01b0\u1ee3ng: 130g\" \/>\n<meta property=\"og:url\" content=\"https:\/\/www.henryledesign.com\/vi\/sp\/gia-treo-2-ly-ruou-vang-bang-go-hoa-tiet-but-chi-mau\/\" \/>\n<meta property=\"og:site_name\" content=\"Henry Le Design\" \/>\n<meta property=\"article:modified_time\" content=\"2025-03-11T04:06:44+00:00\" \/>\n<meta property=\"og:image\" content=\"https:\/\/www.henryledesign.com\/vi\/wp-content\/uploads\/gia-treo-2-ly-vang-6.jpg\" \/>\n\t<meta property=\"og:image:width\" content=\"1140\" \/>\n\t<meta property=\"og:image:height\" content=\"1140\" \/>\n\t<meta property=\"og:image:type\" content=\"image\/jpeg\" \/>\n<meta name=\"twitter:card\" content=\"summary_large_image\" \/>\n<script type=\"application\/ld+json\" class=\"yoast-schema-graph\">{\"@context\":\"https:\/\/schema.org\",\"@graph\":[{\"@type\":\"WebPage\",\"@id\":\"https:\/\/www.henryledesign.com\/vi\/sp\/gia-treo-2-ly-ruou-vang-bang-go-hoa-tiet-but-chi-mau\/\",\"url\":\"https:\/\/www.henryledesign.com\/vi\/sp\/gia-treo-2-ly-ruou-vang-bang-go-hoa-tiet-but-chi-mau\/\",\"name\":\"Gi\u00e1 Treo 2 Ly R\u01b0\u1ee3u Vang B\u1eb1ng G\u1ed7 Hoa Ti\u1ebft B\u00fat Ch\u00ec M\u00e0u - Henry Le Design\",\"isPartOf\":{\"@id\":\"https:\/\/www.henryledesign.com\/vi\/#website\"},\"datePublished\":\"2020-11-24T09:03:02+00:00\",\"dateModified\":\"2025-03-11T04:06:44+00:00\",\"breadcrumb\":{\"@id\":\"https:\/\/www.henryledesign.com\/vi\/sp\/gia-treo-2-ly-ruou-vang-bang-go-hoa-tiet-but-chi-mau\/#breadcrumb\"},\"inLanguage\":\"vi\",\"potentialAction\":[{\"@type\":\"ReadAction\",\"target\":[\"https:\/\/www.henryledesign.com\/vi\/sp\/gia-treo-2-ly-ruou-vang-bang-go-hoa-tiet-but-chi-mau\/\"]}]},{\"@type\":\"BreadcrumbList\",\"@id\":\"https:\/\/www.henryledesign.com\/vi\/sp\/gia-treo-2-ly-ruou-vang-bang-go-hoa-tiet-but-chi-mau\/#breadcrumb\",\"itemListElement\":[{\"@type\":\"ListItem\",\"position\":1,\"name\":\"Home\",\"item\":\"https:\/\/www.henryledesign.com\/vi\/\"},{\"@type\":\"ListItem\",\"position\":2,\"name\":\"S\u1ea3n ph\u1ea9m\",\"item\":\"https:\/\/www.henryledesign.com\/vi\/shop\/\"},{\"@type\":\"ListItem\",\"position\":3,\"name\":\"Gi\u00e1 Treo 2 Ly R\u01b0\u1ee3u Vang B\u1eb1ng G\u1ed7 Hoa Ti\u1ebft B\u00fat Ch\u00ec M\u00e0u\"}]},{\"@type\":\"WebSite\",\"@id\":\"https:\/\/www.henryledesign.com\/vi\/#website\",\"url\":\"https:\/\/www.henryledesign.com\/vi\/\",\"name\":\"Henry Le Design\",\"description\":\"N\u1ed9i Th\u1ea5t Decor S\u00e1ng T\u1ea1o - Qu\u00e0 T\u1eb7ng Doanh Nghi\u1ec7p Doanh Nh\u00e2n \u0110\u1ed9c \u0110\u00e1o\",\"potentialAction\":[{\"@type\":\"SearchAction\",\"target\":{\"@type\":\"EntryPoint\",\"urlTemplate\":\"https:\/\/www.henryledesign.com\/vi\/?s={search_term_string}\"},\"query-input\":\"required name=search_term_string\"}],\"inLanguage\":\"vi\"}]}<\/script>\n<!-- \/ Yoast SEO plugin. -->","yoast_head_json":{"title":"Gi\u00e1 Treo 2 Ly R\u01b0\u1ee3u Vang B\u1eb1ng G\u1ed7 Hoa Ti\u1ebft B\u00fat Ch\u00ec M\u00e0u - Henry Le Design","robots":{"index":"index","follow":"follow","max-snippet":"max-snippet:-1","max-image-preview":"max-image-preview:large","max-video-preview":"max-video-preview:-1"},"canonical":"https:\/\/www.henryledesign.com\/vi\/sp\/gia-treo-2-ly-ruou-vang-bang-go-hoa-tiet-but-chi-mau\/","og_locale":"vi_VN","og_type":"article","og_title":"Gi\u00e1 Treo 2 Ly R\u01b0\u1ee3u Vang B\u1eb1ng G\u1ed7 Hoa Ti\u1ebft B\u00fat Ch\u00ec M\u00e0u - Henry Le Design","og_description":"\u0110\u01b0\u1ee3c l\u00e0m ho\u00e0n to\u00e0n th\u1ee7 c\u00f4ng t\u1eeb g\u1ed7 xoan \u0111\u00e0o v\u1edbi \u0111i\u1ec3m nh\u1ea5n l\u00e0 h\u1ecda ti\u1ebft b\u00fat ch\u00ec m\u00e0u \u0111\u1ed9c \u0111\u00e1o, Gi\u00e1 Treo 2 Ly R\u01b0\u1ee3u Vang G\u1ed7 H\u1ecda Ti\u1ebft B\u00fat Ch\u00ec M\u00e0u s\u1ebd t\u1ea1o n\u00ean m\u1ed9t g\u00f3c kh\u00f4ng gian v\u1eeba mang l\u1ea1i s\u1ef1 tinh t\u1ebf v\u00e0 sang tr\u1ecdng v\u1eeba \u0111\u1ea3m b\u1ea3o s\u1ef1 ti\u1ec7n l\u1ee3i c\u0169ng nh\u01b0 d\u1ec5 d\u00e0ng s\u1eed d\u1ee5ng. Ngo\u00e0i ra, khi k\u1ebft h\u1ee3p 2 gi\u00e1 treo l\u1ea1i v\u1edbi nhau, b\u1ea1n c\u00f3 th\u1ec3 b\u00e0y bi\u1ec7n \u0111\u01b0\u1ee3c 4 ly r\u01b0\u1ee3u vang cho b\u1eefa t\u1ed1i 4 ng\u01b0\u1eddi \u0111\u1ea7y \u1ea5m c\u00fang c\u1ee7a m\u00ecnh.  Th\u00f4ng Tin S\u1ea3n Ph\u1ea9m   Ch\u1ea5t Li\u1ec7u: G\u1ed7 Xoan \u0110\u00e0o, B\u00fat Ch\u00ec M\u00e0u, Keo Resin, S\u01a1n PU\u2026  K\u00edch Th\u01b0\u1edbc: D\u00e0i 18 cm \u2013 D\u00e0y 1.5cm  Tr\u1ecdng L\u01b0\u1ee3ng: 130g","og_url":"https:\/\/www.henryledesign.com\/vi\/sp\/gia-treo-2-ly-ruou-vang-bang-go-hoa-tiet-but-chi-mau\/","og_site_name":"Henry Le Design","article_modified_time":"2025-03-11T04:06:44+00:00","og_image":[{"width":1140,"height":1140,"url":"https:\/\/www.henryledesign.com\/vi\/wp-content\/uploads\/gia-treo-2-ly-vang-6.jpg","type":"image\/jpeg"}],"twitter_card":"summary_large_image","schema":{"@context":"https:\/\/schema.org","@graph":[{"@type":"WebPage","@id":"https:\/\/www.henryledesign.com\/vi\/sp\/gia-treo-2-ly-ruou-vang-bang-go-hoa-tiet-but-chi-mau\/","url":"https:\/\/www.henryledesign.com\/vi\/sp\/gia-treo-2-ly-ruou-vang-bang-go-hoa-tiet-but-chi-mau\/","name":"Gi\u00e1 Treo 2 Ly R\u01b0\u1ee3u Vang B\u1eb1ng G\u1ed7 Hoa Ti\u1ebft B\u00fat Ch\u00ec M\u00e0u - Henry Le Design","isPartOf":{"@id":"https:\/\/www.henryledesign.com\/vi\/#website"},"datePublished":"2020-11-24T09:03:02+00:00","dateModified":"2025-03-11T04:06:44+00:00","breadcrumb":{"@id":"https:\/\/www.henryledesign.com\/vi\/sp\/gia-treo-2-ly-ruou-vang-bang-go-hoa-tiet-but-chi-mau\/#breadcrumb"},"inLanguage":"vi","potentialAction":[{"@type":"ReadAction","target":["https:\/\/www.henryledesign.com\/vi\/sp\/gia-treo-2-ly-ruou-vang-bang-go-hoa-tiet-but-chi-mau\/"]}]},{"@type":"BreadcrumbList","@id":"https:\/\/www.henryledesign.com\/vi\/sp\/gia-treo-2-ly-ruou-vang-bang-go-hoa-tiet-but-chi-mau\/#breadcrumb","itemListElement":[{"@type":"ListItem","position":1,"name":"Home","item":"https:\/\/www.henryledesign.com\/vi\/"},{"@type":"ListItem","position":2,"name":"S\u1ea3n ph\u1ea9m","item":"https:\/\/www.henryledesign.com\/vi\/shop\/"},{"@type":"ListItem","position":3,"name":"Gi\u00e1 Treo 2 Ly R\u01b0\u1ee3u Vang B\u1eb1ng G\u1ed7 Hoa Ti\u1ebft B\u00fat Ch\u00ec M\u00e0u"}]},{"@type":"WebSite","@id":"https:\/\/www.henryledesign.com\/vi\/#website","url":"https:\/\/www.henryledesign.com\/vi\/","name":"Henry Le Design","description":"N\u1ed9i Th\u1ea5t Decor S\u00e1ng T\u1ea1o - Qu\u00e0 T\u1eb7ng Doanh Nghi\u1ec7p Doanh Nh\u00e2n \u0110\u1ed9c \u0110\u00e1o","potentialAction":[{"@type":"SearchAction","target":{"@type":"EntryPoint","urlTemplate":"https:\/\/www.henryledesign.com\/vi\/?s={search_term_string}"},"query-input":"required name=search_term_string"}],"inLanguage":"vi"}]}},"_links":{"self":[{"href":"https:\/\/www.henryledesign.com\/vi\/wp-json\/wp\/v2\/product\/10322","targetHints":{"allow":["GET"]}}],"collection":[{"href":"https:\/\/www.henryledesign.com\/vi\/wp-json\/wp\/v2\/product"}],"about":[{"href":"https:\/\/www.henryledesign.com\/vi\/wp-json\/wp\/v2\/types\/product"}],"replies":[{"embeddable":true,"href":"https:\/\/www.henryledesign.com\/vi\/wp-json\/wp\/v2\/comments?post=10322"}],"wp:featuredmedia":[{"embeddable":true,"href":"https:\/\/www.henryledesign.com\/vi\/wp-json\/wp\/v2\/media\/12855"}],"wp:attachment":[{"href":"https:\/\/www.henryledesign.com\/vi\/wp-json\/wp\/v2\/media?parent=10322"}],"wp:term":[{"taxonomy":"product_cat","embeddable":true,"href":"https:\/\/www.henryledesign.com\/vi\/wp-json\/wp\/v2\/product_cat?post=10322"},{"taxonomy":"product_tag","embeddable":true,"href":"https:\/\/www.henryledesign.com\/vi\/wp-json\/wp\/v2\/product_tag?post=10322"}],"curies":[{"name":"wp","href":"https:\/\/api.w.org\/{rel}","templated":true}]}}