{"id":7822,"date":"2018-03-20T16:30:57","date_gmt":"2018-03-20T09:30:57","guid":{"rendered":"https:\/\/www.nguyenmocdecor.com\/?page_id=7822"},"modified":"2025-01-10T15:24:01","modified_gmt":"2025-01-10T08:24:01","slug":"hop-tac-voi-henry-le-design","status":"publish","type":"page","link":"https:\/\/www.henryledesign.com\/vi\/hop-tac-voi-henry-le-design\/","title":{"rendered":"H\u1ee3p T\u00e1c V\u1edbi Henry Le Design"},"content":{"rendered":"<h1><span style=\"color: #ffef96;\">H\u1ee3p T\u00e1c V\u1edbi Henry Le Design<\/span><\/h1>\n<p>T\u1ea1i Henry Le Design, ch\u00fang t\u00f4i mang t\u1edbi kh\u00e1ch h\u00e0ng nh\u1eefng m\u00f3n qu\u00e0 t\u1eb7ng doanh nghi\u1ec7p ch\u1ea5t l\u01b0\u1ee3ng cao, m\u1eabu m\u00e3 thi\u1ebft k\u1ebf \u0111\u1ed9c \u0111\u00e1o, ph\u00f9 h\u1ee3p \u0111\u1ec3 l\u00e0m qu\u00e0 t\u1eb7ng s\u1ebfp, \u0111\u1ed1i t\u00e1c quan tr\u1ecdng\u2026 Nh\u1eefng s\u1ea3n ph\u1ea9m c\u00f3 t\u1ea1i Henry Le Design kh\u00f4ng ch\u1ec9 l\u00e0 m\u1ed9t m\u00f3n qu\u00e0, \u0111\u00f3 c\u00f2n th\u1ec3 hi\u1ec7n s\u1ef1 tinh t\u1ebf, \u0111\u1ed9c \u0111\u00e1o c\u1ee7a ng\u01b0\u1eddi t\u1eb7ng \u0111\u1ed1i v\u1edbi ng\u01b0\u1eddi \u0111\u01b0\u1ee3c t\u1eb7ng. Ho\u00e0n to\u00e0n kh\u00e1c bi\u1ec7t v\u1edbi nh\u1eefng qu\u00e0 t\u1eb7ng doanh nghi\u1ec7p ph\u1ed5 bi\u1ebfn tr\u00ean th\u1ecb tr\u01b0\u1eddng hi\u1ec7n nay.<br \/>Ngo\u00e0i nh\u1eefng m\u1eabu s\u1ea3n ph\u1ea9m c\u00f3 s\u1eb5n, \u0111\u01b0\u1ee3c \u0111\u0103ng t\u1ea3i tr\u00ean website, Henry Le Design c\u0169ng ti\u1ebfp nh\u1eadn nh\u1eefng \u0111\u01a1n \u0111\u1eb7t h\u00e0ng theo y\u00eau c\u1ea7u c\u1ee7a qu\u00fd kh\u00e1ch h\u00e0ng.<\/p>\n<p>\u0110\u1ec3 li\u00ean h\u1ec7 \u0111\u1eb7t h\u00e0ng nh\u1eefng m\u1eabu s\u1ea3n ph\u1ea9m ri\u00eang bi\u1ec7t, xin vui l\u00f2ng li\u00ean h\u1ec7:<br \/><strong>Tel<\/strong>: <a href=\"tel:+84909896286\">+84 909 896 286<\/a><br \/><strong>Email<\/strong>: henryledesign@gmail.com<br \/><strong>\u0110\u1ecba ch\u1ec9<\/strong>:\u00a0<br \/><strong>C\u01a1 s\u1edf 1:<\/strong>\u00a0T\u1ea7ng 2, t\u00f2a nh\u00e0 31A ph\u1ed1 V\u0103n Mi\u1ebfu, ph\u01b0\u1eddng V\u0103n Mi\u1ebfu \u2013 Qu\u1ed1c T\u1eed Gi\u00e1m, qu\u1eadn \u0110\u1ed1ng \u0110a, H\u00e0 N\u1ed9i<br \/><strong>C\u01a1 s\u1edf 2:<\/strong>\u00a0T\u1ea7ng 4, Lotte West Lake, 272 \u0110. V\u00f5 Ch\u00ed C\u00f4ng \/ 683 \u0110. L\u1ea1c Long Qu\u00e2n, T\u00e2y H\u1ed3, H\u00e0 N\u1ed9i<\/p>\n<p>Ho\u1eb7c ho\u00e0n th\u00e0nh m\u1ed9t s\u1ed1 th\u00f4ng tin c\u01a1 b\u1ea3n d\u01b0\u1edbi \u0111\u00e2y:<\/p>\n<noscript class=\"ninja-forms-noscript-message\">\n    Notice: JavaScript is required for this content.<\/noscript><div id=\"nf-form-4-cont\" class=\"nf-form-cont\" aria-live=\"polite\" aria-labelledby=\"nf-form-title-4\" aria-describedby=\"nf-form-errors-4\" role=\"form\">\n\n    <div class=\"nf-loading-spinner\"><\/div>\n\n<\/div>\n        <!-- TODO: Move to Template File. -->\n        <script>var formDisplay=1;var nfForms=nfForms||[];var form=[];form.id='4';form.settings={\"objectType\":\"Form Setting\",\"editActive\":true,\"title\":\"\\u0110\\u0103ng K\\u00fd L\\u00e0m \\u0110\\u1ea1i L\\u00fd\",\"created_at\":\"2020-11-27 11:26:23\",\"form_title\":\"Inquiry This Product - Sao ch\\u00e9p\",\"default_label_pos\":\"above\",\"show_title\":\"1\",\"clear_complete\":\"1\",\"hide_complete\":\"1\",\"logged_in\":\"0\",\"key\":\"\",\"conditions\":[],\"wrapper_class\":\"\",\"element_class\":\"\",\"add_submit\":\"1\",\"not_logged_in_msg\":\"\",\"sub_limit_number\":\"\",\"sub_limit_msg\":\"\",\"calculations\":[],\"formContentData\":[\"product_name\",\"hr_1571137533706\",\"thong_tin_lien_he_1606467265168\",\"ten_ban_1613707927249\",\"email\",\"dien_thoai_1606467287680\",\"loi_nhan_khong_bat_buoc_1606470831262\",\"gui_yeu_cau_1606470807607\"],\"container_styles_background-color\":\"\",\"container_styles_border\":\"\",\"container_styles_border-style\":\"\",\"container_styles_border-color\":\"\",\"container_styles_color\":\"\",\"container_styles_height\":\"\",\"container_styles_width\":\"\",\"container_styles_font-size\":\"\",\"container_styles_margin\":\"\",\"container_styles_padding\":\"\",\"container_styles_display\":\"\",\"container_styles_float\":\"\",\"container_styles_show_advanced_css\":\"0\",\"container_styles_advanced\":\"\",\"title_styles_background-color\":\"\",\"title_styles_border\":\"\",\"title_styles_border-style\":\"\",\"title_styles_border-color\":\"\",\"title_styles_color\":\"\",\"title_styles_height\":\"\",\"title_styles_width\":\"\",\"title_styles_font-size\":\"\",\"title_styles_margin\":\"\",\"title_styles_padding\":\"\",\"title_styles_display\":\"\",\"title_styles_float\":\"\",\"title_styles_show_advanced_css\":\"0\",\"title_styles_advanced\":\"\",\"row_styles_background-color\":\"\",\"row_styles_border\":\"\",\"row_styles_border-style\":\"\",\"row_styles_border-color\":\"\",\"row_styles_color\":\"\",\"row_styles_height\":\"\",\"row_styles_width\":\"\",\"row_styles_font-size\":\"\",\"row_styles_margin\":\"\",\"row_styles_padding\":\"\",\"row_styles_display\":\"\",\"row_styles_show_advanced_css\":\"0\",\"row_styles_advanced\":\"\",\"row-odd_styles_background-color\":\"\",\"row-odd_styles_border\":\"\",\"row-odd_styles_border-style\":\"\",\"row-odd_styles_border-color\":\"\",\"row-odd_styles_color\":\"\",\"row-odd_styles_height\":\"\",\"row-odd_styles_width\":\"\",\"row-odd_styles_font-size\":\"\",\"row-odd_styles_margin\":\"\",\"row-odd_styles_padding\":\"\",\"row-odd_styles_display\":\"\",\"row-odd_styles_show_advanced_css\":\"0\",\"row-odd_styles_advanced\":\"\",\"success-msg_styles_background-color\":\"\",\"success-msg_styles_border\":\"\",\"success-msg_styles_border-style\":\"\",\"success-msg_styles_border-color\":\"\",\"success-msg_styles_color\":\"\",\"success-msg_styles_height\":\"\",\"success-msg_styles_width\":\"\",\"success-msg_styles_font-size\":\"\",\"success-msg_styles_margin\":\"\",\"success-msg_styles_padding\":\"\",\"success-msg_styles_display\":\"\",\"success-msg_styles_show_advanced_css\":\"0\",\"success-msg_styles_advanced\":\"\",\"error_msg_styles_background-color\":\"\",\"error_msg_styles_border\":\"\",\"error_msg_styles_border-style\":\"\",\"error_msg_styles_border-color\":\"\",\"error_msg_styles_color\":\"\",\"error_msg_styles_height\":\"\",\"error_msg_styles_width\":\"\",\"error_msg_styles_font-size\":\"\",\"error_msg_styles_margin\":\"\",\"error_msg_styles_padding\":\"\",\"error_msg_styles_display\":\"\",\"error_msg_styles_show_advanced_css\":\"0\",\"error_msg_styles_advanced\":\"\",\"currency\":\"\",\"unique_field_error\":\"A form with this value has already been submitted.\",\"drawerDisabled\":false,\"allow_public_link\":0,\"embed_form\":\"\",\"repeatable_fieldsets\":\"\",\"ninjaForms\":\"Ninja Forms\",\"changeEmailErrorMsg\":\"Please enter a valid email address!\",\"changeDateErrorMsg\":\"Please enter a valid date!\",\"confirmFieldErrorMsg\":\"These fields must match!\",\"fieldNumberNumMinError\":\"Number Min Error\",\"fieldNumberNumMaxError\":\"Number Max Error\",\"fieldNumberIncrementBy\":\"Please increment by \",\"fieldTextareaRTEInsertLink\":\"Insert Link\",\"fieldTextareaRTEInsertMedia\":\"Insert Media\",\"fieldTextareaRTESelectAFile\":\"Select a file\",\"formErrorsCorrectErrors\":\"Please correct errors before submitting this form.\",\"formHoneypot\":\"If you are a human seeing this field, please leave it empty.\",\"validateRequiredField\":\"This is a required field.\",\"honeypotHoneypotError\":\"Honeypot Error\",\"fileUploadOldCodeFileUploadInProgress\":\"File Upload in Progress.\",\"fileUploadOldCodeFileUpload\":\"FILE UPLOAD\",\"currencySymbol\":\"&#36;\",\"fieldsMarkedRequired\":\"Fields marked with an <span class=\\\"ninja-forms-req-symbol\\\">*<\\\/span> are required\",\"thousands_sep\":\".\",\"decimal_point\":\",\",\"siteLocale\":\"vi\",\"dateFormat\":\"d\\\/m\\\/Y\",\"startOfWeek\":\"1\",\"of\":\"of\",\"previousMonth\":\"Previous Month\",\"nextMonth\":\"Next Month\",\"months\":[\"January\",\"February\",\"March\",\"April\",\"May\",\"June\",\"July\",\"August\",\"September\",\"October\",\"November\",\"December\"],\"monthsShort\":[\"Jan\",\"Feb\",\"Mar\",\"Apr\",\"May\",\"Jun\",\"Jul\",\"Aug\",\"Sep\",\"Oct\",\"Nov\",\"Dec\"],\"weekdays\":[\"Sunday\",\"Monday\",\"Tuesday\",\"Wednesday\",\"Thursday\",\"Friday\",\"Saturday\"],\"weekdaysShort\":[\"Sun\",\"Mon\",\"Tue\",\"Wed\",\"Thu\",\"Fri\",\"Sat\"],\"weekdaysMin\":[\"Su\",\"Mo\",\"Tu\",\"We\",\"Th\",\"Fr\",\"Sa\"],\"recaptchaConsentMissing\":\"reCapctha validation couldn&#039;t load.\",\"recaptchaMissingCookie\":\"reCaptcha v3 validation couldn&#039;t load the cookie needed to submit the form.\",\"recaptchaConsentEvent\":\"Accept reCaptcha cookies before sending the form.\",\"currency_symbol\":\"\",\"beforeForm\":\"\",\"beforeFields\":\"\",\"afterFields\":\"\",\"afterForm\":\"\"};form.fields=[{\"objectType\":\"Field\",\"objectDomain\":\"fields\",\"editActive\":false,\"order\":1,\"idAttribute\":\"id\",\"label_pos\":\"above\",\"required\":1,\"default\":\"{wp:post_title}\",\"placeholder\":\"\",\"container_class\":\"\",\"element_class\":\"\",\"input_limit\":\"\",\"input_limit_type\":\"characters\",\"input_limit_msg\":\"Character(s) left\",\"manual_key\":1,\"admin_label\":\"Product Name\",\"help_text\":\"<p><br><\\\/p>\",\"mask\":\"\",\"custom_mask\":\"\",\"custom_name_attribute\":\"\",\"personally_identifiable\":\"\",\"value\":\"H\\u1ee3p T\\u00e1c V\\u1edbi Henry Le Design\",\"drawerDisabled\":false,\"label\":\"Qu\\u00fd V\\u1ecb \\u0110ang Y\\u00eau C\\u1ea7u...\",\"key\":\"product_name\",\"type\":\"textbox\",\"id\":24,\"beforeField\":\"\",\"afterField\":\"\",\"parentType\":\"textbox\",\"element_templates\":[\"textbox\",\"input\"],\"old_classname\":\"\",\"wrap_template\":\"wrap\"},{\"objectType\":\"Field\",\"objectDomain\":\"fields\",\"editActive\":false,\"order\":2,\"idAttribute\":\"id\",\"container_class\":\"\",\"element_class\":\"\",\"label\":\"Divider\",\"key\":\"hr_1571137533706\",\"type\":\"hr\",\"id\":25,\"beforeField\":\"\",\"afterField\":\"\",\"value\":\"\",\"label_pos\":\"above\",\"parentType\":\"hr\",\"element_templates\":[\"hr\",\"input\"],\"old_classname\":\"\",\"wrap_template\":\"wrap\"},{\"objectType\":\"Field\",\"objectDomain\":\"fields\",\"editActive\":false,\"order\":3,\"idAttribute\":\"id\",\"default\":\"<p>Th\\u00f4ng Tin Li\\u00ean H\\u1ec7<\\\/p>\",\"container_class\":\"\",\"element_class\":\"\",\"drawerDisabled\":false,\"label\":\"Th\\u00f4ng Tin Li\\u00ean H\\u1ec7\",\"key\":\"thong_tin_lien_he_1606467265168\",\"type\":\"html\",\"id\":26,\"beforeField\":\"\",\"afterField\":\"\",\"value\":\"<p>Th\\u00f4ng Tin Li\\u00ean H\\u1ec7<\\\/p>\",\"label_pos\":\"above\",\"parentType\":\"html\",\"element_templates\":[\"html\",\"input\"],\"old_classname\":\"\",\"wrap_template\":\"wrap\"},{\"objectType\":\"Field\",\"objectDomain\":\"fields\",\"editActive\":false,\"order\":4,\"idAttribute\":\"id\",\"type\":\"firstname\",\"label\":\"T\\u00ean B\\u1ea1n\",\"key\":\"ten_ban_1613707927249\",\"label_pos\":\"above\",\"required\":1,\"default\":\"\",\"placeholder\":\"\",\"container_class\":\"\",\"element_class\":\"\",\"admin_label\":\"\",\"help_text\":\"\",\"custom_name_attribute\":\"fname\",\"personally_identifiable\":1,\"drawerDisabled\":false,\"value\":\"\",\"id\":33,\"beforeField\":\"\",\"afterField\":\"\",\"parentType\":\"firstname\",\"element_templates\":[\"firstname\",\"input\"],\"old_classname\":\"\",\"wrap_template\":\"wrap\"},{\"objectType\":\"Field\",\"objectDomain\":\"fields\",\"editActive\":false,\"order\":5,\"idAttribute\":\"id\",\"label_pos\":\"above\",\"required\":0,\"placeholder\":\"\",\"default\":\"\",\"wrapper_class\":\"\",\"element_class\":\"\",\"container_class\":\"\",\"admin_label\":\"\",\"help_text\":\"\",\"desc_text\":\"\",\"wrap_styles_background-color\":\"\",\"wrap_styles_border\":\"\",\"wrap_styles_border-style\":\"\",\"wrap_styles_border-color\":\"\",\"wrap_styles_color\":\"\",\"wrap_styles_height\":\"\",\"wrap_styles_width\":\"\",\"wrap_styles_font-size\":\"\",\"wrap_styles_margin\":\"\",\"wrap_styles_padding\":\"\",\"wrap_styles_display\":\"\",\"wrap_styles_float\":\"\",\"wrap_styles_show_advanced_css\":0,\"wrap_styles_advanced\":\"\",\"label_styles_background-color\":\"\",\"label_styles_border\":\"\",\"label_styles_border-style\":\"\",\"label_styles_border-color\":\"\",\"label_styles_color\":\"\",\"label_styles_height\":\"\",\"label_styles_width\":\"\",\"label_styles_font-size\":\"\",\"label_styles_margin\":\"\",\"label_styles_padding\":\"\",\"label_styles_display\":\"\",\"label_styles_float\":\"\",\"label_styles_show_advanced_css\":0,\"label_styles_advanced\":\"\",\"element_styles_background-color\":\"\",\"element_styles_border\":\"\",\"element_styles_border-style\":\"\",\"element_styles_border-color\":\"\",\"element_styles_color\":\"\",\"element_styles_height\":\"\",\"element_styles_width\":\"\",\"element_styles_font-size\":\"\",\"element_styles_margin\":\"\",\"element_styles_padding\":\"\",\"element_styles_display\":\"\",\"element_styles_float\":\"\",\"element_styles_show_advanced_css\":0,\"element_styles_advanced\":\"\",\"cellcid\":\"c3281\",\"custom_name_attribute\":\"email\",\"personally_identifiable\":1,\"value\":\"\",\"label\":\"Email\",\"key\":\"email\",\"type\":\"email\",\"id\":28,\"beforeField\":\"\",\"afterField\":\"\",\"parentType\":\"email\",\"element_templates\":[\"email\",\"input\"],\"old_classname\":\"\",\"wrap_template\":\"wrap\"},{\"objectType\":\"Field\",\"objectDomain\":\"fields\",\"editActive\":false,\"order\":6,\"idAttribute\":\"id\",\"label_pos\":\"above\",\"required\":1,\"default\":\"\",\"placeholder\":\"\",\"container_class\":\"\",\"element_class\":\"\",\"input_limit\":\"\",\"input_limit_type\":\"characters\",\"input_limit_msg\":\"Character(s) left\",\"manual_key\":\"\",\"admin_label\":\"\",\"help_text\":\"\",\"mask\":\"\",\"custom_mask\":\"\",\"custom_name_attribute\":\"phone\",\"personally_identifiable\":1,\"value\":\"\",\"drawerDisabled\":false,\"desc_text\":\"\",\"label\":\"\\u0110i\\u1ec7n Tho\\u1ea1i\",\"key\":\"dien_thoai_1606467287680\",\"type\":\"phone\",\"id\":29,\"beforeField\":\"\",\"afterField\":\"\",\"parentType\":\"textbox\",\"element_templates\":[\"tel\",\"textbox\",\"input\"],\"old_classname\":\"\",\"wrap_template\":\"wrap\"},{\"objectType\":\"Field\",\"objectDomain\":\"fields\",\"editActive\":false,\"order\":7,\"idAttribute\":\"id\",\"label_pos\":\"above\",\"required\":0,\"placeholder\":\"\",\"default\":\"\",\"wrapper_class\":\"\",\"element_class\":\"\",\"container_class\":\"\",\"input_limit\":\"\",\"input_limit_type\":\"characters\",\"input_limit_msg\":\"Character(s) left\",\"manual_key\":\"\",\"disable_input\":\"\",\"admin_label\":\"\",\"help_text\":\"<p><br><\\\/p>\",\"desc_text\":\"<p><br><\\\/p>\",\"disable_browser_autocomplete\":\"\",\"textarea_rte\":\"\",\"disable_rte_mobile\":\"\",\"textarea_media\":\"\",\"wrap_styles_background-color\":\"\",\"wrap_styles_border\":\"\",\"wrap_styles_border-style\":\"\",\"wrap_styles_border-color\":\"\",\"wrap_styles_color\":\"\",\"wrap_styles_height\":\"\",\"wrap_styles_width\":\"\",\"wrap_styles_font-size\":\"\",\"wrap_styles_margin\":\"\",\"wrap_styles_padding\":\"\",\"wrap_styles_display\":\"\",\"wrap_styles_float\":\"\",\"wrap_styles_show_advanced_css\":0,\"wrap_styles_advanced\":\"\",\"label_styles_background-color\":\"\",\"label_styles_border\":\"\",\"label_styles_border-style\":\"\",\"label_styles_border-color\":\"\",\"label_styles_color\":\"\",\"label_styles_height\":\"\",\"label_styles_width\":\"\",\"label_styles_font-size\":\"\",\"label_styles_margin\":\"\",\"label_styles_padding\":\"\",\"label_styles_display\":\"\",\"label_styles_float\":\"\",\"label_styles_show_advanced_css\":0,\"label_styles_advanced\":\"\",\"element_styles_background-color\":\"\",\"element_styles_border\":\"\",\"element_styles_border-style\":\"\",\"element_styles_border-color\":\"\",\"element_styles_color\":\"\",\"element_styles_height\":\"\",\"element_styles_width\":\"\",\"element_styles_font-size\":\"\",\"element_styles_margin\":\"\",\"element_styles_padding\":\"\",\"element_styles_display\":\"\",\"element_styles_float\":\"\",\"element_styles_show_advanced_css\":0,\"element_styles_advanced\":\"\",\"cellcid\":\"c3284\",\"drawerDisabled\":false,\"value\":\"\",\"label\":\"L\\u1eddi nh\\u1eafn (kh\\u00f4ng b\\u1eaft bu\\u1ed9c)\",\"key\":\"loi_nhan_khong_bat_buoc_1606470831262\",\"type\":\"textarea\",\"id\":31,\"beforeField\":\"\",\"afterField\":\"\",\"parentType\":\"textarea\",\"element_templates\":[\"textarea\",\"input\"],\"old_classname\":\"\",\"wrap_template\":\"wrap\"},{\"objectType\":\"Field\",\"objectDomain\":\"fields\",\"editActive\":false,\"order\":9,\"idAttribute\":\"id\",\"processing_label\":\"\\u0110ang g\\u1eedi...\",\"container_class\":\"\",\"element_class\":\"\",\"wrap_styles_background-color\":\"\",\"wrap_styles_border\":\"\",\"wrap_styles_border-style\":\"\",\"wrap_styles_border-color\":\"\",\"wrap_styles_color\":\"\",\"wrap_styles_height\":\"\",\"wrap_styles_width\":\"\",\"wrap_styles_font-size\":\"\",\"wrap_styles_margin\":\"\",\"wrap_styles_padding\":\"\",\"wrap_styles_display\":\"\",\"wrap_styles_float\":\"\",\"wrap_styles_show_advanced_css\":0,\"wrap_styles_advanced\":\"\",\"label_styles_background-color\":\"\",\"label_styles_border\":\"\",\"label_styles_border-style\":\"\",\"label_styles_border-color\":\"\",\"label_styles_color\":\"\",\"label_styles_height\":\"\",\"label_styles_width\":\"\",\"label_styles_font-size\":\"\",\"label_styles_margin\":\"\",\"label_styles_padding\":\"\",\"label_styles_display\":\"\",\"label_styles_float\":\"\",\"label_styles_show_advanced_css\":0,\"label_styles_advanced\":\"\",\"element_styles_background-color\":\"\",\"element_styles_border\":\"\",\"element_styles_border-style\":\"\",\"element_styles_border-color\":\"\",\"element_styles_color\":\"\",\"element_styles_height\":\"\",\"element_styles_width\":\"\",\"element_styles_font-size\":\"\",\"element_styles_margin\":\"\",\"element_styles_padding\":\"\",\"element_styles_display\":\"\",\"element_styles_float\":\"\",\"element_styles_show_advanced_css\":0,\"element_styles_advanced\":\"\",\"submit_element_hover_styles_background-color\":\"\",\"submit_element_hover_styles_border\":\"\",\"submit_element_hover_styles_border-style\":\"\",\"submit_element_hover_styles_border-color\":\"\",\"submit_element_hover_styles_color\":\"\",\"submit_element_hover_styles_height\":\"\",\"submit_element_hover_styles_width\":\"\",\"submit_element_hover_styles_font-size\":\"\",\"submit_element_hover_styles_margin\":\"\",\"submit_element_hover_styles_padding\":\"\",\"submit_element_hover_styles_display\":\"\",\"submit_element_hover_styles_float\":\"\",\"submit_element_hover_styles_show_advanced_css\":0,\"submit_element_hover_styles_advanced\":\"\",\"cellcid\":\"c3287\",\"drawerDisabled\":\"\",\"label\":\"G\\u1eedi Y\\u00eau C\\u1ea7u\",\"key\":\"gui_yeu_cau_1606470807607\",\"type\":\"submit\",\"id\":32,\"beforeField\":\"\",\"afterField\":\"\",\"value\":\"\",\"label_pos\":\"above\",\"parentType\":\"textbox\",\"element_templates\":[\"submit\",\"button\",\"input\"],\"old_classname\":\"\",\"wrap_template\":\"wrap-no-label\"}];nfForms.push(form);<\/script>\n        \n","protected":false},"excerpt":{"rendered":"<p>H\u1ee3p T\u00e1c V\u1edbi Henry Le Design T\u1ea1i Henry Le Design, ch\u00fang t\u00f4i mang t\u1edbi kh\u00e1ch h\u00e0ng nh\u1eefng m\u00f3n qu\u00e0 t\u1eb7ng doanh nghi\u1ec7p ch\u1ea5t l\u01b0\u1ee3ng cao, m\u1eabu m\u00e3 thi\u1ebft k\u1ebf \u0111\u1ed9c \u0111\u00e1o, ph\u00f9 h\u1ee3p \u0111\u1ec3 l\u00e0m qu\u00e0 t\u1eb7ng s\u1ebfp, \u0111\u1ed1i t\u00e1c quan tr\u1ecdng\u2026 Nh\u1eefng s\u1ea3n ph\u1ea9m c\u00f3 t\u1ea1i Henry Le Design kh\u00f4ng ch\u1ec9 l\u00e0 m\u1ed9t m\u00f3n [&#8230;]\n","protected":false},"author":4,"featured_media":0,"parent":0,"menu_order":0,"comment_status":"closed","ping_status":"closed","template":"","meta":{"footnotes":""},"class_list":["post-7822","page","type-page","status-publish","hentry"],"yoast_head":"<!-- This site is optimized with the Yoast SEO plugin v19.8 - https:\/\/yoast.com\/wordpress\/plugins\/seo\/ -->\n<title>H\u1ee3p T\u00e1c V\u1edbi Henry Le Design - Henry Le Design<\/title>\n<meta name=\"robots\" content=\"index, follow, max-snippet:-1, max-image-preview:large, max-video-preview:-1\" \/>\n<link rel=\"canonical\" href=\"https:\/\/www.henryledesign.com\/vi\/hop-tac-voi-henry-le-design\/\" \/>\n<meta property=\"og:locale\" content=\"vi_VN\" \/>\n<meta property=\"og:type\" content=\"article\" \/>\n<meta property=\"og:title\" content=\"H\u1ee3p T\u00e1c V\u1edbi Henry Le Design - Henry Le Design\" \/>\n<meta property=\"og:description\" content=\"H\u1ee3p T\u00e1c V\u1edbi Henry Le Design T\u1ea1i Henry Le Design, ch\u00fang t\u00f4i mang t\u1edbi kh\u00e1ch h\u00e0ng nh\u1eefng m\u00f3n qu\u00e0 t\u1eb7ng doanh nghi\u1ec7p ch\u1ea5t l\u01b0\u1ee3ng cao, m\u1eabu m\u00e3 thi\u1ebft k\u1ebf \u0111\u1ed9c \u0111\u00e1o, ph\u00f9 h\u1ee3p \u0111\u1ec3 l\u00e0m qu\u00e0 t\u1eb7ng s\u1ebfp, \u0111\u1ed1i t\u00e1c quan tr\u1ecdng\u2026 Nh\u1eefng s\u1ea3n ph\u1ea9m c\u00f3 t\u1ea1i Henry Le Design kh\u00f4ng ch\u1ec9 l\u00e0 m\u1ed9t m\u00f3n [...]\" \/>\n<meta property=\"og:url\" content=\"https:\/\/www.henryledesign.com\/vi\/hop-tac-voi-henry-le-design\/\" \/>\n<meta property=\"og:site_name\" content=\"Henry Le Design\" \/>\n<meta property=\"article:modified_time\" content=\"2025-01-10T08:24:01+00:00\" \/>\n<meta name=\"twitter:card\" content=\"summary_large_image\" \/>\n<meta name=\"twitter:label1\" content=\"\u01af\u1edbc t\u00ednh th\u1eddi gian \u0111\u1ecdc\" \/>\n\t<meta name=\"twitter:data1\" content=\"1 ph\u00fat\" \/>\n<script type=\"application\/ld+json\" class=\"yoast-schema-graph\">{\"@context\":\"https:\/\/schema.org\",\"@graph\":[{\"@type\":\"WebPage\",\"@id\":\"https:\/\/www.henryledesign.com\/vi\/hop-tac-voi-henry-le-design\/\",\"url\":\"https:\/\/www.henryledesign.com\/vi\/hop-tac-voi-henry-le-design\/\",\"name\":\"H\u1ee3p T\u00e1c V\u1edbi Henry Le Design - Henry Le Design\",\"isPartOf\":{\"@id\":\"https:\/\/www.henryledesign.com\/vi\/#website\"},\"datePublished\":\"2018-03-20T09:30:57+00:00\",\"dateModified\":\"2025-01-10T08:24:01+00:00\",\"breadcrumb\":{\"@id\":\"https:\/\/www.henryledesign.com\/vi\/hop-tac-voi-henry-le-design\/#breadcrumb\"},\"inLanguage\":\"vi\",\"potentialAction\":[{\"@type\":\"ReadAction\",\"target\":[\"https:\/\/www.henryledesign.com\/vi\/hop-tac-voi-henry-le-design\/\"]}]},{\"@type\":\"BreadcrumbList\",\"@id\":\"https:\/\/www.henryledesign.com\/vi\/hop-tac-voi-henry-le-design\/#breadcrumb\",\"itemListElement\":[{\"@type\":\"ListItem\",\"position\":1,\"name\":\"Home\",\"item\":\"https:\/\/www.henryledesign.com\/vi\/\"},{\"@type\":\"ListItem\",\"position\":2,\"name\":\"H\u1ee3p T\u00e1c V\u1edbi Henry Le Design\"}]},{\"@type\":\"WebSite\",\"@id\":\"https:\/\/www.henryledesign.com\/vi\/#website\",\"url\":\"https:\/\/www.henryledesign.com\/vi\/\",\"name\":\"Henry Le Design\",\"description\":\"N\u1ed9i Th\u1ea5t Decor S\u00e1ng T\u1ea1o - Qu\u00e0 T\u1eb7ng Doanh Nghi\u1ec7p Doanh Nh\u00e2n \u0110\u1ed9c \u0110\u00e1o\",\"potentialAction\":[{\"@type\":\"SearchAction\",\"target\":{\"@type\":\"EntryPoint\",\"urlTemplate\":\"https:\/\/www.henryledesign.com\/vi\/?s={search_term_string}\"},\"query-input\":\"required name=search_term_string\"}],\"inLanguage\":\"vi\"}]}<\/script>\n<!-- \/ Yoast SEO plugin. -->","yoast_head_json":{"title":"H\u1ee3p T\u00e1c V\u1edbi Henry Le Design - Henry Le Design","robots":{"index":"index","follow":"follow","max-snippet":"max-snippet:-1","max-image-preview":"max-image-preview:large","max-video-preview":"max-video-preview:-1"},"canonical":"https:\/\/www.henryledesign.com\/vi\/hop-tac-voi-henry-le-design\/","og_locale":"vi_VN","og_type":"article","og_title":"H\u1ee3p T\u00e1c V\u1edbi Henry Le Design - Henry Le Design","og_description":"H\u1ee3p T\u00e1c V\u1edbi Henry Le Design T\u1ea1i Henry Le Design, ch\u00fang t\u00f4i mang t\u1edbi kh\u00e1ch h\u00e0ng nh\u1eefng m\u00f3n qu\u00e0 t\u1eb7ng doanh nghi\u1ec7p ch\u1ea5t l\u01b0\u1ee3ng cao, m\u1eabu m\u00e3 thi\u1ebft k\u1ebf \u0111\u1ed9c \u0111\u00e1o, ph\u00f9 h\u1ee3p \u0111\u1ec3 l\u00e0m qu\u00e0 t\u1eb7ng s\u1ebfp, \u0111\u1ed1i t\u00e1c quan tr\u1ecdng\u2026 Nh\u1eefng s\u1ea3n ph\u1ea9m c\u00f3 t\u1ea1i Henry Le Design kh\u00f4ng ch\u1ec9 l\u00e0 m\u1ed9t m\u00f3n [...]","og_url":"https:\/\/www.henryledesign.com\/vi\/hop-tac-voi-henry-le-design\/","og_site_name":"Henry Le Design","article_modified_time":"2025-01-10T08:24:01+00:00","twitter_card":"summary_large_image","twitter_misc":{"\u01af\u1edbc t\u00ednh th\u1eddi gian \u0111\u1ecdc":"1 ph\u00fat"},"schema":{"@context":"https:\/\/schema.org","@graph":[{"@type":"WebPage","@id":"https:\/\/www.henryledesign.com\/vi\/hop-tac-voi-henry-le-design\/","url":"https:\/\/www.henryledesign.com\/vi\/hop-tac-voi-henry-le-design\/","name":"H\u1ee3p T\u00e1c V\u1edbi Henry Le Design - Henry Le Design","isPartOf":{"@id":"https:\/\/www.henryledesign.com\/vi\/#website"},"datePublished":"2018-03-20T09:30:57+00:00","dateModified":"2025-01-10T08:24:01+00:00","breadcrumb":{"@id":"https:\/\/www.henryledesign.com\/vi\/hop-tac-voi-henry-le-design\/#breadcrumb"},"inLanguage":"vi","potentialAction":[{"@type":"ReadAction","target":["https:\/\/www.henryledesign.com\/vi\/hop-tac-voi-henry-le-design\/"]}]},{"@type":"BreadcrumbList","@id":"https:\/\/www.henryledesign.com\/vi\/hop-tac-voi-henry-le-design\/#breadcrumb","itemListElement":[{"@type":"ListItem","position":1,"name":"Home","item":"https:\/\/www.henryledesign.com\/vi\/"},{"@type":"ListItem","position":2,"name":"H\u1ee3p T\u00e1c V\u1edbi Henry Le Design"}]},{"@type":"WebSite","@id":"https:\/\/www.henryledesign.com\/vi\/#website","url":"https:\/\/www.henryledesign.com\/vi\/","name":"Henry Le Design","description":"N\u1ed9i Th\u1ea5t Decor S\u00e1ng T\u1ea1o - Qu\u00e0 T\u1eb7ng Doanh Nghi\u1ec7p Doanh Nh\u00e2n \u0110\u1ed9c \u0110\u00e1o","potentialAction":[{"@type":"SearchAction","target":{"@type":"EntryPoint","urlTemplate":"https:\/\/www.henryledesign.com\/vi\/?s={search_term_string}"},"query-input":"required name=search_term_string"}],"inLanguage":"vi"}]}},"_links":{"self":[{"href":"https:\/\/www.henryledesign.com\/vi\/wp-json\/wp\/v2\/pages\/7822","targetHints":{"allow":["GET"]}}],"collection":[{"href":"https:\/\/www.henryledesign.com\/vi\/wp-json\/wp\/v2\/pages"}],"about":[{"href":"https:\/\/www.henryledesign.com\/vi\/wp-json\/wp\/v2\/types\/page"}],"author":[{"embeddable":true,"href":"https:\/\/www.henryledesign.com\/vi\/wp-json\/wp\/v2\/users\/4"}],"replies":[{"embeddable":true,"href":"https:\/\/www.henryledesign.com\/vi\/wp-json\/wp\/v2\/comments?post=7822"}],"version-history":[{"count":1,"href":"https:\/\/www.henryledesign.com\/vi\/wp-json\/wp\/v2\/pages\/7822\/revisions"}],"predecessor-version":[{"id":15006,"href":"https:\/\/www.henryledesign.com\/vi\/wp-json\/wp\/v2\/pages\/7822\/revisions\/15006"}],"wp:attachment":[{"href":"https:\/\/www.henryledesign.com\/vi\/wp-json\/wp\/v2\/media?parent=7822"}],"curies":[{"name":"wp","href":"https:\/\/api.w.org\/{rel}","templated":true}]}}