{"id":7802,"date":"2018-03-20T08:50:33","date_gmt":"2018-03-20T01:50:33","guid":{"rendered":"https:\/\/www.nguyenmocdecor.com\/?page_id=7802"},"modified":"2021-02-08T09:28:32","modified_gmt":"2021-02-08T02:28:32","slug":"giao-dich-thanh-toan","status":"publish","type":"page","link":"https:\/\/www.henryledesign.com\/vi\/giao-dich-thanh-toan\/","title":{"rendered":"Giao D\u1ecbch &#038; Thanh To\u00e1n"},"content":{"rendered":"<h1 style=\"text-align: left;\"><span style=\"color: #ffef96;\">Giao D\u1ecbch &amp; Thanh To\u00e1n<\/span><\/h1>\n<p>Qu\u00fd v\u1ecb vui l\u00f2ng \u0111\u1ecdc tr\u01b0\u1edbc quy \u0111\u1ecbnh v\u1ec1 h\u00ecnh th\u1ee9c thanh to\u00e1n t\u1ea1i \u0111\u00e2y. Khi \u0111\u1eb7t h\u00e0ng, ch\u00fang t\u00f4i m\u0103c \u0111\u1ecbnh v\u1ecb kh\u00e1ch \u0111\u00e3 \u0111\u1ed3ng \u00fd v\u1edbi quy \u0111\u1ecbnh n\u00e0y. C\u00e1c quy \u0111\u1ecbnh c\u00f3 th\u1ec3 thay \u0111\u1ed5i \u0111\u1ec3 ph\u00f9 h\u1ee3p v\u1edbi ph\u00e1p lu\u1eadt v\u00e0 d\u1ecbch v\u1ee5 c\u1ee7a Henry Le Design. Khi quan t\u00e2m \u0111\u1ebfn s\u1ea3n ph\u1ea9m, qu\u00fd v\u1ecb c\u1ea7n cung c\u1ea5p \u0111\u1ea7y \u0111\u1ee7 c\u00e1c th\u00f4ng tin bao g\u1ed3m: H\u1ecd v\u00e0 t\u00ean, S\u0110T, Email&#8230;. \u0111\u1ec3 b\u1ed9 ph\u1eadn kinh doanh c\u1ee7a Giga Gift t\u01b0 v\u1ea5n v\u00e0 h\u1ed7 tr\u1ee3.<\/p>\n<h2><span style=\"color: #99ccff;\">H\u00ecnh th\u1ee9c \u0111\u1eb7t h\u00e0ng<\/span><\/h2>\n<p>Qu\u00fd v\u1ecb c\u00f3 th\u1ec3 \u0111\u1eb7t h\u00e0ng theo 2 h\u00ecnh th\u1ee9c:<\/p>\n<ul>\n<li>\u0110\u1eb7t h\u00e0ng tr\u1ef1c tuy\u1ebfn qua website<\/li>\n<li>Li\u00ean h\u1ec7 tr\u1ef1c ti\u1ebfp t\u1edbi b\u1ed9 ph\u1eadn t\u01b0 v\u1ea5n th\u00f4ng qua hotline: <a href=\"tel:+84909896286\">+84 909 896 286<\/a><\/li>\n<\/ul>\n<h2><span style=\"color: #99ccff;\">H\u00ecnh th\u1ee9c thanh to\u00e1n<\/span><\/h2>\n<ul>\n<li>Sau khi th\u1ecfa thu\u00e2n, hai b\u00ean ti\u1ebfn h\u00e0nh k\u00fd k\u1ebft h\u1ee3p \u0111\u1ed3ng v\u00e0 th\u1ef1c hi\u1ec7n \u0111\u1eb7t c\u1ecdc.<\/li>\n<li>Qu\u00fd v\u1ecb vui l\u00f2ng thanh to\u00e1n 50% sau khi k\u00fd h\u1ee3p \u0111\u1ed3ng v\u00e0 thanh to\u00e1n, s\u1ed1 ti\u1ec1n c\u00f2n l\u1ea1i sau khi nh\u1eadn h\u00e0ng h\u00f3a theo y\u00eau c\u1ea7u v\u00e0 h\u00f3a \u0111\u01a1n t\u00e0i ch\u00ednh li\u00ean quan.<\/li>\n<li>Ph\u01b0\u01a1ng th\u1ee9c thanh to\u00e1n: Ti\u1ec1n m\u1eb7t ho\u1eb7c chuy\u1ec3n kho\u1ea3n.<\/li>\n<\/ul>\n","protected":false},"excerpt":{"rendered":"<p>Giao D\u1ecbch &amp; Thanh To\u00e1n Qu\u00fd v\u1ecb vui l\u00f2ng \u0111\u1ecdc tr\u01b0\u1edbc quy \u0111\u1ecbnh v\u1ec1 h\u00ecnh th\u1ee9c thanh to\u00e1n t\u1ea1i \u0111\u00e2y. Khi \u0111\u1eb7t h\u00e0ng, ch\u00fang t\u00f4i m\u0103c \u0111\u1ecbnh v\u1ecb kh\u00e1ch \u0111\u00e3 \u0111\u1ed3ng \u00fd v\u1edbi quy \u0111\u1ecbnh n\u00e0y. C\u00e1c quy \u0111\u1ecbnh c\u00f3 th\u1ec3 thay \u0111\u1ed5i \u0111\u1ec3 ph\u00f9 h\u1ee3p v\u1edbi ph\u00e1p lu\u1eadt v\u00e0 d\u1ecbch v\u1ee5 c\u1ee7a Henry Le [&#8230;]\n","protected":false},"author":4,"featured_media":0,"parent":0,"menu_order":0,"comment_status":"closed","ping_status":"closed","template":"","meta":{"footnotes":""},"class_list":["post-7802","page","type-page","status-publish","hentry"],"yoast_head":"<!-- This site is optimized with the Yoast SEO plugin v19.8 - https:\/\/yoast.com\/wordpress\/plugins\/seo\/ -->\n<title>Giao D\u1ecbch &amp; Thanh To\u00e1n - Henry Le Design<\/title>\n<meta name=\"robots\" content=\"index, follow, max-snippet:-1, max-image-preview:large, max-video-preview:-1\" \/>\n<link rel=\"canonical\" href=\"https:\/\/www.henryledesign.com\/vi\/giao-dich-thanh-toan\/\" \/>\n<meta property=\"og:locale\" content=\"vi_VN\" \/>\n<meta property=\"og:type\" content=\"article\" \/>\n<meta property=\"og:title\" content=\"Giao D\u1ecbch &amp; Thanh To\u00e1n - Henry Le Design\" \/>\n<meta property=\"og:description\" content=\"Giao D\u1ecbch &amp; Thanh To\u00e1n Qu\u00fd v\u1ecb vui l\u00f2ng \u0111\u1ecdc tr\u01b0\u1edbc quy \u0111\u1ecbnh v\u1ec1 h\u00ecnh th\u1ee9c thanh to\u00e1n t\u1ea1i \u0111\u00e2y. Khi \u0111\u1eb7t h\u00e0ng, ch\u00fang t\u00f4i m\u0103c \u0111\u1ecbnh v\u1ecb kh\u00e1ch \u0111\u00e3 \u0111\u1ed3ng \u00fd v\u1edbi quy \u0111\u1ecbnh n\u00e0y. C\u00e1c quy \u0111\u1ecbnh c\u00f3 th\u1ec3 thay \u0111\u1ed5i \u0111\u1ec3 ph\u00f9 h\u1ee3p v\u1edbi ph\u00e1p lu\u1eadt v\u00e0 d\u1ecbch v\u1ee5 c\u1ee7a Henry Le [...]\" \/>\n<meta property=\"og:url\" content=\"https:\/\/www.henryledesign.com\/vi\/giao-dich-thanh-toan\/\" \/>\n<meta property=\"og:site_name\" content=\"Henry Le Design\" \/>\n<meta property=\"article:modified_time\" content=\"2021-02-08T02:28:32+00:00\" \/>\n<meta name=\"twitter:card\" content=\"summary_large_image\" \/>\n<meta name=\"twitter:label1\" content=\"\u01af\u1edbc t\u00ednh th\u1eddi gian \u0111\u1ecdc\" \/>\n\t<meta name=\"twitter:data1\" content=\"1 ph\u00fat\" \/>\n<script type=\"application\/ld+json\" class=\"yoast-schema-graph\">{\"@context\":\"https:\/\/schema.org\",\"@graph\":[{\"@type\":\"WebPage\",\"@id\":\"https:\/\/www.henryledesign.com\/vi\/giao-dich-thanh-toan\/\",\"url\":\"https:\/\/www.henryledesign.com\/vi\/giao-dich-thanh-toan\/\",\"name\":\"Giao D\u1ecbch & Thanh To\u00e1n - Henry Le Design\",\"isPartOf\":{\"@id\":\"https:\/\/www.henryledesign.com\/vi\/#website\"},\"datePublished\":\"2018-03-20T01:50:33+00:00\",\"dateModified\":\"2021-02-08T02:28:32+00:00\",\"breadcrumb\":{\"@id\":\"https:\/\/www.henryledesign.com\/vi\/giao-dich-thanh-toan\/#breadcrumb\"},\"inLanguage\":\"vi\",\"potentialAction\":[{\"@type\":\"ReadAction\",\"target\":[\"https:\/\/www.henryledesign.com\/vi\/giao-dich-thanh-toan\/\"]}]},{\"@type\":\"BreadcrumbList\",\"@id\":\"https:\/\/www.henryledesign.com\/vi\/giao-dich-thanh-toan\/#breadcrumb\",\"itemListElement\":[{\"@type\":\"ListItem\",\"position\":1,\"name\":\"Home\",\"item\":\"https:\/\/www.henryledesign.com\/vi\/\"},{\"@type\":\"ListItem\",\"position\":2,\"name\":\"Giao D\u1ecbch &#038; Thanh To\u00e1n\"}]},{\"@type\":\"WebSite\",\"@id\":\"https:\/\/www.henryledesign.com\/vi\/#website\",\"url\":\"https:\/\/www.henryledesign.com\/vi\/\",\"name\":\"Henry Le Design\",\"description\":\"N\u1ed9i Th\u1ea5t Decor S\u00e1ng T\u1ea1o - Qu\u00e0 T\u1eb7ng Doanh Nghi\u1ec7p Doanh Nh\u00e2n \u0110\u1ed9c \u0110\u00e1o\",\"potentialAction\":[{\"@type\":\"SearchAction\",\"target\":{\"@type\":\"EntryPoint\",\"urlTemplate\":\"https:\/\/www.henryledesign.com\/vi\/?s={search_term_string}\"},\"query-input\":\"required name=search_term_string\"}],\"inLanguage\":\"vi\"}]}<\/script>\n<!-- \/ Yoast SEO plugin. -->","yoast_head_json":{"title":"Giao D\u1ecbch & Thanh To\u00e1n - Henry Le Design","robots":{"index":"index","follow":"follow","max-snippet":"max-snippet:-1","max-image-preview":"max-image-preview:large","max-video-preview":"max-video-preview:-1"},"canonical":"https:\/\/www.henryledesign.com\/vi\/giao-dich-thanh-toan\/","og_locale":"vi_VN","og_type":"article","og_title":"Giao D\u1ecbch & Thanh To\u00e1n - Henry Le Design","og_description":"Giao D\u1ecbch &amp; Thanh To\u00e1n Qu\u00fd v\u1ecb vui l\u00f2ng \u0111\u1ecdc tr\u01b0\u1edbc quy \u0111\u1ecbnh v\u1ec1 h\u00ecnh th\u1ee9c thanh to\u00e1n t\u1ea1i \u0111\u00e2y. Khi \u0111\u1eb7t h\u00e0ng, ch\u00fang t\u00f4i m\u0103c \u0111\u1ecbnh v\u1ecb kh\u00e1ch \u0111\u00e3 \u0111\u1ed3ng \u00fd v\u1edbi quy \u0111\u1ecbnh n\u00e0y. C\u00e1c quy \u0111\u1ecbnh c\u00f3 th\u1ec3 thay \u0111\u1ed5i \u0111\u1ec3 ph\u00f9 h\u1ee3p v\u1edbi ph\u00e1p lu\u1eadt v\u00e0 d\u1ecbch v\u1ee5 c\u1ee7a Henry Le [...]","og_url":"https:\/\/www.henryledesign.com\/vi\/giao-dich-thanh-toan\/","og_site_name":"Henry Le Design","article_modified_time":"2021-02-08T02:28:32+00:00","twitter_card":"summary_large_image","twitter_misc":{"\u01af\u1edbc t\u00ednh th\u1eddi gian \u0111\u1ecdc":"1 ph\u00fat"},"schema":{"@context":"https:\/\/schema.org","@graph":[{"@type":"WebPage","@id":"https:\/\/www.henryledesign.com\/vi\/giao-dich-thanh-toan\/","url":"https:\/\/www.henryledesign.com\/vi\/giao-dich-thanh-toan\/","name":"Giao D\u1ecbch & Thanh To\u00e1n - Henry Le Design","isPartOf":{"@id":"https:\/\/www.henryledesign.com\/vi\/#website"},"datePublished":"2018-03-20T01:50:33+00:00","dateModified":"2021-02-08T02:28:32+00:00","breadcrumb":{"@id":"https:\/\/www.henryledesign.com\/vi\/giao-dich-thanh-toan\/#breadcrumb"},"inLanguage":"vi","potentialAction":[{"@type":"ReadAction","target":["https:\/\/www.henryledesign.com\/vi\/giao-dich-thanh-toan\/"]}]},{"@type":"BreadcrumbList","@id":"https:\/\/www.henryledesign.com\/vi\/giao-dich-thanh-toan\/#breadcrumb","itemListElement":[{"@type":"ListItem","position":1,"name":"Home","item":"https:\/\/www.henryledesign.com\/vi\/"},{"@type":"ListItem","position":2,"name":"Giao D\u1ecbch &#038; Thanh To\u00e1n"}]},{"@type":"WebSite","@id":"https:\/\/www.henryledesign.com\/vi\/#website","url":"https:\/\/www.henryledesign.com\/vi\/","name":"Henry Le Design","description":"N\u1ed9i Th\u1ea5t Decor S\u00e1ng T\u1ea1o - Qu\u00e0 T\u1eb7ng Doanh Nghi\u1ec7p Doanh Nh\u00e2n \u0110\u1ed9c \u0110\u00e1o","potentialAction":[{"@type":"SearchAction","target":{"@type":"EntryPoint","urlTemplate":"https:\/\/www.henryledesign.com\/vi\/?s={search_term_string}"},"query-input":"required name=search_term_string"}],"inLanguage":"vi"}]}},"_links":{"self":[{"href":"https:\/\/www.henryledesign.com\/vi\/wp-json\/wp\/v2\/pages\/7802","targetHints":{"allow":["GET"]}}],"collection":[{"href":"https:\/\/www.henryledesign.com\/vi\/wp-json\/wp\/v2\/pages"}],"about":[{"href":"https:\/\/www.henryledesign.com\/vi\/wp-json\/wp\/v2\/types\/page"}],"author":[{"embeddable":true,"href":"https:\/\/www.henryledesign.com\/vi\/wp-json\/wp\/v2\/users\/4"}],"replies":[{"embeddable":true,"href":"https:\/\/www.henryledesign.com\/vi\/wp-json\/wp\/v2\/comments?post=7802"}],"version-history":[{"count":0,"href":"https:\/\/www.henryledesign.com\/vi\/wp-json\/wp\/v2\/pages\/7802\/revisions"}],"wp:attachment":[{"href":"https:\/\/www.henryledesign.com\/vi\/wp-json\/wp\/v2\/media?parent=7802"}],"curies":[{"name":"wp","href":"https:\/\/api.w.org\/{rel}","templated":true}]}}