{"id":545,"date":"2013-08-11T20:13:42","date_gmt":"2013-08-11T20:13:42","guid":{"rendered":"http:\/\/localhost:8888\/test\/?page_id=545"},"modified":"2016-12-30T10:43:28","modified_gmt":"2016-12-30T10:43:28","slug":"faqs","status":"publish","type":"page","link":"https:\/\/www.henryledesign.com\/vi\/pages\/faqs\/","title":{"rendered":"FAQs"},"content":{"rendered":"<p class=\"lead\">\n<div class=\"container section-title-container\" ><h1 class=\"section-title section-title-center\"><b><\/b><span class=\"section-title-main\" style=\"color:rgb(255, 239, 150);\">Henry Le Design &amp; Nh\u1eefng C\u00e2u H\u1ecfi Th\u01b0\u1eddng G\u1eb7p<\/span><b><\/b><\/h1><\/div>\r\n<h2 style=\"text-align: center;\"><span style=\"color: #99ccff;\">S\u1ea3n Ph\u1ea9m Qu\u00e0 T\u1eb7ng Doanh Nghi\u1ec7p<\/span><\/h2>\r\n<div class=\"accordion\">\r\n\r\n<div id=\"accordion-703657382\" class=\"accordion-item\"><a id=\"accordion-703657382-label\" href=\"#\" class=\"accordion-title plain\" aria-expanded=\"false\" aria-controls=\"accordion-703657382-content\"><button class=\"toggle\" aria-label=\"Toggle\"><i class=\"icon-angle-down\"><\/i><\/button><span>Q1. S\u1ea3n ph\u1ea9m qu\u00e0 t\u1eb7ng c\u1ee7a Henry Le Design c\u00f3 an to\u00e0n kh\u00f4ng?<\/span><\/a><div id=\"accordion-703657382-content\" class=\"accordion-inner\" aria-labelledby=\"accordion-703657382-label\">\r\n\r\n\u0110\u1eb7c bi\u1ec7t an to\u00e0n \u0111\u1ed1i v\u1edbi ng\u01b0\u1eddi s\u1eed d\u1ee5ng.\u00a0B\u1ec1 m\u1eb7t b\u00fat ch\u00ec \u0111\u01b0\u1ee3c \u0111\u00fac v\u1edbi nh\u1ef1a EPOXY RESIN \u0111\u00e2y l\u00e0 lo\u1ea1i \u0111\u01b0\u1ee3c l\u00e0m nhi\u1ec1u trong c\u00f4ng ngh\u1ec7 \u0111\u1ed3 \u0111\u1ef1ng th\u1ef1c ph\u1ea9m n\u00ean r\u1ea5t an to\u00e0n.\r\n\r\n<\/div><\/div>\r\n<div id=\"accordion-2745590081\" class=\"accordion-item\"><a id=\"accordion-2745590081-label\" href=\"#\" class=\"accordion-title plain\" aria-expanded=\"false\" aria-controls=\"accordion-2745590081-content\"><button class=\"toggle\" aria-label=\"Toggle\"><i class=\"icon-angle-down\"><\/i><\/button><span>Q2. Vi\u1ec7c b\u1ea3o qu\u1ea3n s\u1ea3n ph\u1ea9m c\u00f3 kh\u00f3 kh\u00f4ng?<\/span><\/a><div id=\"accordion-2745590081-content\" class=\"accordion-inner\" aria-labelledby=\"accordion-2745590081-label\">\r\n\r\nS\u1ea3n ph\u1ea9m qu\u00e0 t\u1eb7ng t\u1ea1i Henry Le Design r\u1ea5t d\u1ec5 b\u1ea3o qu\u1ea3n. B\u1ec1 m\u1eb7t s\u1ea3n ph\u1ea9m \u0111\u01b0\u1ee3c ho\u00e0n thi\u1ec7n gi\u1ed1ng g\u1ed7 n\u00ean ch\u1ec9 c\u1ea7n d\u00f9ng kh\u0103n \u1ea9m \u0111\u1ec3 lau l\u00e0 \u0111\u01b0\u1ee3c. Tuy\u1ec7t \u0111\u1ed1i kh\u00f4ng s\u1eed d\u1ee5ng ngo\u00e0i tr\u1eddi v\u00e0 tr\u00e1nh \u0111\u1ec3 v\u1eadt s\u1eafc nh\u1ecdn t\u00e1c \u0111\u1ed9ng l\u00ean s\u1ea3n ph\u1ea9m.\r\n\r\n<\/div><\/div>\r\n<div id=\"accordion-1561912449\" class=\"accordion-item\"><a id=\"accordion-1561912449-label\" href=\"#\" class=\"accordion-title plain\" aria-expanded=\"false\" aria-controls=\"accordion-1561912449-content\"><button class=\"toggle\" aria-label=\"Toggle\"><i class=\"icon-angle-down\"><\/i><\/button><span>Q3. T\u00f4i c\u00f3 th\u1ec3 \u0111\u1ebfn xem s\u1ea3n ph\u1ea9m m\u1eabu tr\u1ef1c ti\u1ebfp \u0111\u01b0\u1ee3c kh\u00f4ng?<\/span><\/a><div id=\"accordion-1561912449-content\" class=\"accordion-inner\" aria-labelledby=\"accordion-1561912449-label\">\r\n\r\nQu\u00fd v\u1ecb c\u00f3 th\u1ec3 gh\u00e9 th\u0103m showroom c\u1ee7a Henry Le Design \u0111\u1ec3 xem tr\u1ef1c ti\u1ebfp nh\u1eefng s\u1ea3n ph\u1ea9m m\u1eabu tr\u01b0\u1edbc khi quy\u1ebft \u0111\u1ecbnh.\u00a0T\u1ea5t c\u1ea3 c\u00e1c t\u00e1c ph\u1ea9m tr\u00ean website \u0111\u1ec1u \u0111\u01b0\u1ee3c tr\u01b0ng b\u00e0y t\u1ea1i showroom.\r\n\r\n<\/div><\/div>\r\n<div id=\"accordion-53850242\" class=\"accordion-item\"><a id=\"accordion-53850242-label\" href=\"#\" class=\"accordion-title plain\" aria-expanded=\"false\" aria-controls=\"accordion-53850242-content\"><button class=\"toggle\" aria-label=\"Toggle\"><i class=\"icon-angle-down\"><\/i><\/button><span>Q4. T\u00f4i c\u00f3 th\u1ec3 \u0111\u1eb7t s\u1ea3n ph\u1ea9m qu\u00e0 t\u1eb7ng theo y\u00eau c\u1ea7u kh\u00f4ng?<\/span><\/a><div id=\"accordion-53850242-content\" class=\"accordion-inner\" aria-labelledby=\"accordion-53850242-label\">\r\n\r\nCh\u1eafc ch\u1eafn \u0111\u01b0\u1ee3c! N\u1ebfu qu\u00fd v\u1ecb mu\u1ed1n \u0111\u1eb7t nh\u1eefng s\u1ea3n ph\u1ea9m qu\u00e0 t\u1eb7ng theo y\u00eau c\u1ea7u, xin vui l\u00f2ng li\u00ean h\u1ec7 v\u1edbi ch\u00fang t\u00f4i <a href=\"https:\/\/www.henryledesign.com\/vi\/lien-he\/\">t\u1ea1i \u0111\u00e2y<\/a> \u0111\u1ec3 trao \u0111\u1ed5i v\u00e0 nh\u1eadn s\u1ef1 t\u01b0 v\u1ea5n t\u1eadn t\u00ecnh c\u1ee7a chuy\u00ean vi\u00ean Henry Le Design.\r\n\r\n<\/div><\/div>\r\n<div id=\"accordion-354445972\" class=\"accordion-item\"><a id=\"accordion-354445972-label\" href=\"#\" class=\"accordion-title plain\" aria-expanded=\"false\" aria-controls=\"accordion-354445972-content\"><button class=\"toggle\" aria-label=\"Toggle\"><i class=\"icon-angle-down\"><\/i><\/button><span>Q5. S\u1ea3n ph\u1ea9m c\u00f3 ph\u00f9 h\u1ee3p l\u00e0m qu\u00e0 doanh nghi\u1ec7p kh\u00f4ng?<\/span><\/a><div id=\"accordion-354445972-content\" class=\"accordion-inner\" aria-labelledby=\"accordion-354445972-label\">\r\n\r\nHo\u00e0n to\u00e0n c\u00f3 th\u1ec3. Nh\u1eefng s\u1ea3n ph\u1ea9m qu\u00e0 t\u1eb7ng t\u1ea1i Henry Le Design \u0111\u01b0\u1ee3c \u0111\u1eb7c bi\u1ec7t thi\u1ebft k\u1ebf \u0111\u1ec3 ph\u00f9 h\u1ee3p v\u1edbi nhi\u1ec1u m\u1ee5c \u0111\u00edch s\u1eed d\u1ee5ng kh\u00e1c nhau v\u00e0 tr\u00ean h\u1ebft, t\u1ea5t c\u1ea3 c\u00e1c s\u1ea3n ph\u1ea9m \u0111\u1ec1u ph\u00f9 h\u1ee3p v\u1edbi nhi\u1ec1u kh\u00f4ng gian kh\u00e1c nhau nh\u01b0 v\u0103n ph\u00f2ng, s\u1ea3nh...\r\n\r\n<\/div><\/div>\r\n\r\n<\/div>\r\n\t<div id=\"gap-340123182\" class=\"gap-element clearfix\" style=\"display:block; height:auto;\">\n\t\t\n<style>\n#gap-340123182 {\n  padding-top: 30px;\n}\n<\/style>\n\t<\/div>\n\t\r\n<h2 style=\"text-align: center;\"><span style=\"color: #99ccff;\">Ch\u00ednh S\u00e1ch Mua H\u00e0ng<\/span><\/h2>\r\n<div class=\"accordion\">\r\n\r\n<div id=\"accordion-3206573900\" class=\"accordion-item\"><a id=\"accordion-3206573900-label\" href=\"#\" class=\"accordion-title plain\" aria-expanded=\"false\" aria-controls=\"accordion-3206573900-content\"><button class=\"toggle\" aria-label=\"Toggle\"><i class=\"icon-angle-down\"><\/i><\/button><span>Q1. T\u00f4i c\u00f3 th\u1ec3 \u0111\u1eb7t h\u00e0ng qua \u0111i\u1ec7n tho\u1ea1i?<\/span><\/a><div id=\"accordion-3206573900-content\" class=\"accordion-inner\" aria-labelledby=\"accordion-3206573900-label\">\r\n\r\nV\u00e2ng, qu\u00fd v\u1ecb ho\u00e0n to\u00e0n c\u00f3 th\u1ec3 \u0111\u1eb7t h\u00e0ng qua \u0111i\u1ec7n tho\u1ea1i. C\u00e1c t\u01b0 v\u1ea5n vi\u00ean s\u1ebd c\u00f3 nh\u1eefng t\u01b0 v\u1ea5n t\u1eadn t\u00ecnh nh\u1ea5t \u0111\u1ec3 gi\u00fap qu\u00fd c\u00f3 th\u1ec3 t\u00ecm th\u1ea5y nh\u1eefng s\u1ea3n ph\u1ea9m qu\u00e0 t\u1eb7ng \u01b0ng \u00fd nh\u1ea5t cho m\u00ecnh. B\u1ea5m v\u00e0o s\u1ed1 \u0111i\u1ec7n tho\u1ea1i g\u00f3c tr\u00e1i b\u00ean d\u01b0\u1edbi m\u00e0n h\u00ecnh \u0111\u1ec3 c\u00f3 th\u1ec3 li\u00ean h\u1ec7 v\u1edbi ch\u00fang t\u00f4i.\r\n\r\n<\/div><\/div>\r\n<div id=\"accordion-3334646815\" class=\"accordion-item\"><a id=\"accordion-3334646815-label\" href=\"#\" class=\"accordion-title plain\" aria-expanded=\"false\" aria-controls=\"accordion-3334646815-content\"><button class=\"toggle\" aria-label=\"Toggle\"><i class=\"icon-angle-down\"><\/i><\/button><span>Q2. H\u00ecnh th\u1ee9c thanh to\u00e1n nh\u01b0 th\u1ebf n\u00e0o?<\/span><\/a><div id=\"accordion-3334646815-content\" class=\"accordion-inner\" aria-labelledby=\"accordion-3334646815-label\">\r\n\r\nCh\u00fang t\u00f4i ch\u1ea5p nh\u1eadn m\u1ed9t s\u1ed1 h\u00ecnh th\u1ee9c thanh to\u00e1n ch\u00ednh nh\u01b0 tr\u1ea3 ti\u1ec1n m\u1eb7t,\u00a0chuy\u1ec3n kho\u1ea3n, s\u1eed d\u1ee5ng th\u1ebb t\u00edn d\u1ee5ng. Trong \u0111\u00f3 th\u1ebb qu\u1ed1c t\u1ebf \u00e1p d\u1ee5ng cho Visa\u00ae, MasterCard\u00ae, American Express\u00ae, PayPal. Xin l\u01b0u \u00fd r\u1eb1ng ch\u1ec9 m\u1ed9t th\u1ebb t\u00edn d\u1ee5ng s\u1ebd \u0111\u01b0\u1ee3c ch\u1ea5p nh\u1eadn cho m\u1ed7i \u0111\u01a1n h\u00e0ng v\u00ec ch\u00fang t\u00f4i kh\u00f4ng th\u1ec3 x\u1eed l\u00fd \u0111\u01a1n \u0111\u1eb7t h\u00e0ng tr\u00ean hai th\u1ebb t\u00edn d\u1ee5ng ri\u00eang bi\u1ec7t.\r\n\r\n<\/div><\/div>\r\n<div id=\"accordion-1227645292\" class=\"accordion-item\"><a id=\"accordion-1227645292-label\" href=\"#\" class=\"accordion-title plain\" aria-expanded=\"false\" aria-controls=\"accordion-1227645292-content\"><button class=\"toggle\" aria-label=\"Toggle\"><i class=\"icon-angle-down\"><\/i><\/button><span>Q4. T\u00f4i c\u00f3 ph\u1ea3i thi\u1ebft l\u1eadp t\u00e0i kho\u1ea3n \u0111\u1ec3 th\u1ef1c hi\u1ec7n mua h\u00e0ng tr\u1ef1c tuy\u1ebfn kh\u00f4ng?<\/span><\/a><div id=\"accordion-1227645292-content\" class=\"accordion-inner\" aria-labelledby=\"accordion-1227645292-label\">\r\n\r\n\u0110\u1ec3 \u0111\u1eb7t h\u00e0ng tr\u1ef1c tuy\u1ebfn qu\u00fd v\u1ecb c\u1ea7n ph\u1ea3i thi\u1ebft l\u1eadp m\u1ed9t t\u00e0i kho\u1ea3n c\u00e1 nh\u00e2n tr\u00ean trang Henry Le Design. Vi\u1ec7c l\u00e0m n\u00e0y gi\u00fap qu\u00fd v\u1ecb c\u00f3 th\u1ec3 th\u1ef1c hi\u1ec7n thanh to\u00e1n, theo d\u00f5i \u0111\u01a1n \u0111\u1eb7t h\u00e0ng v\u00e0 d\u1ecbch v\u1ee5 b\u1ea3o h\u00e0ng d\u1ec5 d\u00e0ng h\u01a1n trong t\u01b0\u01a1ng lai. Vi\u1ec7c l\u1eadp t\u00e0i kho\u1ea3n n\u00e0y l\u00e0 ho\u00e0n to\u00e0n mi\u1ec5n ph\u00ed v\u00e0 ch\u00fang t\u00f4i cam k\u1ebft s\u1ebd kh\u00f4ng chia s\u1ebb th\u00f4ng tin c\u00e1 nh\u00e2n c\u1ee7a qu\u00fd v\u1ecb cho b\u00ean th\u1ee9 ba s\u1eed d\u1ee5ng.\r\n\r\n<\/div><\/div>\r\n<div id=\"accordion-3287923591\" class=\"accordion-item\"><a id=\"accordion-3287923591-label\" href=\"#\" class=\"accordion-title plain\" aria-expanded=\"false\" aria-controls=\"accordion-3287923591-content\"><button class=\"toggle\" aria-label=\"Toggle\"><i class=\"icon-angle-down\"><\/i><\/button><span>Q6. L\u00e0m th\u1ebf n\u00e0o \u0111\u1ec3 t\u00f4i bi\u1ebft \u0111\u01b0\u1ee3c b\u1ea1n \u0111\u00e3 nh\u1eadn \u0111\u01b0\u1ee3c \u0111\u01a1n \u0111\u1eb7t h\u00e0ng c\u1ee7a t\u00f4i?<\/span><\/a><div id=\"accordion-3287923591-content\" class=\"accordion-inner\" aria-labelledby=\"accordion-3287923591-label\">\r\n\r\nSau khi\u00a0\u0111\u00e3 \u0111\u1eb7t h\u00e0ng, qu\u00fd v\u1ecb s\u1ebd nh\u1eadn \u0111\u01b0\u1ee3c email x\u00e1c nh\u1eadn \u0111\u01a1n h\u00e0ng \u0111\u00e3 \u0111\u1eb7t. Vui l\u00f2ng xem l\u1ea1i email v\u00e0 li\u00ean h\u1ec7 v\u1edbi b\u1ed9 ph\u1eadn ch\u0103m s\u00f3c kh\u00e1ch h\u00e0ng theo s\u1ed1 <a href=\"tel:+84909896286\">+84 909 896 286<\/a> n\u1ebfu c\u00f3 y\u00eau c\u1ea7u thay \u0111\u1ed5i\r\n\r\n<\/div><\/div>\r\n<div id=\"accordion-863819461\" class=\"accordion-item\"><a id=\"accordion-863819461-label\" href=\"#\" class=\"accordion-title plain\" aria-expanded=\"false\" aria-controls=\"accordion-863819461-content\"><button class=\"toggle\" aria-label=\"Toggle\"><i class=\"icon-angle-down\"><\/i><\/button><span>Q7. T\u00f4i c\u00f3 th\u1ec3 thay \u0111\u1ed5i ho\u1eb7c h\u1ee7y \u0111\u01a1n h\u00e0ng tr\u1ef1c tuy\u1ebfn c\u1ee7a m\u00ecnh kh\u00f4ng?<\/span><\/a><div id=\"accordion-863819461-content\" class=\"accordion-inner\" aria-labelledby=\"accordion-863819461-label\">\r\n\r\nVui l\u00f2ng g\u1ecdi D\u1ecbch v\u1ee5 ch\u0103m s\u00f3c kh\u00e1ch h\u00e0ng c\u1ee7a Henry Le Design theo s\u1ed1 <a href=\"tel:+84 909 896 286\">+84 909 896 286<\/a>\u00a0\u0111\u1ec3 thay \u0111\u1ed5i ho\u1eb7c h\u1ee7y \u0111\u01a1n \u0111\u1eb7t h\u00e0ng. Ch\u00fang t\u00f4i s\u1ebd x\u00e1c \u0111\u1ecbnh v\u1ecb tr\u00ed \u0111\u1eb7t h\u00e0ng c\u1ee7a qu\u00fd v\u1ecb v\u00e0 x\u00e1c \u0111\u1ecbnh xem n\u00f3 c\u00f3 th\u1ec3 \u0111\u01b0\u1ee3c s\u1eeda \u0111\u1ed5i ho\u1eb7c h\u1ee7y b\u1ecf hay kh\u00f4ng. N\u1ebfu qu\u00fd v\u1ecb h\u1ee7y \u0111\u01a1n \u0111\u1eb7t h\u00e0ng, qu\u00fd v\u1ecb c\u00f3 th\u1ec3 ph\u1ea3i t\u00ednh ph\u00ed giao h\u00e0ng v\u00e0 c\u00e1c kho\u1ea3n ph\u00ed kh\u00e1c t\u00f9y theo t\u1eebng tr\u01b0\u1eddng h\u1ee3p c\u1ee5 th\u1ec3.\r\n\r\n<\/div><\/div>\r\n\r\n<\/div>\r\n\t<div id=\"gap-1214610219\" class=\"gap-element clearfix\" style=\"display:block; height:auto;\">\n\t\t\n<style>\n#gap-1214610219 {\n  padding-top: 30px;\n}\n<\/style>\n\t<\/div>\n\t\r\n<h2 style=\"text-align: center;\"><span style=\"color: #99ccff;\">Ch\u00ednh S\u00e1ch V\u1eadn Chuy\u1ec3n<\/span><\/h2>\r\n<div class=\"accordion\">\r\n\r\n<div id=\"accordion-1125785497\" class=\"accordion-item\"><a id=\"accordion-1125785497-label\" href=\"#\" class=\"accordion-title plain\" aria-expanded=\"false\" aria-controls=\"accordion-1125785497-content\"><button class=\"toggle\" aria-label=\"Toggle\"><i class=\"icon-angle-down\"><\/i><\/button><span>Q1. Henry Le Design c\u00f3 giao h\u00e0ng \u0111\u1ebfn t\u1eadn n\u01a1i kh\u00f4ng?<\/span><\/a><div id=\"accordion-1125785497-content\" class=\"accordion-inner\" aria-labelledby=\"accordion-1125785497-label\">\r\n\r\nV\u00e2ng,\u00a0ch\u00fang t\u00f4i c\u00f3 li\u00ean k\u1ebft v\u1edbi c\u00e1c \u0111\u01a1n v\u1ecb giao h\u00e0ng l\u1edbn t\u1ea1i Vi\u1ec7t Nam \u0111\u1ec3 c\u00f3 th\u1ec3 giao h\u00e0ng t\u1eadn nh\u00e0 cho qu\u00fd v\u1ecb.\r\n\r\n<\/div><\/div>\r\n<div id=\"accordion-4185057152\" class=\"accordion-item\"><a id=\"accordion-4185057152-label\" href=\"#\" class=\"accordion-title plain\" aria-expanded=\"false\" aria-controls=\"accordion-4185057152-content\"><button class=\"toggle\" aria-label=\"Toggle\"><i class=\"icon-angle-down\"><\/i><\/button><span>Q2. Ph\u00ed v\u1eadn chuy\u1ec3n l\u00e0 bao nhi\u00eau?<\/span><\/a><div id=\"accordion-4185057152-content\" class=\"accordion-inner\" aria-labelledby=\"accordion-4185057152-label\">\r\n\r\nCh\u00fang t\u00f4i cam k\u1ebft s\u1ebd d\u1ecbch v\u1ee5 giao h\u00e0ng nhanh nh\u1ea5t v\u1edbi m\u1ee9c ph\u00ed giao h\u00e0ng th\u1ea5p nh\u1ea5t.\r\n\r\n<\/div><\/div>\r\n<div id=\"accordion-103473848\" class=\"accordion-item\"><a id=\"accordion-103473848-label\" href=\"#\" class=\"accordion-title plain\" aria-expanded=\"false\" aria-controls=\"accordion-103473848-content\"><button class=\"toggle\" aria-label=\"Toggle\"><i class=\"icon-angle-down\"><\/i><\/button><span>Q3. Th\u1eddi gian m\u1ea5t bao l\u00e2u \u0111\u1ec3 ch\u00fang t\u00f4i c\u00f3 th\u1ec3 nh\u1eadn \u0111\u01b0\u1ee3c s\u1ea3n ph\u1ea9m m\u00ecnh \u0111\u1eb7t mua?<\/span><\/a><div id=\"accordion-103473848-content\" class=\"accordion-inner\" aria-labelledby=\"accordion-103473848-label\">\r\n\r\nTh\u1eddi gian s\u1ea3n ph\u1ea9m \u0111\u01b0\u1ee3c v\u1eadn chuy\u1ec3n \u0111\u1ec3n cho qu\u00fd v\u1ecb s\u1ebd ph\u1ee5 thu\u1ed9c theo kho\u1ea3ng c\u00e1ch \u0111\u1ecba l\u00ed: mi\u1ec1n B\u1eafc 1 - 2 ng\u00e0y, mi\u1ec1n Trung 3 - 5 ng\u00e0y, mi\u1ec1n Nam 5 - 7 ng\u00e0y.\r\n\r\n<\/div><\/div>\r\n<div id=\"accordion-2112115102\" class=\"accordion-item\"><a id=\"accordion-2112115102-label\" href=\"#\" class=\"accordion-title plain\" aria-expanded=\"false\" aria-controls=\"accordion-2112115102-content\"><button class=\"toggle\" aria-label=\"Toggle\"><i class=\"icon-angle-down\"><\/i><\/button><span>Q4. Ch\u00fang t\u00f4i s\u1ebd l\u00e0m nh\u01b0 th\u1ebf n\u00e0o khi t\u00e1c ph\u1ea9m b\u1ecb h\u01b0 h\u1ecfng trong qu\u00e1 tr\u00ecnh v\u1eadn chuy\u1ec3n?<\/span><\/a><div id=\"accordion-2112115102-content\" class=\"accordion-inner\" aria-labelledby=\"accordion-2112115102-label\">\r\n\r\nTr\u01b0\u1edbc khi v\u1eadn chuy\u1ec3n, ch\u00fang t\u00f4i s\u1ebd \u0111\u00f3ng g\u00f3i t\u00e1c ph\u1ea9m m\u1ed9t c\u00e1ch k\u0129 c\u00e0ng v\u00e0 c\u1ea9n th\u1eadn nh\u1ea5t. Tuy nhi\u00ean, d\u1ed1i v\u1edbi tr\u01b0\u1eddng h\u1ee3p t\u00e1c ph\u1ea9m kh\u00f4ng may b\u1ecb h\u01b0 h\u1ecfng trong qu\u00e1 tr\u00ecnh v\u1eadn chuy\u1ec3n, qu\u00fd v\u1ecb n\u00ean g\u1ecdi ngay cho ch\u00fang t\u00f4i theo s\u1ed1 \u0111i\u1ec7n tho\u1ea1i\u00a0 <a href=\"tel:+84909896286\">+84 909 896 286<\/a>. T\u00f9y theo m\u1ee9c \u0111\u1ed9 h\u01b0 h\u1ecfng ch\u00fang t\u00f4i s\u1ebd c\u00f3 nh\u1eefng thay \u0111\u1ed5i v\u1ec1 gi\u00e1 ho\u1eb7c ho\u00e0n l\u1ea1i to\u00e0n b\u1ed9 ti\u1ec1n thanh to\u00e1n.\r\n\r\n<\/div><\/div>\r\n\r\n<\/div>\r\n\t<div id=\"gap-1208286018\" class=\"gap-element clearfix\" style=\"display:block; height:auto;\">\n\t\t\n<style>\n#gap-1208286018 {\n  padding-top: 30px;\n}\n<\/style>\n\t<\/div>\n\t\r\n<h2 style=\"text-align: center;\"><span style=\"color: #99ccff;\">Ch\u00ednh S\u00e1ch B\u1ea3o H\u00e0nh\u00a0<\/span><\/h2>\r\n<div class=\"accordion\">\r\n\r\n<div id=\"accordion-3305149889\" class=\"accordion-item\"><a id=\"accordion-3305149889-label\" href=\"#\" class=\"accordion-title plain\" aria-expanded=\"false\" aria-controls=\"accordion-3305149889-content\"><button class=\"toggle\" aria-label=\"Toggle\"><i class=\"icon-angle-down\"><\/i><\/button><span>Q1. S\u1ea3n ph\u1ea9m qu\u00e0 t\u1eb7ng t\u1ea1i Henry Le Design \u0111\u01b0\u1ee3c b\u1ea3o h\u00e0nh trong bao l\u00e2u?<\/span><\/a><div id=\"accordion-3305149889-content\" class=\"accordion-inner\" aria-labelledby=\"accordion-3305149889-label\">\r\n\r\nS\u1ea3n ph\u1ea9m qu\u00e0 t\u1eb7ng t\u1ea1i Henry Le Design \u0111\u01b0\u1ee3c b\u1ea3o h\u00e0nh tr\u00ean 2 n\u0103m, c\u00f3 hi\u1ec7u l\u1ef1c k\u1ec3 t\u1eeb ng\u00e0y giao h\u00e0ng.\r\n\r\n<\/div><\/div>\r\n<div id=\"accordion-360791861\" class=\"accordion-item\"><a id=\"accordion-360791861-label\" href=\"#\" class=\"accordion-title plain\" aria-expanded=\"false\" aria-controls=\"accordion-360791861-content\"><button class=\"toggle\" aria-label=\"Toggle\"><i class=\"icon-angle-down\"><\/i><\/button><span>Q2. S\u1ea3n ph\u1ea9m \u0111\u01b0\u1ee3c b\u1ea3o h\u00e0nh trong tr\u01b0\u1eddng h\u1ee3p n\u00e0o?<\/span><\/a><div id=\"accordion-360791861-content\" class=\"accordion-inner\" aria-labelledby=\"accordion-360791861-label\">\r\n\r\nS\u1ea3n ph\u1ea9m qu\u00e0 t\u1eb7ng \u0111\u01b0\u1ee3c b\u1ea3o h\u00e0nh\u00a0trong tr\u01b0\u1eddng h\u1ee3p h\u01b0 h\u1ecfng do s\u1ea3n xu\u1ea5t, trong qu\u00e1 tr\u00ecnh v\u1eadn chuy\u1ec3n. Kh\u00f4ng nh\u1eadn b\u1ea3o h\u00e0nh trong tr\u01b0\u1eddng h\u1ee3p h\u01b0 h\u1ecfng do ng\u01b0\u1eddi s\u1eed d\u1ee5ng, hao m\u00f2n th\u00f4ng th\u01b0\u1eddng do s\u1eed d\u1ee5ng t\u1ea1i nh\u00e0.\r\n\r\n<\/div><\/div>\r\n\r\n<\/div>\r\n\t<div id=\"gap-2050530279\" class=\"gap-element clearfix\" style=\"display:block; height:auto;\">\n\t\t\n<style>\n#gap-2050530279 {\n  padding-top: 30px;\n}\n<\/style>\n\t<\/div>\n\t\r\n<h2 style=\"text-align: center;\"><span style=\"color: #99ccff;\">Ch\u00ednh S\u00e1ch \u0110\u1ed5i Tr\u1ea3<\/span><\/h2>\r\n<div class=\"accordion\">\r\n\r\n<div id=\"accordion-2914366298\" class=\"accordion-item\"><a id=\"accordion-2914366298-label\" href=\"#\" class=\"accordion-title plain\" aria-expanded=\"false\" aria-controls=\"accordion-2914366298-content\"><button class=\"toggle\" aria-label=\"Toggle\"><i class=\"icon-angle-down\"><\/i><\/button><span>Q1. N\u1ebfu t\u00f4i kh\u00f4ng h\u00e0i l\u00f2ng v\u1edbi t\u00e1c ph\u1ea9m th\u00ec c\u00f3 th\u1ec3 ho\u00e0n tr\u1ea3 l\u1ea1i kh\u00f4ng?<\/span><\/a><div id=\"accordion-2914366298-content\" class=\"accordion-inner\" aria-labelledby=\"accordion-2914366298-label\">\r\n\r\nN\u1ebfu t\u00e1c ph\u1ea9m ch\u01b0a \u0111\u01b0\u1ee3c v\u1eadn chuy\u1ec3n \u0111i, qu\u00fd v\u1ecb c\u00f3 th\u1ec3 h\u1ee7y \u0111\u01a1n h\u00e0ng. Tr\u01b0\u1eddng h\u1ee3p s\u1ea3n ph\u1ea9m \u0111\u00e3 \u0111\u01b0\u1ee3c v\u1eadn chuy\u1ec3n \u0111i m\u00e0 qu\u00fd v\u1ecb mu\u1ed1n ho\u00e0n tr\u1ea3 l\u1ea1i th\u00ec s\u1ebd ch\u1ecbu m\u1ecdi chi ph\u00ed ph\u00e1t sinh.\r\n\r\n<\/div><\/div>\r\n<div id=\"accordion-3794545656\" class=\"accordion-item\"><a id=\"accordion-3794545656-label\" href=\"#\" class=\"accordion-title plain\" aria-expanded=\"false\" aria-controls=\"accordion-3794545656-content\"><button class=\"toggle\" aria-label=\"Toggle\"><i class=\"icon-angle-down\"><\/i><\/button><span>Q2. T\u00f4i c\u00f3 th\u1ec3 h\u1ee7y \u0111\u01a1n \u0111\u1eb7t h\u00e0ng c\u1ee7a m\u00ecnh?<\/span><\/a><div id=\"accordion-3794545656-content\" class=\"accordion-inner\" aria-labelledby=\"accordion-3794545656-label\">\r\n\r\nV\u00e2ng, qu\u00fd v\u1ecb c\u00f3 th\u1ec3 h\u1ee7y \u0111\u01a1n h\u00e0ng c\u1ee7a m\u00ecnh n\u1ebfu s\u1ea3n ph\u1ea9m ch\u01b0a v\u1eadn chuy\u1ec3n \u0111i.\u00a0N\u1ebfu qu\u00fd v\u1ecb mu\u1ed1n h\u1ee7y ho\u1eb7c thay \u0111\u1ed5i \u0111\u01a1n \u0111\u1eb7t h\u00e0ng, qu\u00fd v\u1ecb c\u1ea7n g\u1eedi e-mail cho ch\u00fang t\u00f4i theo \u0111\u1ecba ch\u1ec9 order@kiettacnghethuat.com s\u1edbm nh\u1ea5t.\r\n\r\n<\/div><\/div>\r\n\r\n<\/div>\r\n\t<div id=\"gap-502126250\" class=\"gap-element clearfix\" style=\"display:block; height:auto;\">\n\t\t\n<style>\n#gap-502126250 {\n  padding-top: 30px;\n}\n<\/style>\n\t<\/div>\n\t\n","protected":false},"excerpt":{"rendered":"Henry Le Design &amp; Nh\u1eefng C\u00e2u H\u1ecfi Th\u01b0\u1eddng G\u1eb7p S\u1ea3n Ph\u1ea9m Qu\u00e0 T\u1eb7ng Doanh Nghi\u1ec7p Q1. S\u1ea3n ph\u1ea9m qu\u00e0 t\u1eb7ng c\u1ee7a Henry Le Design c\u00f3 an to\u00e0n kh\u00f4ng? \u0110\u1eb7c bi\u1ec7t an to\u00e0n \u0111\u1ed1i v\u1edbi ng\u01b0\u1eddi s\u1eed d\u1ee5ng.\u00a0B\u1ec1 m\u1eb7t b\u00fat ch\u00ec \u0111\u01b0\u1ee3c \u0111\u00fac v\u1edbi nh\u1ef1a EPOXY RESIN \u0111\u00e2y l\u00e0 lo\u1ea1i \u0111\u01b0\u1ee3c l\u00e0m nhi\u1ec1u trong c\u00f4ng ngh\u1ec7 [...]","protected":false},"author":1,"featured_media":0,"parent":519,"menu_order":0,"comment_status":"closed","ping_status":"closed","template":"","meta":{"footnotes":""},"class_list":["post-545","page","type-page","status-publish","hentry"],"yoast_head":"<!-- This site is optimized with the Yoast SEO plugin v19.8 - https:\/\/yoast.com\/wordpress\/plugins\/seo\/ -->\n<title>FAQs - Henry Le Design<\/title>\n<meta name=\"robots\" content=\"index, follow, max-snippet:-1, max-image-preview:large, max-video-preview:-1\" \/>\n<link rel=\"canonical\" href=\"https:\/\/www.henryledesign.com\/vi\/pages\/faqs\/\" \/>\n<meta property=\"og:locale\" content=\"vi_VN\" \/>\n<meta property=\"og:type\" content=\"article\" \/>\n<meta property=\"og:title\" content=\"FAQs - Henry Le Design\" \/>\n<meta property=\"og:url\" content=\"https:\/\/www.henryledesign.com\/vi\/pages\/faqs\/\" \/>\n<meta property=\"og:site_name\" content=\"Henry Le Design\" \/>\n<meta property=\"article:modified_time\" content=\"2016-12-30T10:43:28+00:00\" \/>\n<meta name=\"twitter:card\" content=\"summary_large_image\" \/>\n<script type=\"application\/ld+json\" class=\"yoast-schema-graph\">{\"@context\":\"https:\/\/schema.org\",\"@graph\":[{\"@type\":\"WebPage\",\"@id\":\"https:\/\/www.henryledesign.com\/vi\/pages\/faqs\/\",\"url\":\"https:\/\/www.henryledesign.com\/vi\/pages\/faqs\/\",\"name\":\"FAQs - Henry Le Design\",\"isPartOf\":{\"@id\":\"https:\/\/www.henryledesign.com\/vi\/#website\"},\"datePublished\":\"2013-08-11T20:13:42+00:00\",\"dateModified\":\"2016-12-30T10:43:28+00:00\",\"breadcrumb\":{\"@id\":\"https:\/\/www.henryledesign.com\/vi\/pages\/faqs\/#breadcrumb\"},\"inLanguage\":\"vi\",\"potentialAction\":[{\"@type\":\"ReadAction\",\"target\":[\"https:\/\/www.henryledesign.com\/vi\/pages\/faqs\/\"]}]},{\"@type\":\"BreadcrumbList\",\"@id\":\"https:\/\/www.henryledesign.com\/vi\/pages\/faqs\/#breadcrumb\",\"itemListElement\":[{\"@type\":\"ListItem\",\"position\":1,\"name\":\"Home\",\"item\":\"https:\/\/www.henryledesign.com\/vi\/\"},{\"@type\":\"ListItem\",\"position\":2,\"name\":\"Pages\",\"item\":\"https:\/\/www.henryledesign.com\/vi\/pages\/\"},{\"@type\":\"ListItem\",\"position\":3,\"name\":\"FAQs\"}]},{\"@type\":\"WebSite\",\"@id\":\"https:\/\/www.henryledesign.com\/vi\/#website\",\"url\":\"https:\/\/www.henryledesign.com\/vi\/\",\"name\":\"Henry Le Design\",\"description\":\"N\u1ed9i Th\u1ea5t Decor S\u00e1ng T\u1ea1o - Qu\u00e0 T\u1eb7ng Doanh Nghi\u1ec7p Doanh Nh\u00e2n \u0110\u1ed9c \u0110\u00e1o\",\"potentialAction\":[{\"@type\":\"SearchAction\",\"target\":{\"@type\":\"EntryPoint\",\"urlTemplate\":\"https:\/\/www.henryledesign.com\/vi\/?s={search_term_string}\"},\"query-input\":\"required name=search_term_string\"}],\"inLanguage\":\"vi\"}]}<\/script>\n<!-- \/ Yoast SEO plugin. -->","yoast_head_json":{"title":"FAQs - Henry Le Design","robots":{"index":"index","follow":"follow","max-snippet":"max-snippet:-1","max-image-preview":"max-image-preview:large","max-video-preview":"max-video-preview:-1"},"canonical":"https:\/\/www.henryledesign.com\/vi\/pages\/faqs\/","og_locale":"vi_VN","og_type":"article","og_title":"FAQs - Henry Le Design","og_url":"https:\/\/www.henryledesign.com\/vi\/pages\/faqs\/","og_site_name":"Henry Le Design","article_modified_time":"2016-12-30T10:43:28+00:00","twitter_card":"summary_large_image","schema":{"@context":"https:\/\/schema.org","@graph":[{"@type":"WebPage","@id":"https:\/\/www.henryledesign.com\/vi\/pages\/faqs\/","url":"https:\/\/www.henryledesign.com\/vi\/pages\/faqs\/","name":"FAQs - Henry Le Design","isPartOf":{"@id":"https:\/\/www.henryledesign.com\/vi\/#website"},"datePublished":"2013-08-11T20:13:42+00:00","dateModified":"2016-12-30T10:43:28+00:00","breadcrumb":{"@id":"https:\/\/www.henryledesign.com\/vi\/pages\/faqs\/#breadcrumb"},"inLanguage":"vi","potentialAction":[{"@type":"ReadAction","target":["https:\/\/www.henryledesign.com\/vi\/pages\/faqs\/"]}]},{"@type":"BreadcrumbList","@id":"https:\/\/www.henryledesign.com\/vi\/pages\/faqs\/#breadcrumb","itemListElement":[{"@type":"ListItem","position":1,"name":"Home","item":"https:\/\/www.henryledesign.com\/vi\/"},{"@type":"ListItem","position":2,"name":"Pages","item":"https:\/\/www.henryledesign.com\/vi\/pages\/"},{"@type":"ListItem","position":3,"name":"FAQs"}]},{"@type":"WebSite","@id":"https:\/\/www.henryledesign.com\/vi\/#website","url":"https:\/\/www.henryledesign.com\/vi\/","name":"Henry Le Design","description":"N\u1ed9i Th\u1ea5t Decor S\u00e1ng T\u1ea1o - Qu\u00e0 T\u1eb7ng Doanh Nghi\u1ec7p Doanh Nh\u00e2n \u0110\u1ed9c \u0110\u00e1o","potentialAction":[{"@type":"SearchAction","target":{"@type":"EntryPoint","urlTemplate":"https:\/\/www.henryledesign.com\/vi\/?s={search_term_string}"},"query-input":"required name=search_term_string"}],"inLanguage":"vi"}]}},"_links":{"self":[{"href":"https:\/\/www.henryledesign.com\/vi\/wp-json\/wp\/v2\/pages\/545","targetHints":{"allow":["GET"]}}],"collection":[{"href":"https:\/\/www.henryledesign.com\/vi\/wp-json\/wp\/v2\/pages"}],"about":[{"href":"https:\/\/www.henryledesign.com\/vi\/wp-json\/wp\/v2\/types\/page"}],"author":[{"embeddable":true,"href":"https:\/\/www.henryledesign.com\/vi\/wp-json\/wp\/v2\/users\/1"}],"replies":[{"embeddable":true,"href":"https:\/\/www.henryledesign.com\/vi\/wp-json\/wp\/v2\/comments?post=545"}],"version-history":[{"count":0,"href":"https:\/\/www.henryledesign.com\/vi\/wp-json\/wp\/v2\/pages\/545\/revisions"}],"up":[{"embeddable":true,"href":"https:\/\/www.henryledesign.com\/vi\/wp-json\/wp\/v2\/pages\/519"}],"wp:attachment":[{"href":"https:\/\/www.henryledesign.com\/vi\/wp-json\/wp\/v2\/media?parent=545"}],"curies":[{"name":"wp","href":"https:\/\/api.w.org\/{rel}","templated":true}]}}