{"id":14565,"date":"2023-08-28T15:05:10","date_gmt":"2023-08-28T08:05:10","guid":{"rendered":"https:\/\/www.henryledesign.com\/vi\/?page_id=14565"},"modified":"2025-03-31T15:09:25","modified_gmt":"2025-03-31T08:09:25","slug":"tuong-phat-trang-tri","status":"publish","type":"page","link":"https:\/\/www.henryledesign.com\/vi\/tuong-phat-trang-tri\/","title":{"rendered":"T\u01b0\u1ee3ng Ph\u1eadt Trang Tr\u00ed"},"content":{"rendered":"<div class=\"row row-small row-full-width align-equal align-center hide-for-small\"  id=\"row-666901993\">\r\n\r\n\n\t<div id=\"col-66066416\" class=\"col hide-for-small small-12 large-12\"  >\n\t\t\t\t<div class=\"col-inner\"  >\n\t\t\t\n\t\t\t\r\n\r\n\t<div id=\"text-830066509\" class=\"text hide-for-small\">\n\t\t\r\n\r\n<h1 style=\"text-align: center\"><span style=\"color: #ffe17b\">T\u01b0\u1ee3ng Ph\u1eadt Trang Tr\u00ed B\u00fat Ch\u00ec M\u00e0u - Buddha Faces<\/span><\/h1>\r\n\t\t\t<\/div>\n\t\r\n\r\n\t\t<\/div>\n\t\t\t\t\t<\/div>\n\n\t\r\n\r\n<\/div>\r\n\t<div id=\"gap-1590143943\" class=\"gap-element clearfix hide-for-small\" style=\"display:block; height:auto;\">\n\t\t\n<style>\n#gap-1590143943 {\n  padding-top: 30px;\n}\n<\/style>\n\t<\/div>\n\t\r\n\r\n\t<section class=\"section hide-for-small\" id=\"section_972504808\">\n\t\t<div class=\"bg section-bg fill bg-fill  bg-loaded\" >\n\n\t\t\t\n\t\t\t\n\t\t\t\n\n\t\t<\/div>\n\n\t\t\n\n\t\t<div class=\"section-content relative\">\n\t\t\t\r\n\r\n<div class=\"row row-small hide-for-small\" style=\"max-width:\" id=\"row-48535579\">\r\n\r\n\n\t<div id=\"col-355259248\" class=\"col hide-for-small medium-6 small-12 large-6\"  >\n\t\t\t\t<div class=\"col-inner\"  >\n\t\t\t\n\t\t\t\r\n\r\n\t<div class=\"img has-hover hide-for-small x md-x lg-x y md-y lg-y\" id=\"image_1726563294\">\n\t\t\t\t\t\t\t\t<div class=\"img-inner dark\" >\n\t\t\t<img loading=\"lazy\" decoding=\"async\" width=\"3100\" height=\"3100\" src=\"https:\/\/www.henryledesign.com\/vi\/wp-content\/uploads\/tu\u031bo\u031b\u0323ng-pha\u0323\u0302t-trang-tri\u0301-bu\u0301t-chi\u0300-ma\u0300u-2-scaled.jpeg\" class=\"attachment-original size-original\" alt=\"tu\u031bo\u031b\u0323ng pha\u0323\u0302t trang tri\u0301 bu\u0301t chi\u0300 ma\u0300u 2\" \/>\t\t\t\t\t\t\n\t\t\t\t\t<\/div>\n\t\t\t\t\t\t\t\t\n<style>\n#image_1726563294 {\n  width: 100%;\n}\n<\/style>\n\t<\/div>\n\t\r\n\r\n\r\n\t\t<\/div>\n\t\t\t\t\t<\/div>\n\n\t\r\n\n\t<div id=\"col-2014583604\" class=\"col hide-for-small medium-6 small-12 large-6\"  >\n\t\t\t\t<div class=\"col-inner text-center\"  >\n\t\t\t\n\t\t\t\r\n\r\n\t<div id=\"text-166583543\" class=\"text hide-for-small\">\n\t\t\r\n\r\n<h2 style=\"text-align: center\"><span style=\"color: #ffe17b\">T\u01b0\u1ee3ng Ph\u1eadt Trong M\u1eaft Ngh\u1ec7 S\u0129<\/span><\/h2>\r\nT\u01b0\u1ee3ng Ph\u1eadt trang tr\u00ed b\u1eb1ng b\u00fat ch\u00ec m\u00e0u l\u00e0 m\u1ed9t bi\u1ec3u t\u01b0\u1ee3ng v\u00f4 c\u00f9ng \u0111\u1eb9p v\u00e0 \u00fd ngh\u0129a trong l\u0129nh v\u1ef1c ngh\u1ec7 thu\u1eadt v\u00e0 t\u00f4n gi\u00e1o. \u0110\u01b0\u1ee3c t\u1ea1o ra b\u1eb1ng c\u00e1ch s\u1eed d\u1ee5ng b\u00fat ch\u00ec m\u00e0u v\u00e0 s\u1ef1 t\u00e0i n\u0103ng c\u1ee7a c\u00e1c ngh\u1ec7 s\u0129, nh\u1eefng t\u00e1c ph\u1ea9m n\u00e0y mang trong m\u00ecnh s\u1ef1 k\u1ebft h\u1ee3p ho\u00e0n h\u1ea3o gi\u1eefa ngh\u1ec7 thu\u1eadt h\u00ecnh v\u1ebd v\u00e0 t\u00f4n th\u1edd t\u00e2m linh.\r\n\t\t\n<style>\n#text-166583543 {\n  text-align: center;\n}\n<\/style>\n\t<\/div>\n\t\r\n<a href=\"#tuong-phat\" target=\"_self\" class=\"button white is-outline\"  style=\"border-radius:10px;\">\n    <span>Kh\u00e1m Ph\u00e1<\/span>\n  <\/a>\n\r\n\r\n\r\n\t\t<\/div>\n\t\t\t\t\n<style>\n#col-2014583604 > .col-inner {\n  padding: 117px 0px 0px 0px;\n}\n<\/style>\n\t<\/div>\n\n\t\r\n\r\n<\/div>\r\n\r\n\t\t<\/div>\n\n\t\t\n<style>\n#section_972504808 {\n  padding-top: 30px;\n  padding-bottom: 30px;\n  background-color: rgb(0,0,0);\n}\n#section_972504808 .ux-shape-divider--top svg {\n  height: 150px;\n  --divider-top-width: 100%;\n}\n#section_972504808 .ux-shape-divider--bottom svg {\n  height: 150px;\n  --divider-width: 100%;\n}\n<\/style>\n\t<\/section>\n\t\r\n<div id=\"tuong-phat\">\r\n\r\n<div class=\"container section-title-container hide-for-small\" ><h2 class=\"section-title section-title-center\"><b><\/b><span class=\"section-title-main\" style=\"color:rgb(255, 225, 123);\">b\u1ed9 s\u01b0u t\u1eadp t\u01b0\u1ee3ng ph\u1eadt<\/span><b><\/b><\/h2><\/div>\r\n\r\n\n  \n    <div class=\"row  equalize-box hide-for-small large-columns-2 medium-columns- small-columns- row-small row-full-width\">\n  \t\n\t     <div class=\"col\" >\n\t\t\t\t\t\t<div class=\"col-inner\">\n\t\t\t\t\t\t\n<div class=\"badge-container absolute left top z-1\">\n\n<\/div>\n\t\t\t\t\t\t<div class=\"product-small box has-hover box-normal box-text-bottom\">\n\t\t\t\t\t\t\t<div class=\"box-image\" >\n\t\t\t\t\t\t\t\t<div class=\"\" >\n\t\t\t\t\t\t\t\t\t<a href=\"https:\/\/www.henryledesign.com\/vi\/sp\/tuong-phat-nghe-thuat-trang-tri-but-chi-mau-hai-mat\/\" aria-label=\"T\u01b0\u1ee3ng Ph\u1eadt Ngh\u1ec7 Thu\u1eadt Trang Tr\u00ed B\u00fat Ch\u00ec M\u00e0u Hai M\u1eb7t\">\n\t\t\t\t\t\t\t\t\t\t<img loading=\"lazy\" decoding=\"async\" width=\"360\" height=\"240\" src=\"https:\/\/www.henryledesign.com\/vi\/wp-content\/uploads\/Tuong-Phat-Nghe-Thuat-Trang-Tri-But-Chi-Mau-Hai-Mat-3-360x240.jpg\" class=\"show-on-hover absolute fill hide-for-small back-image\" alt=\"T\u01b0\u1ee3ng Ph\u1eadt Ngh\u1ec7 Thu\u1eadt Trang Tr\u00ed B\u00fat Ch\u00ec M\u00e0u Hai M\u1eb7t (3)\" \/><img loading=\"lazy\" decoding=\"async\" width=\"360\" height=\"240\" src=\"https:\/\/www.henryledesign.com\/vi\/wp-content\/uploads\/Tuong-Phat-Nghe-Thuat-Trang-Tri-But-Chi-Mau-Hai-Mat-1-360x240.jpg\" class=\"attachment-woocommerce_thumbnail size-woocommerce_thumbnail\" alt=\"T\u01b0\u1ee3ng Ph\u1eadt Ngh\u1ec7 Thu\u1eadt Trang Tr\u00ed B\u00fat Ch\u00ec M\u00e0u Hai M\u1eb7t (1)\" \/>\t\t\t\t\t\t\t\t\t<\/a>\n\t\t\t\t\t\t\t\t\t\t\t\t\t\t\t\t\t\t \t\t\t\t\t\t\t\t<\/div>\n\t\t\t\t\t\t\t\t<div class=\"image-tools top right show-on-hover\">\n\t\t\t\t\t\t\t\t\t\t\t\t\t\t\t\t\t<\/div>\n\t\t\t\t\t\t\t\t\t\t\t\t\t\t\t\t\t<div class=\"image-tools grid-tools text-center hide-for-small bottom hover-slide-in show-on-hover\">\n\t\t\t\t\t\t\t\t\t\t  <a class=\"quick-view\" data-prod=\"14311\" href=\"#quick-view\">Quick View<\/a>\t\t\t\t\t\t\t\t\t<\/div>\n\t\t\t\t\t\t\t\t\t\t\t\t\t\t\t\t\t\t\t\t\t\t\t<\/div>\n\n\t\t\t\t\t\t\t<div class=\"box-text text-center\" >\n\t\t\t\t\t\t\t\t<div class=\"title-wrapper\">\t\t<p class=\"category uppercase is-smaller no-text-overflow product-cat op-7\">\n\t\t\tResin Art - S\u1ea3n Ph\u1ea9m \u0110\u1eb7c Bi\u1ec7t\t\t<\/p>\n\t<\/div><div class=\"price-wrapper\"><\/div>\t\t\t\t\t\t\t<\/div>\n\t\t\t\t\t\t<\/div>\n\t\t\t\t\t\t<\/div>\n\t\t\t\t\t<\/div><div class=\"col\" >\n\t\t\t\t\t\t<div class=\"col-inner\">\n\t\t\t\t\t\t\n<div class=\"badge-container absolute left top z-1\">\n\n<\/div>\n\t\t\t\t\t\t<div class=\"product-small box has-hover box-normal box-text-bottom\">\n\t\t\t\t\t\t\t<div class=\"box-image\" >\n\t\t\t\t\t\t\t\t<div class=\"\" >\n\t\t\t\t\t\t\t\t\t<a href=\"https:\/\/www.henryledesign.com\/vi\/sp\/tuong-phat-nghe-thuat-trang-tri-but-chi-mau\/\" aria-label=\"T\u01b0\u1ee3ng Ph\u1eadt Ngh\u1ec7 Thu\u1eadt Trang Tr\u00ed B\u00fat Ch\u00ec M\u00e0u M\u1ed9t M\u1eb7t\">\n\t\t\t\t\t\t\t\t\t\t<img loading=\"lazy\" decoding=\"async\" width=\"360\" height=\"240\" src=\"https:\/\/www.henryledesign.com\/vi\/wp-content\/uploads\/Tuong-Phat-Nghe-Thuat-Trang-Tri-But-Chi-Mau-Mot-Mat-6-360x240.jpg\" class=\"show-on-hover absolute fill hide-for-small back-image\" alt=\"T\u01b0\u1ee3ng Ph\u1eadt Ngh\u1ec7 Thu\u1eadt Trang Tr\u00ed B\u00fat Ch\u00ec M\u00e0u M\u1ed9t M\u1eb7t (6)\" \/><img loading=\"lazy\" decoding=\"async\" width=\"360\" height=\"240\" src=\"https:\/\/www.henryledesign.com\/vi\/wp-content\/uploads\/Tuong-Phat-Nghe-Thuat-Trang-Tri-But-Chi-Mau-Mot-Mat-5-360x240.jpg\" class=\"attachment-woocommerce_thumbnail size-woocommerce_thumbnail\" alt=\"T\u01b0\u1ee3ng Ph\u1eadt Ngh\u1ec7 Thu\u1eadt Trang Tr\u00ed B\u00fat Ch\u00ec M\u00e0u M\u1ed9t M\u1eb7t (5)\" \/>\t\t\t\t\t\t\t\t\t<\/a>\n\t\t\t\t\t\t\t\t\t\t\t\t\t\t\t\t\t\t \t\t\t\t\t\t\t\t<\/div>\n\t\t\t\t\t\t\t\t<div class=\"image-tools top right show-on-hover\">\n\t\t\t\t\t\t\t\t\t\t\t\t\t\t\t\t\t<\/div>\n\t\t\t\t\t\t\t\t\t\t\t\t\t\t\t\t\t<div class=\"image-tools grid-tools text-center hide-for-small bottom hover-slide-in show-on-hover\">\n\t\t\t\t\t\t\t\t\t\t  <a class=\"quick-view\" data-prod=\"14278\" href=\"#quick-view\">Quick View<\/a>\t\t\t\t\t\t\t\t\t<\/div>\n\t\t\t\t\t\t\t\t\t\t\t\t\t\t\t\t\t\t\t\t\t\t\t<\/div>\n\n\t\t\t\t\t\t\t<div class=\"box-text text-center\" >\n\t\t\t\t\t\t\t\t<div class=\"title-wrapper\">\t\t<p class=\"category uppercase is-smaller no-text-overflow product-cat op-7\">\n\t\t\tQu\u00e0 T\u1eb7ng Decor\t\t<\/p>\n\t<\/div><div class=\"price-wrapper\"><\/div>\t\t\t\t\t\t\t<\/div>\n\t\t\t\t\t\t<\/div>\n\t\t\t\t\t\t<\/div>\n\t\t\t\t\t<\/div><\/div>\n<div class=\"row row-small row-full-width align-equal align-center show-for-small\"  id=\"row-1270828418\">\n\n\n\t<div id=\"col-693822559\" class=\"col show-for-small small-12 large-12\"  >\n\t\t\t\t<div class=\"col-inner\"  >\n\t\t\t\n\t\t\t\n\n\t<div id=\"text-1482337125\" class=\"text show-for-small\">\n\t\t\n\n<h1 style=\"text-align: center\"><span style=\"color: #ffe17b\">T\u01b0\u1ee3ng Ph\u1eadt Trang Tr\u00ed B\u00fat Ch\u00ec M\u00e0u - Buddha Faces<\/span><\/h1>\n\t\t\t<\/div>\n\t\n\n\t\t<\/div>\n\t\t\t\t\t<\/div>\n\n\t\n\n<\/div>\n\t<section class=\"section show-for-small\" id=\"section_835882097\">\n\t\t<div class=\"bg section-bg fill bg-fill  bg-loaded\" >\n\n\t\t\t\n\t\t\t\n\t\t\t\n\n\t\t<\/div>\n\n\t\t\n\n\t\t<div class=\"section-content relative\">\n\t\t\t\n\n<div class=\"row show-for-small\"  id=\"row-1286065044\">\n\n\n\t<div id=\"col-354030675\" class=\"col show-for-small medium-6 small-12 large-6\"  >\n\t\t\t\t<div class=\"col-inner\"  >\n\t\t\t\n\t\t\t\n\n\t<div class=\"img has-hover show-for-small x md-x lg-x y md-y lg-y\" id=\"image_72913760\">\n\t\t\t\t\t\t\t\t<div class=\"img-inner dark\" >\n\t\t\t<img loading=\"lazy\" decoding=\"async\" width=\"3100\" height=\"3100\" src=\"https:\/\/www.henryledesign.com\/vi\/wp-content\/uploads\/tu\u031bo\u031b\u0323ng-pha\u0323\u0302t-trang-tri\u0301-bu\u0301t-chi\u0300-ma\u0300u-2-scaled.jpeg\" class=\"attachment-original size-original\" alt=\"tu\u031bo\u031b\u0323ng pha\u0323\u0302t trang tri\u0301 bu\u0301t chi\u0300 ma\u0300u 2\" \/>\t\t\t\t\t\t\n\t\t\t\t\t<\/div>\n\t\t\t\t\t\t\t\t\n<style>\n#image_72913760 {\n  width: 100%;\n}\n@media (min-width:550px) {\n  #image_72913760 {\n    width: 100%;\n  }\n}\n<\/style>\n\t<\/div>\n\t\n\n\n\t\t<\/div>\n\t\t\t\t\t<\/div>\n\n\t\n\n\t<div id=\"col-1019270267\" class=\"col show-for-small medium-6 small-12 large-6\"  >\n\t\t\t\t<div class=\"col-inner text-center\"  >\n\t\t\t\n\t\t\t\n\n\t<div id=\"text-4274479347\" class=\"text show-for-small\">\n\t\t\n\n<h2 style=\"text-align: center\"><span style=\"color: #ffe17b\">T\u01b0\u1ee3ng Ph\u1eadt Trong M\u1eaft Ngh\u1ec7 S\u0129<\/span><\/h2>\r\n<p>T\u01b0\u1ee3ng Ph\u1eadt trang tr\u00ed b\u1eb1ng b\u00fat ch\u00ec m\u00e0u l\u00e0 m\u1ed9t bi\u1ec3u t\u01b0\u1ee3ng v\u00f4 c\u00f9ng \u0111\u1eb9p v\u00e0 \u00fd ngh\u0129a trong l\u0129nh v\u1ef1c ngh\u1ec7 thu\u1eadt v\u00e0 t\u00f4n gi\u00e1o. \u0110\u01b0\u1ee3c t\u1ea1o ra b\u1eb1ng c\u00e1ch s\u1eed d\u1ee5ng b\u00fat ch\u00ec m\u00e0u v\u00e0 s\u1ef1 t\u00e0i n\u0103ng c\u1ee7a c\u00e1c ngh\u1ec7 s\u0129, nh\u1eefng t\u00e1c ph\u1ea9m n\u00e0y mang trong m\u00ecnh s\u1ef1 k\u1ebft h\u1ee3p ho\u00e0n h\u1ea3o gi\u1eefa ngh\u1ec7 thu\u1eadt h\u00ecnh v\u1ebd v\u00e0 t\u00f4n th\u1edd t\u00e2m linh.<\/p>\n\t\t\n<style>\n#text-4274479347 {\n  line-height: 2.05;\n  text-align: center;\n}\n<\/style>\n\t<\/div>\n\t\n<a href=\"#tuong-phat-mobile\" target=\"_self\" class=\"button white is-outline show-for-small\"  style=\"border-radius:10px;\">\n    <span>kh\u00e1m ph\u00e1<\/span>\n  <i class=\"icon-angle-down\" aria-hidden=\"true\" ><\/i><\/a>\n\n\n\n\t\t<\/div>\n\t\t\t\t\n<style>\n#col-1019270267 > .col-inner {\n  padding: 0px 0px 0px 0px;\n}\n@media (min-width:550px) {\n  #col-1019270267 > .col-inner {\n    padding: 117px 0px 0px 0px;\n  }\n}\n<\/style>\n\t<\/div>\n\n\t\n\n<\/div>\n<div id=\"tuong-phat-mobile\">\n<div class=\"container section-title-container show-for-small\" ><h2 class=\"section-title section-title-center\"><b><\/b><span class=\"section-title-main\" style=\"color:rgb(255, 225, 123);\">b\u1ed9 s\u01b0u t\u1eadp t\u01b0\u1ee3ng ph\u1eadt<\/span><b><\/b><\/h2><\/div>\n\n\n  \n    <div class=\"row show-for-small large-columns-3 medium-columns- small-columns-2 row-small row-full-width\">\n  \t\n\t     <div class=\"col\" >\n\t\t\t\t\t\t<div class=\"col-inner\">\n\t\t\t\t\t\t\n<div class=\"badge-container absolute left top z-1\">\n\n<\/div>\n\t\t\t\t\t\t<div class=\"product-small box has-hover box-normal box-text-bottom\">\n\t\t\t\t\t\t\t<div class=\"box-image\" >\n\t\t\t\t\t\t\t\t<div class=\"\" >\n\t\t\t\t\t\t\t\t\t<a href=\"https:\/\/www.henryledesign.com\/vi\/sp\/tuong-phat-nghe-thuat-trang-tri-but-chi-mau-hai-mat\/\" aria-label=\"T\u01b0\u1ee3ng Ph\u1eadt Ngh\u1ec7 Thu\u1eadt Trang Tr\u00ed B\u00fat Ch\u00ec M\u00e0u Hai M\u1eb7t\">\n\t\t\t\t\t\t\t\t\t\t<img loading=\"lazy\" decoding=\"async\" width=\"360\" height=\"240\" src=\"https:\/\/www.henryledesign.com\/vi\/wp-content\/uploads\/Tuong-Phat-Nghe-Thuat-Trang-Tri-But-Chi-Mau-Hai-Mat-3-360x240.jpg\" class=\"show-on-hover absolute fill hide-for-small back-image\" alt=\"T\u01b0\u1ee3ng Ph\u1eadt Ngh\u1ec7 Thu\u1eadt Trang Tr\u00ed B\u00fat Ch\u00ec M\u00e0u Hai M\u1eb7t (3)\" \/><img loading=\"lazy\" decoding=\"async\" width=\"360\" height=\"240\" src=\"https:\/\/www.henryledesign.com\/vi\/wp-content\/uploads\/Tuong-Phat-Nghe-Thuat-Trang-Tri-But-Chi-Mau-Hai-Mat-1-360x240.jpg\" class=\"attachment-woocommerce_thumbnail size-woocommerce_thumbnail\" alt=\"T\u01b0\u1ee3ng Ph\u1eadt Ngh\u1ec7 Thu\u1eadt Trang Tr\u00ed B\u00fat Ch\u00ec M\u00e0u Hai M\u1eb7t (1)\" \/>\t\t\t\t\t\t\t\t\t<\/a>\n\t\t\t\t\t\t\t\t\t\t\t\t\t\t\t\t\t\t \t\t\t\t\t\t\t\t<\/div>\n\t\t\t\t\t\t\t\t<div class=\"image-tools top right show-on-hover\">\n\t\t\t\t\t\t\t\t\t\t\t\t\t\t\t\t\t<\/div>\n\t\t\t\t\t\t\t\t\t\t\t\t\t\t\t\t\t<div class=\"image-tools grid-tools text-center hide-for-small bottom hover-slide-in show-on-hover\">\n\t\t\t\t\t\t\t\t\t\t  <a class=\"quick-view\" data-prod=\"14311\" href=\"#quick-view\">Quick View<\/a>\t\t\t\t\t\t\t\t\t<\/div>\n\t\t\t\t\t\t\t\t\t\t\t\t\t\t\t\t\t\t\t\t\t\t\t<\/div>\n\n\t\t\t\t\t\t\t<div class=\"box-text text-center\" >\n\t\t\t\t\t\t\t\t<div class=\"title-wrapper\">\t\t<p class=\"category uppercase is-smaller no-text-overflow product-cat op-7\">\n\t\t\tResin Art - S\u1ea3n Ph\u1ea9m \u0110\u1eb7c Bi\u1ec7t\t\t<\/p>\n\t<\/div><div class=\"price-wrapper\"><\/div>\t\t\t\t\t\t\t<\/div>\n\t\t\t\t\t\t<\/div>\n\t\t\t\t\t\t<\/div>\n\t\t\t\t\t<\/div><div class=\"col\" >\n\t\t\t\t\t\t<div class=\"col-inner\">\n\t\t\t\t\t\t\n<div class=\"badge-container absolute left top z-1\">\n\n<\/div>\n\t\t\t\t\t\t<div class=\"product-small box has-hover box-normal box-text-bottom\">\n\t\t\t\t\t\t\t<div class=\"box-image\" >\n\t\t\t\t\t\t\t\t<div class=\"\" >\n\t\t\t\t\t\t\t\t\t<a href=\"https:\/\/www.henryledesign.com\/vi\/sp\/tuong-phat-nghe-thuat-trang-tri-but-chi-mau\/\" aria-label=\"T\u01b0\u1ee3ng Ph\u1eadt Ngh\u1ec7 Thu\u1eadt Trang Tr\u00ed B\u00fat Ch\u00ec M\u00e0u M\u1ed9t M\u1eb7t\">\n\t\t\t\t\t\t\t\t\t\t<img loading=\"lazy\" decoding=\"async\" width=\"360\" height=\"240\" src=\"https:\/\/www.henryledesign.com\/vi\/wp-content\/uploads\/Tuong-Phat-Nghe-Thuat-Trang-Tri-But-Chi-Mau-Mot-Mat-6-360x240.jpg\" class=\"show-on-hover absolute fill hide-for-small back-image\" alt=\"T\u01b0\u1ee3ng Ph\u1eadt Ngh\u1ec7 Thu\u1eadt Trang Tr\u00ed B\u00fat Ch\u00ec M\u00e0u M\u1ed9t M\u1eb7t (6)\" \/><img loading=\"lazy\" decoding=\"async\" width=\"360\" height=\"240\" src=\"https:\/\/www.henryledesign.com\/vi\/wp-content\/uploads\/Tuong-Phat-Nghe-Thuat-Trang-Tri-But-Chi-Mau-Mot-Mat-5-360x240.jpg\" class=\"attachment-woocommerce_thumbnail size-woocommerce_thumbnail\" alt=\"T\u01b0\u1ee3ng Ph\u1eadt Ngh\u1ec7 Thu\u1eadt Trang Tr\u00ed B\u00fat Ch\u00ec M\u00e0u M\u1ed9t M\u1eb7t (5)\" \/>\t\t\t\t\t\t\t\t\t<\/a>\n\t\t\t\t\t\t\t\t\t\t\t\t\t\t\t\t\t\t \t\t\t\t\t\t\t\t<\/div>\n\t\t\t\t\t\t\t\t<div class=\"image-tools top right show-on-hover\">\n\t\t\t\t\t\t\t\t\t\t\t\t\t\t\t\t\t<\/div>\n\t\t\t\t\t\t\t\t\t\t\t\t\t\t\t\t\t<div class=\"image-tools grid-tools text-center hide-for-small bottom hover-slide-in show-on-hover\">\n\t\t\t\t\t\t\t\t\t\t  <a class=\"quick-view\" data-prod=\"14278\" href=\"#quick-view\">Quick View<\/a>\t\t\t\t\t\t\t\t\t<\/div>\n\t\t\t\t\t\t\t\t\t\t\t\t\t\t\t\t\t\t\t\t\t\t\t<\/div>\n\n\t\t\t\t\t\t\t<div class=\"box-text text-center\" >\n\t\t\t\t\t\t\t\t<div class=\"title-wrapper\">\t\t<p class=\"category uppercase is-smaller no-text-overflow product-cat op-7\">\n\t\t\tQu\u00e0 T\u1eb7ng Decor\t\t<\/p>\n\t<\/div><div class=\"price-wrapper\"><\/div>\t\t\t\t\t\t\t<\/div>\n\t\t\t\t\t\t<\/div>\n\t\t\t\t\t\t<\/div>\n\t\t\t\t\t<\/div><\/div>\n\n\n\t\t<\/div>\n\n\t\t\n<style>\n#section_835882097 {\n  padding-top: 30px;\n  padding-bottom: 30px;\n  background-color: rgb(0,0,0);\n}\n#section_835882097 .ux-shape-divider--top svg {\n  height: 150px;\n  --divider-top-width: 100%;\n}\n#section_835882097 .ux-shape-divider--bottom svg {\n  height: 150px;\n  --divider-width: 100%;\n}\n@media (min-width:550px) {\n  #section_835882097 {\n    padding-top: 30px;\n    padding-bottom: 30px;\n  }\n}\n<\/style>\n\t<\/section>\n\t\n","protected":false},"excerpt":{"rendered":"V\u1ec1 T\u01b0\u1ee3ng Ph\u1eadt Trang Tr\u00ed B\u00fat Ch\u00ec M\u00e0u T\u01b0\u1ee3ng Ph\u1eadt ngh\u1ec7 thu\u1eadt, t\u01b0\u01a1i s\u00e1ng nh\u01b0 b\u00f4ng hoa khoe s\u1eafc t\u1eeb b\u00fat ch\u00ec m\u00e0u, g\u1eedi g\u1eafm m\u1ed9t huy\u1ec1n di\u1ec7u cu\u1ed1n h\u00fat, \u0111\u1eafm ch\u00ecm trong v\u1ebb \u0111\u1eb9p tinh tuy\u1ec1n c\u1ee7a l\u00f2ng t\u1eeb bi v\u00e0 khai s\u00e1ng t\u00e2m h\u1ed3n. C\u00e1nh tay t\u00e0i hoa c\u1ee7a ngh\u1ec7 nh\u00e2n \u0111\u00e3 th\u00eau [...]","protected":false},"author":1,"featured_media":0,"parent":0,"menu_order":0,"comment_status":"closed","ping_status":"closed","template":"","meta":{"footnotes":""},"class_list":["post-14565","page","type-page","status-publish","hentry"],"yoast_head":"<!-- This site is optimized with the Yoast SEO plugin v19.8 - https:\/\/yoast.com\/wordpress\/plugins\/seo\/ -->\n<title>T\u01b0\u1ee3ng Ph\u1eadt Trang Tr\u00ed - Henry Le Design<\/title>\n<meta name=\"robots\" content=\"index, follow, max-snippet:-1, max-image-preview:large, max-video-preview:-1\" \/>\n<link rel=\"canonical\" href=\"https:\/\/www.henryledesign.com\/vi\/tuong-phat-trang-tri\/\" \/>\n<meta property=\"og:locale\" content=\"vi_VN\" \/>\n<meta property=\"og:type\" content=\"article\" \/>\n<meta property=\"og:title\" content=\"T\u01b0\u1ee3ng Ph\u1eadt Trang Tr\u00ed - Henry Le Design\" \/>\n<meta property=\"og:url\" content=\"https:\/\/www.henryledesign.com\/vi\/tuong-phat-trang-tri\/\" \/>\n<meta property=\"og:site_name\" content=\"Henry Le Design\" \/>\n<meta property=\"article:modified_time\" content=\"2025-03-31T08:09:25+00:00\" \/>\n<meta property=\"og:image\" content=\"https:\/\/www.henryledesign.com\/vi\/wp-content\/uploads\/Tuong-Phat-Nghe-Thuat-Trang-Tri-But-Chi-Mau-Hai-Mat-3-360x240.jpg\" \/>\n<meta name=\"twitter:card\" content=\"summary_large_image\" \/>\n<script type=\"application\/ld+json\" class=\"yoast-schema-graph\">{\"@context\":\"https:\/\/schema.org\",\"@graph\":[{\"@type\":\"WebPage\",\"@id\":\"https:\/\/www.henryledesign.com\/vi\/tuong-phat-trang-tri\/\",\"url\":\"https:\/\/www.henryledesign.com\/vi\/tuong-phat-trang-tri\/\",\"name\":\"T\u01b0\u1ee3ng Ph\u1eadt Trang Tr\u00ed - Henry Le Design\",\"isPartOf\":{\"@id\":\"https:\/\/www.henryledesign.com\/vi\/#website\"},\"datePublished\":\"2023-08-28T08:05:10+00:00\",\"dateModified\":\"2025-03-31T08:09:25+00:00\",\"breadcrumb\":{\"@id\":\"https:\/\/www.henryledesign.com\/vi\/tuong-phat-trang-tri\/#breadcrumb\"},\"inLanguage\":\"vi\",\"potentialAction\":[{\"@type\":\"ReadAction\",\"target\":[\"https:\/\/www.henryledesign.com\/vi\/tuong-phat-trang-tri\/\"]}]},{\"@type\":\"BreadcrumbList\",\"@id\":\"https:\/\/www.henryledesign.com\/vi\/tuong-phat-trang-tri\/#breadcrumb\",\"itemListElement\":[{\"@type\":\"ListItem\",\"position\":1,\"name\":\"Home\",\"item\":\"https:\/\/www.henryledesign.com\/vi\/\"},{\"@type\":\"ListItem\",\"position\":2,\"name\":\"T\u01b0\u1ee3ng Ph\u1eadt Trang Tr\u00ed\"}]},{\"@type\":\"WebSite\",\"@id\":\"https:\/\/www.henryledesign.com\/vi\/#website\",\"url\":\"https:\/\/www.henryledesign.com\/vi\/\",\"name\":\"Henry Le Design\",\"description\":\"N\u1ed9i Th\u1ea5t Decor S\u00e1ng T\u1ea1o - Qu\u00e0 T\u1eb7ng Doanh Nghi\u1ec7p Doanh Nh\u00e2n \u0110\u1ed9c \u0110\u00e1o\",\"potentialAction\":[{\"@type\":\"SearchAction\",\"target\":{\"@type\":\"EntryPoint\",\"urlTemplate\":\"https:\/\/www.henryledesign.com\/vi\/?s={search_term_string}\"},\"query-input\":\"required name=search_term_string\"}],\"inLanguage\":\"vi\"}]}<\/script>\n<!-- \/ Yoast SEO plugin. -->","yoast_head_json":{"title":"T\u01b0\u1ee3ng Ph\u1eadt Trang Tr\u00ed - Henry Le Design","robots":{"index":"index","follow":"follow","max-snippet":"max-snippet:-1","max-image-preview":"max-image-preview:large","max-video-preview":"max-video-preview:-1"},"canonical":"https:\/\/www.henryledesign.com\/vi\/tuong-phat-trang-tri\/","og_locale":"vi_VN","og_type":"article","og_title":"T\u01b0\u1ee3ng Ph\u1eadt Trang Tr\u00ed - Henry Le Design","og_url":"https:\/\/www.henryledesign.com\/vi\/tuong-phat-trang-tri\/","og_site_name":"Henry Le Design","article_modified_time":"2025-03-31T08:09:25+00:00","og_image":[{"url":"https:\/\/www.henryledesign.com\/vi\/wp-content\/uploads\/Tuong-Phat-Nghe-Thuat-Trang-Tri-But-Chi-Mau-Hai-Mat-3-360x240.jpg"}],"twitter_card":"summary_large_image","schema":{"@context":"https:\/\/schema.org","@graph":[{"@type":"WebPage","@id":"https:\/\/www.henryledesign.com\/vi\/tuong-phat-trang-tri\/","url":"https:\/\/www.henryledesign.com\/vi\/tuong-phat-trang-tri\/","name":"T\u01b0\u1ee3ng Ph\u1eadt Trang Tr\u00ed - Henry Le Design","isPartOf":{"@id":"https:\/\/www.henryledesign.com\/vi\/#website"},"datePublished":"2023-08-28T08:05:10+00:00","dateModified":"2025-03-31T08:09:25+00:00","breadcrumb":{"@id":"https:\/\/www.henryledesign.com\/vi\/tuong-phat-trang-tri\/#breadcrumb"},"inLanguage":"vi","potentialAction":[{"@type":"ReadAction","target":["https:\/\/www.henryledesign.com\/vi\/tuong-phat-trang-tri\/"]}]},{"@type":"BreadcrumbList","@id":"https:\/\/www.henryledesign.com\/vi\/tuong-phat-trang-tri\/#breadcrumb","itemListElement":[{"@type":"ListItem","position":1,"name":"Home","item":"https:\/\/www.henryledesign.com\/vi\/"},{"@type":"ListItem","position":2,"name":"T\u01b0\u1ee3ng Ph\u1eadt Trang Tr\u00ed"}]},{"@type":"WebSite","@id":"https:\/\/www.henryledesign.com\/vi\/#website","url":"https:\/\/www.henryledesign.com\/vi\/","name":"Henry Le Design","description":"N\u1ed9i Th\u1ea5t Decor S\u00e1ng T\u1ea1o - Qu\u00e0 T\u1eb7ng Doanh Nghi\u1ec7p Doanh Nh\u00e2n \u0110\u1ed9c \u0110\u00e1o","potentialAction":[{"@type":"SearchAction","target":{"@type":"EntryPoint","urlTemplate":"https:\/\/www.henryledesign.com\/vi\/?s={search_term_string}"},"query-input":"required name=search_term_string"}],"inLanguage":"vi"}]}},"_links":{"self":[{"href":"https:\/\/www.henryledesign.com\/vi\/wp-json\/wp\/v2\/pages\/14565","targetHints":{"allow":["GET"]}}],"collection":[{"href":"https:\/\/www.henryledesign.com\/vi\/wp-json\/wp\/v2\/pages"}],"about":[{"href":"https:\/\/www.henryledesign.com\/vi\/wp-json\/wp\/v2\/types\/page"}],"author":[{"embeddable":true,"href":"https:\/\/www.henryledesign.com\/vi\/wp-json\/wp\/v2\/users\/1"}],"replies":[{"embeddable":true,"href":"https:\/\/www.henryledesign.com\/vi\/wp-json\/wp\/v2\/comments?post=14565"}],"version-history":[{"count":3,"href":"https:\/\/www.henryledesign.com\/vi\/wp-json\/wp\/v2\/pages\/14565\/revisions"}],"predecessor-version":[{"id":15235,"href":"https:\/\/www.henryledesign.com\/vi\/wp-json\/wp\/v2\/pages\/14565\/revisions\/15235"}],"wp:attachment":[{"href":"https:\/\/www.henryledesign.com\/vi\/wp-json\/wp\/v2\/media?parent=14565"}],"curies":[{"name":"wp","href":"https:\/\/api.w.org\/{rel}","templated":true}]}}